{"id":3848,"date":"2022-10-06T16:51:55","date_gmt":"2022-10-06T13:51:55","guid":{"rendered":"https:\/\/insize.com.tr\/?post_type=product&#038;p=3848"},"modified":"2026-04-20T16:55:48","modified_gmt":"2026-04-20T13:55:48","slug":"insize-6539-manyetik-kare-v-blok","status":"publish","type":"product","link":"https:\/\/insize.com.tr\/en\/product\/insize-6539-manyetik-kare-v-blok\/","title":{"rendered":"Insize 6539 Manyetik Kare V-Blok"},"content":{"rendered":"","protected":false},"excerpt":{"rendered":"<ul>\n<li>Kontrol ve i\u015flem i\u00e7in d\u00fcz ve silindirik i\u015f par\u00e7alar\u0131n\u0131 sabitler<\/li>\n<li>\u00dcst, sol, sa\u011f ve V blo\u011funda manyetik kuvvet<\/li>\n<li>\u00dcst, alt, sol, sa\u011f ve arka paralellik ve karelik: 20\u03bcm<\/li>\n<li>V blo\u011funun yukar\u0131, a\u015fa\u011f\u0131, sola, sa\u011fa ve arkaya paralelli\u011fi ve kareli\u011fi: 20\u03bcm<\/li>\n<li><a href=\"https:\/\/insize.com.tr\/wp-content\/uploads\/2022\/08\/6539.pdf\">Pdf i\u00e7in t\u0131klay\u0131n\u0131z.<\/a><\/li>\n<li><a href=\"https:\/\/insize.com.tr\/wp-content\/uploads\/2026\/03\/6539-E-V1.pdf\"><strong>Kullan\u0131m K\u0131lavuzu<\/strong><\/a><\/li>\n<\/ul>","protected":false},"featured_media":3878,"comment_status":"open","ping_status":"closed","template":"","meta":{"inline_featured_image":false},"product_brand":[],"product_cat":[556,18],"product_tag":[],"class_list":{"0":"post-3848","1":"product","2":"type-product","3":"status-publish","4":"has-post-thumbnail","6":"product_cat-blok-setler","7":"product_cat-mengeneler","9":"first","10":"instock","11":"shipping-taxable","12":"purchasable","13":"product-type-simple"},"_links":{"self":[{"href":"https:\/\/insize.com.tr\/en\/wp-json\/wp\/v2\/product\/3848","targetHints":{"allow":["GET"]}}],"collection":[{"href":"https:\/\/insize.com.tr\/en\/wp-json\/wp\/v2\/product"}],"about":[{"href":"https:\/\/insize.com.tr\/en\/wp-json\/wp\/v2\/types\/product"}],"replies":[{"embeddable":true,"href":"https:\/\/insize.com.tr\/en\/wp-json\/wp\/v2\/comments?post=3848"}],"wp:featuredmedia":[{"embeddable":true,"href":"https:\/\/insize.com.tr\/en\/wp-json\/wp\/v2\/media\/3878"}],"wp:attachment":[{"href":"https:\/\/insize.com.tr\/en\/wp-json\/wp\/v2\/media?parent=3848"}],"wp:term":[{"taxonomy":"product_brand","embeddable":true,"href":"https:\/\/insize.com.tr\/en\/wp-json\/wp\/v2\/product_brand?post=3848"},{"taxonomy":"product_cat","embeddable":true,"href":"https:\/\/insize.com.tr\/en\/wp-json\/wp\/v2\/product_cat?post=3848"},{"taxonomy":"product_tag","embeddable":true,"href":"https:\/\/insize.com.tr\/en\/wp-json\/wp\/v2\/product_tag?post=3848"}],"curies":[{"name":"wp","href":"https:\/\/api.w.org\/{rel}","templated":true}]}}