{"id":3947,"date":"2022-10-06T16:52:04","date_gmt":"2022-10-06T13:52:04","guid":{"rendered":"https:\/\/insize.com.tr\/?post_type=product&#038;p=3947"},"modified":"2026-03-04T14:41:54","modified_gmt":"2026-03-04T11:41:54","slug":"insize-ism-stereo-zoom-mikroskop-standart-tip","status":"publish","type":"product","link":"https:\/\/insize.com.tr\/en\/product\/insize-ism-stereo-zoom-mikroskop-standart-tip\/","title":{"rendered":"Insize ISM-ZS50\/ZS50T Stereo Zoom Mikroskop (Standart Tip)"},"content":{"rendered":"<p style=\"text-align: center;\"><iframe loading=\"lazy\" title=\"ISM ZS50 Stereo Zoom Mikroskop (Standart Model)\" src=\"https:\/\/www.youtube.com\/embed\/b0JFV6ZIEeM\" width=\"853\" height=\"480\" frameborder=\"0\" allowfullscreen=\"allowfullscreen\"><\/iframe><\/p>","protected":false},"excerpt":{"rendered":"<ul>\n<li>Tabla \u00e7al\u0131\u015fma \u00e7ap\u0131:100 mm<\/li>\n<li>Ge\u00e7i\u015f Led \u0131\u015f\u0131k ayar\u0131<\/li>\n<li>Objektif b\u00fcy\u00fctme ayar\u0131<\/li>\n<li>0,5X yard\u0131mc\u0131 objektifi, ISM-ZS30-ADAPTER k\u0131l\u0131f\u0131 ile kullan\u0131lmal\u0131d\u0131r.<\/li>\n<li>Dijital kamera 0,5X kamera adapt\u00f6r\u00fc ile kullan\u0131lmal\u0131d\u0131r.<\/li>\n<li><strong><a href=\"https:\/\/insize.com.tr\/wp-content\/uploads\/2022\/08\/ISM-ZS50.pdf\">Pdf i\u00e7in t\u0131klay\u0131n\u0131z.<\/a><\/strong><\/li>\n<li><a href=\"https:\/\/insize.com.tr\/wp-content\/uploads\/2026\/03\/ISM-ZS50-E-V1.pdf\"><strong>Kullan\u0131m K\u0131lavuzu<\/strong><\/a><\/li>\n<\/ul>","protected":false},"featured_media":3977,"comment_status":"open","ping_status":"closed","template":"","meta":{"inline_featured_image":false},"product_brand":[],"product_cat":[15],"product_tag":[],"class_list":{"0":"post-3947","1":"product","2":"type-product","3":"status-publish","4":"has-post-thumbnail","6":"product_cat-yeni-urunler","8":"first","9":"instock","10":"shipping-taxable","11":"purchasable","12":"product-type-simple"},"_links":{"self":[{"href":"https:\/\/insize.com.tr\/en\/wp-json\/wp\/v2\/product\/3947","targetHints":{"allow":["GET"]}}],"collection":[{"href":"https:\/\/insize.com.tr\/en\/wp-json\/wp\/v2\/product"}],"about":[{"href":"https:\/\/insize.com.tr\/en\/wp-json\/wp\/v2\/types\/product"}],"replies":[{"embeddable":true,"href":"https:\/\/insize.com.tr\/en\/wp-json\/wp\/v2\/comments?post=3947"}],"wp:featuredmedia":[{"embeddable":true,"href":"https:\/\/insize.com.tr\/en\/wp-json\/wp\/v2\/media\/3977"}],"wp:attachment":[{"href":"https:\/\/insize.com.tr\/en\/wp-json\/wp\/v2\/media?parent=3947"}],"wp:term":[{"taxonomy":"product_brand","embeddable":true,"href":"https:\/\/insize.com.tr\/en\/wp-json\/wp\/v2\/product_brand?post=3947"},{"taxonomy":"product_cat","embeddable":true,"href":"https:\/\/insize.com.tr\/en\/wp-json\/wp\/v2\/product_cat?post=3947"},{"taxonomy":"product_tag","embeddable":true,"href":"https:\/\/insize.com.tr\/en\/wp-json\/wp\/v2\/product_tag?post=3947"}],"curies":[{"name":"wp","href":"https:\/\/api.w.org\/{rel}","templated":true}]}}