{"id":3953,"date":"2022-10-06T16:52:04","date_gmt":"2022-10-06T13:52:04","guid":{"rendered":"https:\/\/insize.com.tr\/?post_type=product&#038;p=3953"},"modified":"2026-03-04T14:41:58","modified_gmt":"2026-03-04T11:41:58","slug":"insize-ism-cm20-mikroskop-icin-dijital-kamera","status":"publish","type":"product","link":"https:\/\/insize.com.tr\/en\/product\/insize-ism-cm20-mikroskop-icin-dijital-kamera\/","title":{"rendered":"Insize ISM-CM20 Mikroskop \u0130\u00e7in Dijital Kamera"},"content":{"rendered":"","protected":false},"excerpt":{"rendered":"<ul>\n<li>1080P y\u00fcksek \u00e7\u00f6z\u00fcn\u00fcrl\u00fckl\u00fc g\u00f6r\u00fcnt\u00fc<\/li>\n<li>Ekran ya da bilgisayar ile ba\u011flan\u0131r<\/li>\n<li>Dahili kolay \u00f6l\u00e7\u00fcm yaz\u0131l\u0131m\u0131, bilgisayars\u0131z<\/li>\n<li>Bilgisayarlar i\u00e7in profesyonel \u00f6l\u00e7\u00fcm yaz\u0131l\u0131m\u0131 dahildir<\/li>\n<li>A\u00e7\u0131k\/kapal\u0131 ve florasanl\u0131 alan i\u00e7in<\/li>\n<li>Otomatik pozlama ve beyaz denge ve kazan\u0131m ayar\u0131 gama d\u00fczeltme, parlakl\u0131k kontrast ayar\u0131, doygunluk ayar\u0131, renk keskinli\u011fi ayar\u0131<\/li>\n<li>Odak istifleme, otomatik g\u00f6r\u00fcnt\u00fc<\/li>\n<li><a href=\"https:\/\/insize.com.tr\/wp-content\/uploads\/2026\/02\/ISM-CM20.pdf\">Pdf i\u00e7in t\u0131klay\u0131n\u0131z.<\/a><\/li>\n<li><a href=\"https:\/\/insize.com.tr\/wp-content\/uploads\/2026\/03\/ISM-PRO-E-V2.pdf\"><strong>Kullan\u0131m K\u0131lavuzu<\/strong><\/a><\/li>\n<\/ul>\n<p><strong>Dikkat:\u00a0<\/strong>Mikroskobun t\u00fcr\u00fcne g\u00f6re adapt\u00f6r gereklidir<\/p>","protected":false},"featured_media":3983,"comment_status":"open","ping_status":"closed","template":"","meta":{"inline_featured_image":false},"product_brand":[],"product_cat":[15,39],"product_tag":[],"class_list":{"0":"post-3953","1":"product","2":"type-product","3":"status-publish","4":"has-post-thumbnail","6":"product_cat-yeni-urunler","7":"product_cat-mikroskop-ve-buyutec","9":"first","10":"instock","11":"shipping-taxable","12":"purchasable","13":"product-type-simple"},"_links":{"self":[{"href":"https:\/\/insize.com.tr\/en\/wp-json\/wp\/v2\/product\/3953","targetHints":{"allow":["GET"]}}],"collection":[{"href":"https:\/\/insize.com.tr\/en\/wp-json\/wp\/v2\/product"}],"about":[{"href":"https:\/\/insize.com.tr\/en\/wp-json\/wp\/v2\/types\/product"}],"replies":[{"embeddable":true,"href":"https:\/\/insize.com.tr\/en\/wp-json\/wp\/v2\/comments?post=3953"}],"wp:featuredmedia":[{"embeddable":true,"href":"https:\/\/insize.com.tr\/en\/wp-json\/wp\/v2\/media\/3983"}],"wp:attachment":[{"href":"https:\/\/insize.com.tr\/en\/wp-json\/wp\/v2\/media?parent=3953"}],"wp:term":[{"taxonomy":"product_brand","embeddable":true,"href":"https:\/\/insize.com.tr\/en\/wp-json\/wp\/v2\/product_brand?post=3953"},{"taxonomy":"product_cat","embeddable":true,"href":"https:\/\/insize.com.tr\/en\/wp-json\/wp\/v2\/product_cat?post=3953"},{"taxonomy":"product_tag","embeddable":true,"href":"https:\/\/insize.com.tr\/en\/wp-json\/wp\/v2\/product_tag?post=3953"}],"curies":[{"name":"wp","href":"https:\/\/api.w.org\/{rel}","templated":true}]}}