{"id":3954,"date":"2022-10-06T16:52:04","date_gmt":"2022-10-06T13:52:04","guid":{"rendered":"https:\/\/insize.com.tr\/?post_type=product&#038;p=3954"},"modified":"2026-03-04T14:42:00","modified_gmt":"2026-03-04T11:42:00","slug":"insize-ism-mas100-metalurjik-analiz-yazilimi-ve-kamera","status":"publish","type":"product","link":"https:\/\/insize.com.tr\/en\/product\/insize-ism-mas100-metalurjik-analiz-yazilimi-ve-kamera\/","title":{"rendered":"Insize ISM-MAS100 Metalurjik Analiz Yaz\u0131l\u0131m\u0131 ve Kamera"},"content":{"rendered":"<ul>\n<li>ISO, ASTM, JIS, vb g\u00f6re 100 den fazla malzeme analizi yap\u0131labilir.<\/li>\n<li>T\u00fcm Metalurjik mikroskoplar i\u00e7in uyumlu kamera giri\u015fi.<\/li>\n<li>H\u0131zl\u0131 ve pratik metalurjik analiz yap\u0131labilir raporlanabilir<\/li>\n<li>Programa entegre \u00f6l\u00e7\u00fcm ekran\u0131 ile boyutsal \u00f6l\u00e7\u00fcmler yap\u0131labilir,<\/li>\n<li>Cetvel yard\u0131m\u0131 ile kalibrasyon ve do\u011frulama yap\u0131labilir<\/li>\n<li>Farkl\u0131 y\u00fckseklikteki y\u00fczeyler ar\u0131nda odak istifleme ile tek ve net g\u00f6r\u00fcnt\u00fc elde edilebilir<\/li>\n<li>\u00dc\u00e7 boyutlu topo\u011frafik haritas\u0131 olu\u015fturulabilir<\/li>\n<li>Kameran\u0131n g\u00f6r\u00fc\u015f alan\u0131ndaki resimler ayr\u0131 olarak resim \u00e7ekilip tek bir resim olarak birle\u015ftirilebilir.<\/li>\n<\/ul>\n<p>[block id=&#8221;ism-mas100&#8243;]<\/p>\n","protected":false},"excerpt":{"rendered":"<ul>\n<li>100\u2019den fazla standart (ISO, ASTM, JIS, vb.)<\/li>\n<li>Metalurjik mikroskoplar i\u00e7in<\/li>\n<li>Kamera, mercek t\u00fcp\u00fcne veya mikroskoplar\u0131n kamera konekt\u00f6r\u00fcne yerle\u015ftirilebilir<\/li>\n<li>\u00c7e\u015fitli malzemelerin kar\u015f\u0131la\u015ft\u0131rmal\u0131 analiz, \u00f6l\u00e7\u00fcm ve de\u011ferlendirmesini yapabilen metalurjik analiz yaz\u0131l\u0131m\u0131 dahildir<\/li>\n<li><a href=\"https:\/\/insize.com.tr\/wp-content\/uploads\/2026\/02\/ISM-MAS100.pdf\">Pdf i\u00e7in t\u0131klay\u0131n\u0131z.<\/a><\/li>\n<li><a href=\"https:\/\/insize.com.tr\/wp-content\/uploads\/2026\/03\/ISM-MAS100-E-V0.pdf\"><strong>Kullan\u0131m K\u0131lavuzu<\/strong><\/a><\/li>\n<\/ul>\n<p>[block id=&#8221;ism-mas100&#8243;]<\/p>\n","protected":false},"featured_media":3984,"comment_status":"open","ping_status":"closed","template":"","meta":{"inline_featured_image":false},"product_brand":[],"product_cat":[15,39],"product_tag":[],"class_list":{"0":"post-3954","1":"product","2":"type-product","3":"status-publish","4":"has-post-thumbnail","6":"product_cat-yeni-urunler","7":"product_cat-mikroskop-ve-buyutec","9":"first","10":"instock","11":"shipping-taxable","12":"purchasable","13":"product-type-simple"},"_links":{"self":[{"href":"https:\/\/insize.com.tr\/en\/wp-json\/wp\/v2\/product\/3954","targetHints":{"allow":["GET"]}}],"collection":[{"href":"https:\/\/insize.com.tr\/en\/wp-json\/wp\/v2\/product"}],"about":[{"href":"https:\/\/insize.com.tr\/en\/wp-json\/wp\/v2\/types\/product"}],"replies":[{"embeddable":true,"href":"https:\/\/insize.com.tr\/en\/wp-json\/wp\/v2\/comments?post=3954"}],"wp:featuredmedia":[{"embeddable":true,"href":"https:\/\/insize.com.tr\/en\/wp-json\/wp\/v2\/media\/3984"}],"wp:attachment":[{"href":"https:\/\/insize.com.tr\/en\/wp-json\/wp\/v2\/media?parent=3954"}],"wp:term":[{"taxonomy":"product_brand","embeddable":true,"href":"https:\/\/insize.com.tr\/en\/wp-json\/wp\/v2\/product_brand?post=3954"},{"taxonomy":"product_cat","embeddable":true,"href":"https:\/\/insize.com.tr\/en\/wp-json\/wp\/v2\/product_cat?post=3954"},{"taxonomy":"product_tag","embeddable":true,"href":"https:\/\/insize.com.tr\/en\/wp-json\/wp\/v2\/product_tag?post=3954"}],"curies":[{"name":"wp","href":"https:\/\/api.w.org\/{rel}","templated":true}]}}