{"id":3969,"date":"2022-10-06T16:52:05","date_gmt":"2022-10-06T13:52:05","guid":{"rendered":"https:\/\/insize.com.tr\/?post_type=product&#038;p=3969"},"modified":"2026-04-20T16:55:50","modified_gmt":"2026-04-20T13:55:50","slug":"insize-isv-2cam-kamera-ekranli","status":"publish","type":"product","link":"https:\/\/insize.com.tr\/en\/product\/insize-isv-2cam-kamera-ekranli\/","title":{"rendered":"Insize ISV-2CAM Kamera (Ekranl\u0131)"},"content":{"rendered":"","protected":false},"excerpt":{"rendered":"<ul>\n<li>B\u00fck\u00fclmez boroskop i\u00e7in<\/li>\n<li>1080P y\u00fcksek \u00e7\u00f6z\u00fcn\u00fcrl\u00fck g\u00f6r\u00fcnt\u00fc<\/li>\n<li>Oto-fokus kamera<\/li>\n<li>Resim ve video \u00e7ekip haf\u0131za kart\u0131na kaydedilir<\/li>\n<li>Otomatik beyaz dengesi ve \u0131\u015f\u0131kland\u0131rma<\/li>\n<li>Parlakl\u0131k, kontrast ayarr, ilerleme ayarlanabilir<\/li>\n<li><a href=\"https:\/\/insize.com.tr\/wp-content\/uploads\/2026\/02\/ISV-2CAM.pdf\">Pdf i\u00e7in t\u0131klay\u0131n\u0131z.<\/a><\/li>\n<li><a href=\"https:\/\/insize.com.tr\/wp-content\/uploads\/2026\/03\/ISV-J-E-V0.pdf\"><strong>Kullan\u0131m K\u0131lavuzu<\/strong><\/a><\/li>\n<\/ul>","protected":false},"featured_media":3999,"comment_status":"open","ping_status":"closed","template":"","meta":{"inline_featured_image":false},"product_brand":[],"product_cat":[39,33],"product_tag":[],"class_list":{"0":"post-3969","1":"product","2":"type-product","3":"status-publish","4":"has-post-thumbnail","6":"product_cat-mikroskop-ve-buyutec","7":"product_cat-videoskoplar-sabit-boroskoplar","9":"first","10":"instock","11":"shipping-taxable","12":"purchasable","13":"product-type-simple"},"_links":{"self":[{"href":"https:\/\/insize.com.tr\/en\/wp-json\/wp\/v2\/product\/3969","targetHints":{"allow":["GET"]}}],"collection":[{"href":"https:\/\/insize.com.tr\/en\/wp-json\/wp\/v2\/product"}],"about":[{"href":"https:\/\/insize.com.tr\/en\/wp-json\/wp\/v2\/types\/product"}],"replies":[{"embeddable":true,"href":"https:\/\/insize.com.tr\/en\/wp-json\/wp\/v2\/comments?post=3969"}],"wp:featuredmedia":[{"embeddable":true,"href":"https:\/\/insize.com.tr\/en\/wp-json\/wp\/v2\/media\/3999"}],"wp:attachment":[{"href":"https:\/\/insize.com.tr\/en\/wp-json\/wp\/v2\/media?parent=3969"}],"wp:term":[{"taxonomy":"product_brand","embeddable":true,"href":"https:\/\/insize.com.tr\/en\/wp-json\/wp\/v2\/product_brand?post=3969"},{"taxonomy":"product_cat","embeddable":true,"href":"https:\/\/insize.com.tr\/en\/wp-json\/wp\/v2\/product_cat?post=3969"},{"taxonomy":"product_tag","embeddable":true,"href":"https:\/\/insize.com.tr\/en\/wp-json\/wp\/v2\/product_tag?post=3969"}],"curies":[{"name":"wp","href":"https:\/\/api.w.org\/{rel}","templated":true}]}}