{"id":4007,"date":"2022-10-06T16:52:09","date_gmt":"2022-10-06T13:52:09","guid":{"rendered":"https:\/\/insize.com.tr\/?post_type=product&#038;p=4007"},"modified":"2026-03-04T14:42:16","modified_gmt":"2026-03-04T11:42:16","slug":"insize-9361-t65-termohigrometre","status":"publish","type":"product","link":"https:\/\/insize.com.tr\/en\/product\/insize-9361-t65-termohigrometre\/","title":{"rendered":"Insize 9361-T65 Termohigrometre"},"content":{"rendered":"<p>Havadaki veya farkl\u0131 ortamlardaki nemi, \u00e7i\u011f noktas\u0131n\u0131\u00a0 hem de hava s\u0131cakl\u0131\u011f\u0131n\u0131 \u00f6l\u00e7en bir \u00f6l\u00e7\u00fcm cihaz\u0131d\u0131r.<\/p>\n<p>99 adet \u00f6l\u00e7\u00fcm sonucu haf\u0131zaya kaydedilebilir.<\/p>","protected":false},"excerpt":{"rendered":"<ul>\n<li>Nemi, ortam s\u0131cakl\u0131\u011f\u0131n\u0131, \u00e7iy noktas\u0131 s\u0131cakl\u0131\u011f\u0131n\u0131 ve \u0131slak hazne s\u0131cakl\u0131\u011f\u0131n\u0131 \u00f6l\u00e7er<\/li>\n<li>Min\/Maks\/Ortalama, Veri tutma i\u015flevi<\/li>\n<li>Ekran arka \u0131\u015f\u0131\u011f\u0131<\/li>\n<li>Otomatik kapanma<\/li>\n<li><a href=\"https:\/\/insize.com.tr\/wp-content\/uploads\/2022\/08\/9361.pdf\">Pdf i\u00e7in t\u0131klay\u0131n\u0131z.<\/a><\/li>\n<\/ul>","protected":false},"featured_media":4037,"comment_status":"open","ping_status":"closed","template":"","meta":{"inline_featured_image":false},"product_brand":[],"product_cat":[34,56],"product_tag":[],"class_list":{"0":"post-4007","1":"product","2":"type-product","3":"status-publish","4":"has-post-thumbnail","6":"product_cat-tasinabilir-cihazlar","7":"product_cat-sicaklik-ve-nem-olcer","9":"first","10":"instock","11":"shipping-taxable","12":"purchasable","13":"product-type-simple"},"_links":{"self":[{"href":"https:\/\/insize.com.tr\/en\/wp-json\/wp\/v2\/product\/4007","targetHints":{"allow":["GET"]}}],"collection":[{"href":"https:\/\/insize.com.tr\/en\/wp-json\/wp\/v2\/product"}],"about":[{"href":"https:\/\/insize.com.tr\/en\/wp-json\/wp\/v2\/types\/product"}],"replies":[{"embeddable":true,"href":"https:\/\/insize.com.tr\/en\/wp-json\/wp\/v2\/comments?post=4007"}],"wp:featuredmedia":[{"embeddable":true,"href":"https:\/\/insize.com.tr\/en\/wp-json\/wp\/v2\/media\/4037"}],"wp:attachment":[{"href":"https:\/\/insize.com.tr\/en\/wp-json\/wp\/v2\/media?parent=4007"}],"wp:term":[{"taxonomy":"product_brand","embeddable":true,"href":"https:\/\/insize.com.tr\/en\/wp-json\/wp\/v2\/product_brand?post=4007"},{"taxonomy":"product_cat","embeddable":true,"href":"https:\/\/insize.com.tr\/en\/wp-json\/wp\/v2\/product_cat?post=4007"},{"taxonomy":"product_tag","embeddable":true,"href":"https:\/\/insize.com.tr\/en\/wp-json\/wp\/v2\/product_tag?post=4007"}],"curies":[{"name":"wp","href":"https:\/\/api.w.org\/{rel}","templated":true}]}}