{"id":4008,"date":"2022-10-06T16:52:09","date_gmt":"2022-10-06T13:52:09","guid":{"rendered":"https:\/\/insize.com.tr\/?post_type=product&#038;p=4008"},"modified":"2026-04-20T16:55:51","modified_gmt":"2026-04-20T13:55:51","slug":"insize-9371-l110-aydinlik-olcer","status":"publish","type":"product","link":"https:\/\/insize.com.tr\/en\/product\/insize-9371-l110-aydinlik-olcer\/","title":{"rendered":"Insize 9371-L110 Ayd\u0131nl\u0131k \u00d6l\u00e7er"},"content":{"rendered":"<p><strong>Insize 9371-L110 Ayd\u0131nl\u0131k \u00d6l\u00e7er<\/strong><\/p>\n<p>Floresan lambalar, metal halide lambalar, y\u00fcksek gerilimli sodyum lambalar veya akkor lambalardan yay\u0131lan g\u00f6r\u00fcn\u00fcr \u0131\u015f\u0131k \u015fiddeti \u00f6l\u00e7\u00fcl\u00fcr<\/p>\n<p>I\u015f\u0131\u011f\u0131n \u015fiddetinin \u00f6l\u00e7\u00fclmek istendi\u011fi t\u00fcm sanayi, \u00fcretim, laboratuvar gibi alanlarda kullan\u0131ma uygundur.<\/p>","protected":false},"excerpt":{"rendered":"<ul>\n<li>Floresan lambalar, metal halide lambalar, y\u00fcksek gerilimli sodyum lambalar veya akkor lambalardan yay\u0131lan g\u00f6r\u00fcn\u00fcr \u0131\u015f\u0131k \u00f6l\u00e7\u00fcl\u00fcr<\/li>\n<li>Min\/Maks, veri tutma<\/li>\n<li>\u0130ki birim: LUX ve FC<\/li>\n<li>Dijital ve analog okuma<\/li>\n<li>Ekran arka \u0131\u015f\u0131\u011f\u0131<\/li>\n<li>Otomatik kapanma<\/li>\n<li><a href=\"https:\/\/insize.com.tr\/wp-content\/uploads\/2022\/08\/9371.pdf\">Pdf i\u00e7in t\u0131klay\u0131n\u0131z<\/a><\/li>\n<\/ul>","protected":false},"featured_media":4038,"comment_status":"open","ping_status":"closed","template":"","meta":{"inline_featured_image":false},"product_brand":[],"product_cat":[34],"product_tag":[],"class_list":{"0":"post-4008","1":"product","2":"type-product","3":"status-publish","4":"has-post-thumbnail","6":"product_cat-tasinabilir-cihazlar","8":"first","9":"instock","10":"shipping-taxable","11":"purchasable","12":"product-type-simple"},"_links":{"self":[{"href":"https:\/\/insize.com.tr\/en\/wp-json\/wp\/v2\/product\/4008","targetHints":{"allow":["GET"]}}],"collection":[{"href":"https:\/\/insize.com.tr\/en\/wp-json\/wp\/v2\/product"}],"about":[{"href":"https:\/\/insize.com.tr\/en\/wp-json\/wp\/v2\/types\/product"}],"replies":[{"embeddable":true,"href":"https:\/\/insize.com.tr\/en\/wp-json\/wp\/v2\/comments?post=4008"}],"wp:featuredmedia":[{"embeddable":true,"href":"https:\/\/insize.com.tr\/en\/wp-json\/wp\/v2\/media\/4038"}],"wp:attachment":[{"href":"https:\/\/insize.com.tr\/en\/wp-json\/wp\/v2\/media?parent=4008"}],"wp:term":[{"taxonomy":"product_brand","embeddable":true,"href":"https:\/\/insize.com.tr\/en\/wp-json\/wp\/v2\/product_brand?post=4008"},{"taxonomy":"product_cat","embeddable":true,"href":"https:\/\/insize.com.tr\/en\/wp-json\/wp\/v2\/product_cat?post=4008"},{"taxonomy":"product_tag","embeddable":true,"href":"https:\/\/insize.com.tr\/en\/wp-json\/wp\/v2\/product_tag?post=4008"}],"curies":[{"name":"wp","href":"https:\/\/api.w.org\/{rel}","templated":true}]}}