{"id":4016,"date":"2022-10-06T16:52:10","date_gmt":"2022-10-06T13:52:10","guid":{"rendered":"https:\/\/insize.com.tr\/?post_type=product&#038;p=4016"},"modified":"2026-04-20T16:55:55","modified_gmt":"2026-04-20T13:55:55","slug":"insize-4902-cerceve-terazisi-ekonomik-model","status":"publish","type":"product","link":"https:\/\/insize.com.tr\/en\/product\/insize-4902-cerceve-terazisi-ekonomik-model\/","title":{"rendered":"Insize 4902 \u00c7er\u00e7eve Terazisi (Ekonomik Model)"},"content":{"rendered":"","protected":false},"excerpt":{"rendered":"<ul>\n<li>Mil i\u00e7in altta ve solda V-kanal\u0131 (mil \u00e7ap\u0131 15~70mm)<\/li>\n<li>Uzunlamas\u0131na kaps\u00fcl ile<\/li>\n<li>Ayarlama anahtar\u0131 ile tedarik edilir<\/li>\n<li><a href=\"https:\/\/insize.com.tr\/wp-content\/uploads\/2022\/08\/4902.pdf\">Pdf i\u00e7in t\u0131klay\u0131n\u0131z.<\/a><\/li>\n<li><a href=\"https:\/\/insize.com.tr\/wp-content\/uploads\/2026\/03\/4902-E-V1.pdf\"><strong>Kullan\u0131m K\u0131lavuzu<\/strong><\/a><\/li>\n<\/ul>","protected":false},"featured_media":4046,"comment_status":"open","ping_status":"closed","template":"","meta":{"inline_featured_image":false},"product_brand":[],"product_cat":[20],"product_tag":[],"class_list":{"0":"post-4016","1":"product","2":"type-product","3":"status-publish","4":"has-post-thumbnail","6":"product_cat-teraziler","8":"first","9":"instock","10":"shipping-taxable","11":"purchasable","12":"product-type-simple"},"_links":{"self":[{"href":"https:\/\/insize.com.tr\/en\/wp-json\/wp\/v2\/product\/4016","targetHints":{"allow":["GET"]}}],"collection":[{"href":"https:\/\/insize.com.tr\/en\/wp-json\/wp\/v2\/product"}],"about":[{"href":"https:\/\/insize.com.tr\/en\/wp-json\/wp\/v2\/types\/product"}],"replies":[{"embeddable":true,"href":"https:\/\/insize.com.tr\/en\/wp-json\/wp\/v2\/comments?post=4016"}],"wp:featuredmedia":[{"embeddable":true,"href":"https:\/\/insize.com.tr\/en\/wp-json\/wp\/v2\/media\/4046"}],"wp:attachment":[{"href":"https:\/\/insize.com.tr\/en\/wp-json\/wp\/v2\/media?parent=4016"}],"wp:term":[{"taxonomy":"product_brand","embeddable":true,"href":"https:\/\/insize.com.tr\/en\/wp-json\/wp\/v2\/product_brand?post=4016"},{"taxonomy":"product_cat","embeddable":true,"href":"https:\/\/insize.com.tr\/en\/wp-json\/wp\/v2\/product_cat?post=4016"},{"taxonomy":"product_tag","embeddable":true,"href":"https:\/\/insize.com.tr\/en\/wp-json\/wp\/v2\/product_tag?post=4016"}],"curies":[{"name":"wp","href":"https:\/\/api.w.org\/{rel}","templated":true}]}}