{"id":4018,"date":"2022-10-06T16:52:10","date_gmt":"2022-10-06T13:52:10","guid":{"rendered":"https:\/\/insize.com.tr\/?post_type=product&#038;p=4018"},"modified":"2026-04-20T16:55:57","modified_gmt":"2026-04-20T13:55:57","slug":"insize-4907-90-kisa-terazi","status":"publish","type":"product","link":"https:\/\/insize.com.tr\/en\/product\/insize-4907-90-kisa-terazi\/","title":{"rendered":"Insize 4907-90 K\u0131sa Terazi"},"content":{"rendered":"","protected":false},"excerpt":{"rendered":"<ul>\n<li>Kullan\u0131mdan \u00f6nce s\u0131f\u0131rlama gerektirmez<\/li>\n<li>Krank mili gibi k\u00fc\u00e7\u00fck alanlar i\u00e7in uygundur<\/li>\n<li>Miller i\u00e7in taban \u00fczerinde boylamas\u0131na ve \u00e7apraz V kanallar\u0131 (19,3~115,9mm \u00e7ap\u0131ndaki miller)<\/li>\n<li>Uzunlamas\u0131na kaps\u00fcl ile<\/li>\n<li><a href=\"https:\/\/insize.com.tr\/wp-content\/uploads\/2022\/08\/4907.pdf\">Pdf i\u00e7in t\u0131klay\u0131n\u0131z.<\/a><\/li>\n<li><a href=\"https:\/\/insize.com.tr\/wp-content\/uploads\/2026\/03\/4907-E-V0.pdf\"><strong>Kullan\u0131m K\u0131lavuzu<\/strong><\/a><\/li>\n<\/ul>","protected":false},"featured_media":4048,"comment_status":"open","ping_status":"closed","template":"","meta":{"inline_featured_image":false},"product_brand":[],"product_cat":[20],"product_tag":[],"class_list":{"0":"post-4018","1":"product","2":"type-product","3":"status-publish","4":"has-post-thumbnail","6":"product_cat-teraziler","8":"first","9":"instock","10":"shipping-taxable","11":"purchasable","12":"product-type-simple"},"_links":{"self":[{"href":"https:\/\/insize.com.tr\/en\/wp-json\/wp\/v2\/product\/4018","targetHints":{"allow":["GET"]}}],"collection":[{"href":"https:\/\/insize.com.tr\/en\/wp-json\/wp\/v2\/product"}],"about":[{"href":"https:\/\/insize.com.tr\/en\/wp-json\/wp\/v2\/types\/product"}],"replies":[{"embeddable":true,"href":"https:\/\/insize.com.tr\/en\/wp-json\/wp\/v2\/comments?post=4018"}],"wp:featuredmedia":[{"embeddable":true,"href":"https:\/\/insize.com.tr\/en\/wp-json\/wp\/v2\/media\/4048"}],"wp:attachment":[{"href":"https:\/\/insize.com.tr\/en\/wp-json\/wp\/v2\/media?parent=4018"}],"wp:term":[{"taxonomy":"product_brand","embeddable":true,"href":"https:\/\/insize.com.tr\/en\/wp-json\/wp\/v2\/product_brand?post=4018"},{"taxonomy":"product_cat","embeddable":true,"href":"https:\/\/insize.com.tr\/en\/wp-json\/wp\/v2\/product_cat?post=4018"},{"taxonomy":"product_tag","embeddable":true,"href":"https:\/\/insize.com.tr\/en\/wp-json\/wp\/v2\/product_tag?post=4018"}],"curies":[{"name":"wp","href":"https:\/\/api.w.org\/{rel}","templated":true}]}}