{"id":4023,"date":"2022-10-06T16:52:10","date_gmt":"2022-10-06T13:52:10","guid":{"rendered":"https:\/\/insize.com.tr\/?post_type=product&#038;p=4023"},"modified":"2026-04-20T16:56:02","modified_gmt":"2026-04-20T13:56:02","slug":"insize-4912-100-cep-terazisi","status":"publish","type":"product","link":"https:\/\/insize.com.tr\/en\/product\/insize-4912-100-cep-terazisi\/","title":{"rendered":"Insize 4912-100 Cep Terazisi"},"content":{"rendered":"","protected":false},"excerpt":{"rendered":"<ul>\n<li>\u015eoka dayan\u0131kl\u0131 kaps\u00fcller<\/li>\n<li>Manyetik taban<\/li>\n<li>\u015eok emici kau\u00e7uk kapaklar<\/li>\n<li>\u00c7al\u0131\u015fma s\u0131cakl\u0131\u011f\u0131: -15\u00b0C~55\u00b0C<\/li>\n<li>\u00d6m\u00fcr boyu garanti<\/li>\n<li><a href=\"https:\/\/insize.com.tr\/wp-content\/uploads\/2022\/08\/4912.pdf\">Pdf i\u00e7in t\u0131klay\u0131n\u0131z.<\/a><\/li>\n<\/ul>","protected":false},"featured_media":4053,"comment_status":"open","ping_status":"closed","template":"","meta":{"inline_featured_image":false},"product_brand":[],"product_cat":[20],"product_tag":[],"class_list":{"0":"post-4023","1":"product","2":"type-product","3":"status-publish","4":"has-post-thumbnail","6":"product_cat-teraziler","8":"first","9":"instock","10":"shipping-taxable","11":"purchasable","12":"product-type-simple"},"_links":{"self":[{"href":"https:\/\/insize.com.tr\/en\/wp-json\/wp\/v2\/product\/4023","targetHints":{"allow":["GET"]}}],"collection":[{"href":"https:\/\/insize.com.tr\/en\/wp-json\/wp\/v2\/product"}],"about":[{"href":"https:\/\/insize.com.tr\/en\/wp-json\/wp\/v2\/types\/product"}],"replies":[{"embeddable":true,"href":"https:\/\/insize.com.tr\/en\/wp-json\/wp\/v2\/comments?post=4023"}],"wp:featuredmedia":[{"embeddable":true,"href":"https:\/\/insize.com.tr\/en\/wp-json\/wp\/v2\/media\/4053"}],"wp:attachment":[{"href":"https:\/\/insize.com.tr\/en\/wp-json\/wp\/v2\/media?parent=4023"}],"wp:term":[{"taxonomy":"product_brand","embeddable":true,"href":"https:\/\/insize.com.tr\/en\/wp-json\/wp\/v2\/product_brand?post=4023"},{"taxonomy":"product_cat","embeddable":true,"href":"https:\/\/insize.com.tr\/en\/wp-json\/wp\/v2\/product_cat?post=4023"},{"taxonomy":"product_tag","embeddable":true,"href":"https:\/\/insize.com.tr\/en\/wp-json\/wp\/v2\/product_tag?post=4023"}],"curies":[{"name":"wp","href":"https:\/\/api.w.org\/{rel}","templated":true}]}}