{"id":4026,"date":"2022-10-06T16:52:10","date_gmt":"2022-10-06T13:52:10","guid":{"rendered":"https:\/\/insize.com.tr\/?post_type=product&#038;p=4026"},"modified":"2026-04-20T16:56:06","modified_gmt":"2026-04-20T13:56:06","slug":"insize-4917-30-ip54-capraz-hatli-lazer-seviyesi","status":"publish","type":"product","link":"https:\/\/insize.com.tr\/en\/product\/insize-4917-30-ip54-capraz-hatli-lazer-seviyesi\/","title":{"rendered":"Insize 4917-30 IP54 \u00c7apraz Seviye Hizalama Lazeri"},"content":{"rendered":"","protected":false},"excerpt":{"rendered":"<ul>\n<li>K\u0131rm\u0131z\u0131 yatay ve dikey \u00e7apraz lazer \u00e7izgileri<\/li>\n<li>\u00b13\u00b0 i\u00e7inde otomatik far y\u00fcksekli\u011fi ayar\u0131,<\/li>\n<li>4s i\u00e7inde otomatik far y\u00fcksekli\u011fi, \u00b13\u00b0 d\u0131\u015f\u0131nda sesli ve g\u00f6rsel uyar\u0131<\/li>\n<li>A\u00e7\u0131 ve y\u00fckseklik ayar\u0131 i\u00e7in katlan\u0131r ayaklar<\/li>\n<li>D\u0131\u015f mekan kullan\u0131m\u0131 dedekt\u00f6r ile birle\u015ftirilebilir (kod: 4917-DETECTOR)<\/li>\n<li>\u00b13\u00b0 d\u0131\u015f\u0131nda sesli g\u00f6rsel uyar\u0131<\/li>\n<li>IP54 Su ge\u00e7irmez<\/li>\n<li><a href=\"https:\/\/insize.com.tr\/wp-content\/uploads\/2022\/08\/4917.pdf\">Pdf i\u00e7in t\u0131klay\u0131n\u0131z.<\/a><\/li>\n<li><a href=\"https:\/\/insize.com.tr\/wp-content\/uploads\/2026\/03\/4917-30-E-V0.pdf\"><strong>Kullan\u0131m K\u0131lavuzu<\/strong><\/a><\/li>\n<\/ul>","protected":false},"featured_media":4056,"comment_status":"open","ping_status":"closed","template":"","meta":{"inline_featured_image":false},"product_brand":[],"product_cat":[542,20],"product_tag":[],"class_list":{"0":"post-4026","1":"product","2":"type-product","3":"status-publish","4":"has-post-thumbnail","6":"product_cat-diger-olcum-ve-test-cihazlari","7":"product_cat-teraziler","9":"first","10":"instock","11":"shipping-taxable","12":"purchasable","13":"product-type-simple"},"_links":{"self":[{"href":"https:\/\/insize.com.tr\/en\/wp-json\/wp\/v2\/product\/4026","targetHints":{"allow":["GET"]}}],"collection":[{"href":"https:\/\/insize.com.tr\/en\/wp-json\/wp\/v2\/product"}],"about":[{"href":"https:\/\/insize.com.tr\/en\/wp-json\/wp\/v2\/types\/product"}],"replies":[{"embeddable":true,"href":"https:\/\/insize.com.tr\/en\/wp-json\/wp\/v2\/comments?post=4026"}],"wp:featuredmedia":[{"embeddable":true,"href":"https:\/\/insize.com.tr\/en\/wp-json\/wp\/v2\/media\/4056"}],"wp:attachment":[{"href":"https:\/\/insize.com.tr\/en\/wp-json\/wp\/v2\/media?parent=4026"}],"wp:term":[{"taxonomy":"product_brand","embeddable":true,"href":"https:\/\/insize.com.tr\/en\/wp-json\/wp\/v2\/product_brand?post=4026"},{"taxonomy":"product_cat","embeddable":true,"href":"https:\/\/insize.com.tr\/en\/wp-json\/wp\/v2\/product_cat?post=4026"},{"taxonomy":"product_tag","embeddable":true,"href":"https:\/\/insize.com.tr\/en\/wp-json\/wp\/v2\/product_tag?post=4026"}],"curies":[{"name":"wp","href":"https:\/\/api.w.org\/{rel}","templated":true}]}}