{"id":4072,"date":"2022-10-06T16:52:14","date_gmt":"2022-10-06T13:52:14","guid":{"rendered":"https:\/\/insize.com.tr\/?post_type=product&#038;p=4072"},"modified":"2026-04-20T16:56:37","modified_gmt":"2026-04-20T13:56:37","slug":"insize-isf-h20a-kuvvet-olcer-icin-manuel-yatay-test-standlari","status":"publish","type":"product","link":"https:\/\/insize.com.tr\/en\/product\/insize-isf-h20a-kuvvet-olcer-icin-manuel-yatay-test-standlari\/","title":{"rendered":"Insize ISF-H Kuvvet \u00d6l\u00e7er \u0130\u00e7in Manuel Yatay Test Standlar\u0131"},"content":{"rendered":"","protected":false},"excerpt":{"rendered":"<ul>\n<li>Kuvvet \u00f6l\u00e7erlerle \u00e7ekme testi i\u00e7in<\/li>\n<li><a href=\"https:\/\/insize.com.tr\/wp-content\/uploads\/2026\/02\/ISF-H.pdf\">Pdf i\u00e7in t\u0131klay\u0131n\u0131z.<\/a><\/li>\n<li><a href=\"https:\/\/insize.com.tr\/wp-content\/uploads\/2026\/03\/ISF-DF-SERIES-E-V1.pdf\"><strong>Kullan\u0131m K\u0131lavuzu<\/strong><\/a><\/li>\n<\/ul>\n<p> <strong>Dikkat: <\/strong>Sadece \u00e7ekme testi i\u00e7indir<\/p>","protected":false},"featured_media":0,"comment_status":"open","ping_status":"closed","template":"","meta":{"inline_featured_image":false},"product_brand":[],"product_cat":[553,41],"product_tag":[],"class_list":{"0":"post-4072","1":"product","2":"type-product","3":"status-publish","5":"product_cat-diger-olcu-aletleri","6":"product_cat-mukavemet-ve-evrensel-test-cihazlari","8":"first","9":"instock","10":"shipping-taxable","11":"purchasable","12":"product-type-simple"},"_links":{"self":[{"href":"https:\/\/insize.com.tr\/en\/wp-json\/wp\/v2\/product\/4072","targetHints":{"allow":["GET"]}}],"collection":[{"href":"https:\/\/insize.com.tr\/en\/wp-json\/wp\/v2\/product"}],"about":[{"href":"https:\/\/insize.com.tr\/en\/wp-json\/wp\/v2\/types\/product"}],"replies":[{"embeddable":true,"href":"https:\/\/insize.com.tr\/en\/wp-json\/wp\/v2\/comments?post=4072"}],"wp:attachment":[{"href":"https:\/\/insize.com.tr\/en\/wp-json\/wp\/v2\/media?parent=4072"}],"wp:term":[{"taxonomy":"product_brand","embeddable":true,"href":"https:\/\/insize.com.tr\/en\/wp-json\/wp\/v2\/product_brand?post=4072"},{"taxonomy":"product_cat","embeddable":true,"href":"https:\/\/insize.com.tr\/en\/wp-json\/wp\/v2\/product_cat?post=4072"},{"taxonomy":"product_tag","embeddable":true,"href":"https:\/\/insize.com.tr\/en\/wp-json\/wp\/v2\/product_tag?post=4072"}],"curies":[{"name":"wp","href":"https:\/\/api.w.org\/{rel}","templated":true}]}}