{"id":4074,"date":"2022-10-06T16:52:14","date_gmt":"2022-10-06T13:52:14","guid":{"rendered":"https:\/\/insize.com.tr\/?post_type=product&#038;p=4074"},"modified":"2026-04-21T10:41:38","modified_gmt":"2026-04-21T07:41:38","slug":"insize-isf-s-dijital-yay-test-cihazlari","status":"publish","type":"product","link":"https:\/\/insize.com.tr\/en\/product\/insize-isf-s-dijital-yay-test-cihazlari\/","title":{"rendered":"Insize ISF-S Dijital Yay Test Cihazlar\u0131"},"content":{"rendered":"","protected":false},"excerpt":{"rendered":"<ul>\n<li>Pik sabitleme ve otomatik b\u0131rakma i\u015flevi<\/li>\n<li>\u00dcst ve alt limitler belirlenir k\u0131rm\u0131z\u0131 ve ye\u015fil g\u00f6sterge ve sesli alarm<\/li>\n<li>\u00dc\u00e7 birimin otomatik d\u00f6n\u00fc\u015f\u00fcm\u00fc: N, kgf, lbf<\/li>\n<li>Dahili yaz\u0131c\u0131<\/li>\n<li>Otomatik kapanma<\/li>\n<li>Bilgi \u00e7\u0131k\u0131\u015fl\u0131d\u0131r<\/li>\n<li><a href=\"https:\/\/insize.com.tr\/wp-content\/uploads\/2026\/02\/ISF-S.pdf\">Pdf i\u00e7in t\u0131klay\u0131n\u0131z<\/a><\/li>\n<li><a href=\"https:\/\/insize.com.tr\/wp-content\/uploads\/2026\/03\/ISF-DF-SERIES-E-V1.pdf\"><strong>Kullan\u0131m K\u0131lavuzu<\/strong><\/a><\/li>\n<\/ul>","protected":false},"featured_media":4103,"comment_status":"open","ping_status":"closed","template":"","meta":{"inline_featured_image":false},"product_brand":[],"product_cat":[41],"product_tag":[],"class_list":{"0":"post-4074","1":"product","2":"type-product","3":"status-publish","4":"has-post-thumbnail","6":"product_cat-mukavemet-ve-evrensel-test-cihazlari","8":"first","9":"instock","10":"shipping-taxable","11":"purchasable","12":"product-type-simple"},"_links":{"self":[{"href":"https:\/\/insize.com.tr\/en\/wp-json\/wp\/v2\/product\/4074","targetHints":{"allow":["GET"]}}],"collection":[{"href":"https:\/\/insize.com.tr\/en\/wp-json\/wp\/v2\/product"}],"about":[{"href":"https:\/\/insize.com.tr\/en\/wp-json\/wp\/v2\/types\/product"}],"replies":[{"embeddable":true,"href":"https:\/\/insize.com.tr\/en\/wp-json\/wp\/v2\/comments?post=4074"}],"wp:featuredmedia":[{"embeddable":true,"href":"https:\/\/insize.com.tr\/en\/wp-json\/wp\/v2\/media\/4103"}],"wp:attachment":[{"href":"https:\/\/insize.com.tr\/en\/wp-json\/wp\/v2\/media?parent=4074"}],"wp:term":[{"taxonomy":"product_brand","embeddable":true,"href":"https:\/\/insize.com.tr\/en\/wp-json\/wp\/v2\/product_brand?post=4074"},{"taxonomy":"product_cat","embeddable":true,"href":"https:\/\/insize.com.tr\/en\/wp-json\/wp\/v2\/product_cat?post=4074"},{"taxonomy":"product_tag","embeddable":true,"href":"https:\/\/insize.com.tr\/en\/wp-json\/wp\/v2\/product_tag?post=4074"}],"curies":[{"name":"wp","href":"https:\/\/api.w.org\/{rel}","templated":true}]}}