{"id":4075,"date":"2022-10-06T16:52:14","date_gmt":"2022-10-06T13:52:14","guid":{"rendered":"https:\/\/insize.com.tr\/?post_type=product&#038;p=4075"},"modified":"2026-04-21T10:41:38","modified_gmt":"2026-04-21T07:41:38","slug":"insize-utm-e50-elektronik-universal-test-cihazi","status":"publish","type":"product","link":"https:\/\/insize.com.tr\/en\/product\/insize-utm-e50-elektronik-universal-test-cihazi\/","title":{"rendered":"Insize UTM-E50 Elektronik Universal Test Cihaz\u0131"},"content":{"rendered":"<p data-start=\"2605\" data-end=\"2798\"><strong data-start=\"2605\" data-end=\"2656\">Insize UTM-E50 Elektronik Universal Test Cihaz\u0131<\/strong>, 50 kN maksimum kuvvet, y\u00fcksek hassasiyet ve geli\u015fmi\u015f yaz\u0131l\u0131m deste\u011fiyle metal, plastik ve kompozit malzeme testleri i\u00e7in ideal bir \u00e7\u00f6z\u00fcmd\u00fcr.<\/p>\n<p data-start=\"274\" data-end=\"338\"><strong>Y\u00fcksek Hassasiyetli \u00c7ekme ve Basma Testleri \u0130\u00e7in G\u00fc\u00e7l\u00fc \u00c7\u00f6z\u00fcm<\/strong><\/p>\n<p data-start=\"340\" data-end=\"736\"><strong data-start=\"340\" data-end=\"391\">Insize UTM-E50 Elektronik Universal Test Cihaz\u0131<\/strong>, metallerden plastiklere, kompozitlerden seramik ve kau\u00e7uk malzemelere kadar geni\u015f bir \u00fcr\u00fcn yelpazesinin mekanik \u00f6zelliklerini \u00f6l\u00e7mek i\u00e7in tasarlanm\u0131\u015f \u00e7ok ama\u00e7l\u0131 bir test cihaz\u0131d\u0131r. Y\u00fcksek hassasiyetli \u00f6l\u00e7\u00fcm kabiliyeti ve geni\u015f kuvvet aral\u0131\u011f\u0131 ile hem ara\u015ft\u0131rma geli\u015ftirme (Ar-Ge) hem de kalite kontrol laboratuvarlar\u0131nda g\u00fcvenle kullan\u0131labilir.<\/p>\n<p data-start=\"738\" data-end=\"1127\">UTM-E50, <strong data-start=\"747\" data-end=\"778\">maksimum 50 kN test kuvveti<\/strong>, \u00b1%0,5 hassasiyet ve 0,0025 mm \u00e7\u00f6z\u00fcn\u00fcrl\u00fck sunar. \u00c7ekme, basma ve e\u011filme testleri dahil olmak \u00fczere \u00e7ok \u00e7e\u015fitli mekanik testlerin y\u00fcksek do\u011frulukla yap\u0131lmas\u0131n\u0131 sa\u011flar. Cihaz, <strong data-start=\"953\" data-end=\"1012\">otomatik veri kayd\u0131 ve grafik analiz \u00f6zellikli yaz\u0131l\u0131m\u0131<\/strong> ile birlikte sunulmaktad\u0131r. Test s\u00fcrecini anl\u0131k takip etmenizi sa\u011flayan yaz\u0131l\u0131m, h\u0131zl\u0131 ve detayl\u0131 raporlar \u00fcretir.<\/p>\n<p data-start=\"1129\" data-end=\"1312\">D\u00fcz ve V tipi \u00e7eneler standart olarak \u00fcr\u00fcnle birlikte verilir. Esnek h\u0131z ayar aral\u0131\u011f\u0131 ve geni\u015f \u00f6l\u00e7\u00fcm kapasitesi sayesinde farkl\u0131 sekt\u00f6rler ve malzemeler i\u00e7in ideal bir test \u00e7\u00f6z\u00fcm\u00fcd\u00fcr.<\/p>\n<p data-start=\"1319\" data-end=\"1339\"><strong>\u00dcr\u00fcn \u00d6zellikleri:<\/strong><\/p>\n<ul>\n<li data-start=\"1342\" data-end=\"1375\">Maksimum Test Kuvveti: 50 kN<\/li>\n<li data-start=\"1378\" data-end=\"1426\">Y\u00fcksek Hassasiyet: \u00b1%0,5 kuvvet hassasiyeti<\/li>\n<li data-start=\"1429\" data-end=\"1456\">\u00c7\u00f6z\u00fcn\u00fcrl\u00fck: 1\/500000FS<\/li>\n<li data-start=\"1459\" data-end=\"1508\">\u00c7ift \u00c7ene Se\u00e7ene\u011fi: D\u00fcz ve V tipi \u00e7ene dahil<\/li>\n<li data-start=\"1511\" data-end=\"1570\">Geli\u015fmi\u015f Yaz\u0131l\u0131m: Otomatik grafik analiz ve raporlama<\/li>\n<li data-start=\"1573\" data-end=\"1617\">Geni\u015f H\u0131z Ayar\u0131: 0.001 &#8211; 500 mm\/dakika<\/li>\n<li data-start=\"1620\" data-end=\"1664\">\u00c7ekme, basma ve e\u011filme testlerine uygun<\/li>\n<li data-start=\"1667\" data-end=\"1710\">End\u00fcstriyel ve akademik kullan\u0131ma uygun<\/li>\n<\/ul>\n<p><span style=\"font-size: 95%;\"><strong><span style=\"color: #333333;\">Kullan\u0131m Alanlar\u0131:<\/span><\/strong><\/span><\/p>\n<ul>\n<li>Metal, plastik, kau\u00e7uk ve kompozit testleri<\/li>\n<li data-start=\"1789\" data-end=\"1830\">Ar-Ge ve kalite kontrol laboratuvarlar\u0131<\/li>\n<li data-start=\"1833\" data-end=\"1881\">Elektronik par\u00e7a ve ambalaj malzemesi testleri<\/li>\n<li data-start=\"1884\" data-end=\"1938\">Kimyasal fiber ve yeni nesil enerji batarya testleri<\/li>\n<li data-start=\"1941\" data-end=\"2003\">\u00dcniversite ve e\u011fitim kurumlar\u0131nda mekanik \u00f6zellik analizleri<\/li>\n<\/ul>","protected":false},"excerpt":{"rendered":"<ul>\n<li data-start=\"1342\" data-end=\"1375\">Maksimum Test Kuvveti: 50 kN<\/li>\n<li data-start=\"1378\" data-end=\"1426\">Y\u00fcksek Hassasiyet: \u00b1%0,5 kuvvet hassasiyeti<\/li>\n<li data-start=\"1429\" data-end=\"1456\">\u00c7\u00f6z\u00fcn\u00fcrl\u00fck: 1\/500000FS<\/li>\n<li data-start=\"1459\" data-end=\"1508\">\u00c7ift \u00c7ene Se\u00e7ene\u011fi: D\u00fcz ve V tipi \u00e7ene dahil<\/li>\n<li data-start=\"1511\" data-end=\"1570\">Geli\u015fmi\u015f Yaz\u0131l\u0131m: Otomatik grafik analiz ve raporlama<\/li>\n<li data-start=\"1573\" data-end=\"1617\">Geni\u015f H\u0131z Ayar\u0131: 0.001 &#8211; 500 mm\/dakika<\/li>\n<li data-start=\"1620\" data-end=\"1664\">\u00c7ekme, basma ve e\u011filme testlerine uygun<\/li>\n<li data-start=\"1667\" data-end=\"1710\">End\u00fcstriyel ve akademik kullan\u0131ma uygun<\/li>\n<li><a href=\"https:\/\/insize.com.tr\/wp-content\/uploads\/2026\/02\/UTM-E.pdf\">Pdf i\u00e7in t\u0131klay\u0131n\u0131z.<\/a><\/li>\n<li><a href=\"https:\/\/insize.com.tr\/wp-content\/uploads\/2026\/03\/UTM-Z-SERIES-E-V0.pdf\"><strong>Kullan\u0131m K\u0131lavuzu<\/strong><\/a><\/li>\n<\/ul>","protected":false},"featured_media":4104,"comment_status":"open","ping_status":"closed","template":"","meta":{"inline_featured_image":false},"product_brand":[],"product_cat":[41],"product_tag":[331,332,333,334,335,336,337,338],"class_list":{"0":"post-4075","1":"product","2":"type-product","3":"status-publish","4":"has-post-thumbnail","6":"product_cat-mukavemet-ve-evrensel-test-cihazlari","7":"product_tag-basma-test-cihazi","8":"product_tag-cekme-test-cihazi","9":"product_tag-cift-cene-test-cihazi","10":"product_tag-elektronik-universal-test-makinesi","11":"product_tag-insize-utm-e50","12":"product_tag-kalite-kontrol-laboratuvar-cihazi","13":"product_tag-universal-test-cihazi","14":"product_tag-universal-test-makinesi","16":"first","17":"instock","18":"shipping-taxable","19":"purchasable","20":"product-type-simple"},"_links":{"self":[{"href":"https:\/\/insize.com.tr\/en\/wp-json\/wp\/v2\/product\/4075","targetHints":{"allow":["GET"]}}],"collection":[{"href":"https:\/\/insize.com.tr\/en\/wp-json\/wp\/v2\/product"}],"about":[{"href":"https:\/\/insize.com.tr\/en\/wp-json\/wp\/v2\/types\/product"}],"replies":[{"embeddable":true,"href":"https:\/\/insize.com.tr\/en\/wp-json\/wp\/v2\/comments?post=4075"}],"wp:featuredmedia":[{"embeddable":true,"href":"https:\/\/insize.com.tr\/en\/wp-json\/wp\/v2\/media\/4104"}],"wp:attachment":[{"href":"https:\/\/insize.com.tr\/en\/wp-json\/wp\/v2\/media?parent=4075"}],"wp:term":[{"taxonomy":"product_brand","embeddable":true,"href":"https:\/\/insize.com.tr\/en\/wp-json\/wp\/v2\/product_brand?post=4075"},{"taxonomy":"product_cat","embeddable":true,"href":"https:\/\/insize.com.tr\/en\/wp-json\/wp\/v2\/product_cat?post=4075"},{"taxonomy":"product_tag","embeddable":true,"href":"https:\/\/insize.com.tr\/en\/wp-json\/wp\/v2\/product_tag?post=4075"}],"curies":[{"name":"wp","href":"https:\/\/api.w.org\/{rel}","templated":true}]}}