{"id":4079,"date":"2022-10-06T16:52:14","date_gmt":"2022-10-06T13:52:14","guid":{"rendered":"https:\/\/insize.com.tr\/?post_type=product&#038;p=4079"},"modified":"2026-04-20T16:56:56","modified_gmt":"2026-04-20T13:56:56","slug":"insize-8002-tartim-olcekleri-oiml-belgesi","status":"publish","type":"product","link":"https:\/\/insize.com.tr\/en\/product\/insize-8002-tartim-olcekleri-oiml-belgesi\/","title":{"rendered":"Insize 8002 Tart\u0131m \u00d6l\u00e7ekleri (Oiml Belgesi)"},"content":{"rendered":"","protected":false},"excerpt":{"rendered":"<ul>\n<li>LCD ekran, arkadan ayd\u0131nlatmal\u0131<\/li>\n<li>S\u0131f\u0131r ayar\u0131, dara de\u011feri \u00e7\u0131karma<\/li>\n<li>A\u015f\u0131r\u0131 y\u00fck alarm\u0131<\/li>\n<li>Otomatik kapanma<\/li>\n<li>OIML sertifikas\u0131 (No, 0200-NAWI-04601)<\/li>\n<li><a href=\"https:\/\/insize.com.tr\/wp-content\/uploads\/2026\/02\/8002.pdf\">Pdf i\u00e7in t\u0131klay\u0131n\u0131z.<\/a><\/li>\n<\/ul>","protected":false},"featured_media":4108,"comment_status":"open","ping_status":"closed","template":"","meta":{"inline_featured_image":false},"product_brand":[],"product_cat":[55,20],"product_tag":[],"class_list":{"0":"post-4079","1":"product","2":"type-product","3":"status-publish","4":"has-post-thumbnail","6":"product_cat-kantar","7":"product_cat-teraziler","9":"first","10":"instock","11":"shipping-taxable","12":"purchasable","13":"product-type-simple"},"_links":{"self":[{"href":"https:\/\/insize.com.tr\/en\/wp-json\/wp\/v2\/product\/4079","targetHints":{"allow":["GET"]}}],"collection":[{"href":"https:\/\/insize.com.tr\/en\/wp-json\/wp\/v2\/product"}],"about":[{"href":"https:\/\/insize.com.tr\/en\/wp-json\/wp\/v2\/types\/product"}],"replies":[{"embeddable":true,"href":"https:\/\/insize.com.tr\/en\/wp-json\/wp\/v2\/comments?post=4079"}],"wp:featuredmedia":[{"embeddable":true,"href":"https:\/\/insize.com.tr\/en\/wp-json\/wp\/v2\/media\/4108"}],"wp:attachment":[{"href":"https:\/\/insize.com.tr\/en\/wp-json\/wp\/v2\/media?parent=4079"}],"wp:term":[{"taxonomy":"product_brand","embeddable":true,"href":"https:\/\/insize.com.tr\/en\/wp-json\/wp\/v2\/product_brand?post=4079"},{"taxonomy":"product_cat","embeddable":true,"href":"https:\/\/insize.com.tr\/en\/wp-json\/wp\/v2\/product_cat?post=4079"},{"taxonomy":"product_tag","embeddable":true,"href":"https:\/\/insize.com.tr\/en\/wp-json\/wp\/v2\/product_tag?post=4079"}],"curies":[{"name":"wp","href":"https:\/\/api.w.org\/{rel}","templated":true}]}}