{"id":4082,"date":"2022-10-06T16:52:14","date_gmt":"2022-10-06T13:52:14","guid":{"rendered":"https:\/\/insize.com.tr\/?post_type=product&#038;p=4082"},"modified":"2026-04-20T16:57:01","modified_gmt":"2026-04-20T13:57:01","slug":"insize-8201-ip65-elektronik-vinc-olcekleri","status":"publish","type":"product","link":"https:\/\/insize.com.tr\/en\/product\/insize-8201-ip65-elektronik-vinc-olcekleri\/","title":{"rendered":"Insize 8201 IP65 Elektronik Vin\u00e7 \u00d6l\u00e7ekleri"},"content":{"rendered":"","protected":false},"excerpt":{"rendered":"<ul>\n<li>Toz\/su ge\u00e7irmez seviye: IP65<\/li>\n<li>LED ekran, uzaktan kumanda<\/li>\n<li>D\u00fc\u015f\u00fck voltaj g\u00f6stergesi<\/li>\n<li>Birim: kg, lb<\/li>\n<li>Otomatik kapanma<\/li>\n<li>A\u015f\u0131r\u0131 y\u00fck alarm\u0131<\/li>\n<li>360\u00b0 g\u00fcvenli d\u00f6ner kanca ve kelep\u00e7e<\/li>\n<li>Y\u00fcksek mukavemetli al\u00fcminyum ala\u015f\u0131ml\u0131 d\u00f6k\u00fcm kutusu<\/li>\n<li><a href=\"https:\/\/insize.com.tr\/wp-content\/uploads\/2026\/02\/8201.pdf\">Pdf i\u00e7in t\u0131klay\u0131n\u0131z.<\/a><\/li>\n<\/ul>","protected":false},"featured_media":4111,"comment_status":"open","ping_status":"closed","template":"","meta":{"inline_featured_image":false},"product_brand":[],"product_cat":[55],"product_tag":[],"class_list":{"0":"post-4082","1":"product","2":"type-product","3":"status-publish","4":"has-post-thumbnail","6":"product_cat-kantar","8":"first","9":"instock","10":"shipping-taxable","11":"purchasable","12":"product-type-simple"},"_links":{"self":[{"href":"https:\/\/insize.com.tr\/en\/wp-json\/wp\/v2\/product\/4082","targetHints":{"allow":["GET"]}}],"collection":[{"href":"https:\/\/insize.com.tr\/en\/wp-json\/wp\/v2\/product"}],"about":[{"href":"https:\/\/insize.com.tr\/en\/wp-json\/wp\/v2\/types\/product"}],"replies":[{"embeddable":true,"href":"https:\/\/insize.com.tr\/en\/wp-json\/wp\/v2\/comments?post=4082"}],"wp:featuredmedia":[{"embeddable":true,"href":"https:\/\/insize.com.tr\/en\/wp-json\/wp\/v2\/media\/4111"}],"wp:attachment":[{"href":"https:\/\/insize.com.tr\/en\/wp-json\/wp\/v2\/media?parent=4082"}],"wp:term":[{"taxonomy":"product_brand","embeddable":true,"href":"https:\/\/insize.com.tr\/en\/wp-json\/wp\/v2\/product_brand?post=4082"},{"taxonomy":"product_cat","embeddable":true,"href":"https:\/\/insize.com.tr\/en\/wp-json\/wp\/v2\/product_cat?post=4082"},{"taxonomy":"product_tag","embeddable":true,"href":"https:\/\/insize.com.tr\/en\/wp-json\/wp\/v2\/product_tag?post=4082"}],"curies":[{"name":"wp","href":"https:\/\/api.w.org\/{rel}","templated":true}]}}