{"id":4262,"date":"2022-11-11T10:06:03","date_gmt":"2022-11-11T07:06:03","guid":{"rendered":"https:\/\/insize.com.tr\/?post_type=product&#038;p=4262"},"modified":"2026-04-20T16:57:29","modified_gmt":"2026-04-20T13:57:29","slug":"insize-1251-makarali-yukseklik-mihengiri-basit-tip","status":"publish","type":"product","link":"https:\/\/insize.com.tr\/en\/product\/insize-1251-makarali-yukseklik-mihengiri-basit-tip\/","title":{"rendered":"Insize 1251 Mekanik Y\u00fckseklik Mihengirleri (Temel Tip)"},"content":{"rendered":"","protected":false},"excerpt":{"rendered":"<ul>\n<li>Karb\u00fcr u\u00e7lu \u00e7izici<\/li>\n<li>Paslanmaz \u00e7elilkten yap\u0131lm\u0131\u015ft\u0131r.<\/li>\n<li>Toz k\u0131l\u0131f\u0131 ile birlikte verilir.<\/li>\n<li>Salg\u0131 saati tutucusu ile birlikte verilir.<\/li>\n<li><a href=\"https:\/\/denizmtl.com\/wp-content\/uploads\/2022\/08\/1251.pdf\"><strong>Pdf i\u00e7in t\u0131klay\u0131n\u0131z.<\/strong><\/a><\/li>\n<\/ul>","protected":false},"featured_media":4263,"comment_status":"open","ping_status":"closed","template":"","meta":{"inline_featured_image":false},"product_brand":[],"product_cat":[30,550],"product_tag":[],"class_list":{"0":"post-4262","1":"product","2":"type-product","3":"status-publish","4":"has-post-thumbnail","6":"product_cat-mihengirler","7":"product_cat-standart-olcu-aletleri","9":"first","10":"instock","11":"shipping-taxable","12":"purchasable","13":"product-type-simple"},"_links":{"self":[{"href":"https:\/\/insize.com.tr\/en\/wp-json\/wp\/v2\/product\/4262","targetHints":{"allow":["GET"]}}],"collection":[{"href":"https:\/\/insize.com.tr\/en\/wp-json\/wp\/v2\/product"}],"about":[{"href":"https:\/\/insize.com.tr\/en\/wp-json\/wp\/v2\/types\/product"}],"replies":[{"embeddable":true,"href":"https:\/\/insize.com.tr\/en\/wp-json\/wp\/v2\/comments?post=4262"}],"wp:featuredmedia":[{"embeddable":true,"href":"https:\/\/insize.com.tr\/en\/wp-json\/wp\/v2\/media\/4263"}],"wp:attachment":[{"href":"https:\/\/insize.com.tr\/en\/wp-json\/wp\/v2\/media?parent=4262"}],"wp:term":[{"taxonomy":"product_brand","embeddable":true,"href":"https:\/\/insize.com.tr\/en\/wp-json\/wp\/v2\/product_brand?post=4262"},{"taxonomy":"product_cat","embeddable":true,"href":"https:\/\/insize.com.tr\/en\/wp-json\/wp\/v2\/product_cat?post=4262"},{"taxonomy":"product_tag","embeddable":true,"href":"https:\/\/insize.com.tr\/en\/wp-json\/wp\/v2\/product_tag?post=4262"}],"curies":[{"name":"wp","href":"https:\/\/api.w.org\/{rel}","templated":true}]}}