{"id":4296,"date":"2022-11-07T15:56:32","date_gmt":"2022-11-07T12:56:32","guid":{"rendered":"https:\/\/insize.com.tr\/?post_type=product&#038;p=4296"},"modified":"2026-03-04T14:43:13","modified_gmt":"2026-03-04T11:43:13","slug":"insize-isv-s-videoskop-on-ve-yan-gorunum","status":"publish","type":"product","link":"https:\/\/insize.com.tr\/en\/product\/insize-isv-s-videoskop-on-ve-yan-gorunum\/","title":{"rendered":"Insize ISV-S Videoskop (\u00d6n ve Yan G\u00f6r\u00fcn\u00fcm )"},"content":{"rendered":"<p><strong>Insize ISV-S Videoskop (\u00d6n ve Yan G\u00f6r\u00fcn\u00fcm)<\/strong><\/p>\n<p>Elle ula\u015f\u0131lamayan g\u00f6zle g\u00f6r\u00fclmeyen t\u00fcm noktalar\u0131n hasar, ar\u0131za, s\u0131z\u0131n ve ka\u00e7ak tespitlerini g\u00f6r\u00fcnt\u00fcleyen bir cihazd\u0131r.<\/p>\n<p>Sanayi, tekstil, t\u0131p, matbaac\u0131l\u0131k, elektrik elektronik, otomotiv ve end\u00fcstri sanayi ba\u015fta olmak \u00fczere do\u011falgaz tanklar\u0131, buhar kazanlar\u0131,<\/p>\n<p>namlu par\u00e7alar\u0131\u00a0 gibi ula\u015f\u0131lmas\u0131 zor alanlarda g\u00f6rsel kontrol i\u00e7in kullan\u0131lmaktad\u0131r.<\/p>\n<p>Foto\u011fraf ve video \u00e7ekme \u00f6zelli\u011fine sahiptir.<\/p>\n<p>Manuel kumanda kolu sayesinde kablo u\u00e7 k\u0131sm\u0131 360\u00b0 b\u00fck\u00fclebilir ve\u00a0 kontrol yap\u0131l\u0131r.<\/p>\n<p>Canl\u0131 g\u00f6r\u00fcnt\u00fc TV \u2018e aktar\u0131labilir.6 par\u00e7al\u0131 led ile ayarlanabilir ayd\u0131nlatma yap\u0131labilir<\/p>\n<p>Toza , suya ve ya\u011fa kar\u015f\u0131\u00a0 dayan\u0131kl\u0131d\u0131r.<\/p>\n<p>\u00d6nden ve yandan g\u00f6r\u00fcnt\u00fcleme yap\u0131labilir.<\/p>","protected":false},"excerpt":{"rendered":"<ul>\n<li>5&#8243; IPS HD ekran<\/li>\n<li>Video Kablo \u00e7\u0131k\u0131\u015f,sd kart<\/li>\n<li>Video ve resim alma<\/li>\n<li>1024\u00d7720 \u00e7\u00f6z\u00fcn\u00fcrl\u00fck<\/li>\n<li>SD kart, Video kablo \u00e7\u0131k\u0131\u015f<\/li>\n<li>\u00d6nden ve yandan g\u00f6r\u00fcn\u00fc\u015f<\/li>\n<li>Herhangi bir y\u00f6ne b\u00fck\u00fclebilir ,saat y\u00f6n\u00fcnde ve ters y\u00f6nde 360 \u00b0 d\u00f6nd\u00fcr\u00fclebilir<\/li>\n<li>Tungsten tel dokuma kablo<\/li>\n<li>Opsiyonel kanca ve m\u0131knat\u0131s u\u00e7<\/li>\n<li><a href=\"https:\/\/insize.com.tr\/wp-content\/uploads\/2026\/02\/ISV-S.pdf\"><strong>Pdf i\u00e7in t\u0131klay\u0131n\u0131z.<\/strong><\/a><\/li>\n<li><a href=\"https:\/\/insize.com.tr\/wp-content\/uploads\/2026\/03\/ISV-S-E-V0.pdf\"><strong>Kullan\u0131m K\u0131lavuzu<\/strong><\/a><\/li>\n<\/ul>","protected":false},"featured_media":4297,"comment_status":"open","ping_status":"closed","template":"","meta":{"inline_featured_image":false},"product_brand":[],"product_cat":[15,33],"product_tag":[],"class_list":{"0":"post-4296","1":"product","2":"type-product","3":"status-publish","4":"has-post-thumbnail","6":"product_cat-yeni-urunler","7":"product_cat-videoskoplar-sabit-boroskoplar","9":"first","10":"instock","11":"shipping-taxable","12":"purchasable","13":"product-type-simple"},"_links":{"self":[{"href":"https:\/\/insize.com.tr\/en\/wp-json\/wp\/v2\/product\/4296","targetHints":{"allow":["GET"]}}],"collection":[{"href":"https:\/\/insize.com.tr\/en\/wp-json\/wp\/v2\/product"}],"about":[{"href":"https:\/\/insize.com.tr\/en\/wp-json\/wp\/v2\/types\/product"}],"replies":[{"embeddable":true,"href":"https:\/\/insize.com.tr\/en\/wp-json\/wp\/v2\/comments?post=4296"}],"wp:featuredmedia":[{"embeddable":true,"href":"https:\/\/insize.com.tr\/en\/wp-json\/wp\/v2\/media\/4297"}],"wp:attachment":[{"href":"https:\/\/insize.com.tr\/en\/wp-json\/wp\/v2\/media?parent=4296"}],"wp:term":[{"taxonomy":"product_brand","embeddable":true,"href":"https:\/\/insize.com.tr\/en\/wp-json\/wp\/v2\/product_brand?post=4296"},{"taxonomy":"product_cat","embeddable":true,"href":"https:\/\/insize.com.tr\/en\/wp-json\/wp\/v2\/product_cat?post=4296"},{"taxonomy":"product_tag","embeddable":true,"href":"https:\/\/insize.com.tr\/en\/wp-json\/wp\/v2\/product_tag?post=4296"}],"curies":[{"name":"wp","href":"https:\/\/api.w.org\/{rel}","templated":true}]}}