{"id":4305,"date":"2022-10-18T12:19:30","date_gmt":"2022-10-18T09:19:30","guid":{"rendered":"https:\/\/insize.com.tr\/?post_type=product&#038;p=4305"},"modified":"2026-03-04T14:43:25","modified_gmt":"2026-03-04T11:43:25","slug":"insize-ist-19wm100-mekanik-tork-anahtari","status":"publish","type":"product","link":"https:\/\/insize.com.tr\/en\/product\/insize-ist-19wm100-mekanik-tork-anahtari\/","title":{"rendered":"Insize IST-19WM Serisi  Mekanik Tork Anahtar\u0131"},"content":{"rendered":"","protected":false},"excerpt":{"rendered":"<ul>\n<li>Birim:N.m,Ib olarak,ft.lb,kg.cm<\/li>\n<li>Kullan\u0131m y\u00f6ntemi ile tutarl\u0131d\u0131r.<\/li>\n<li>Tork de\u011ferleri dijital ekranda g\u00f6sterilir.<\/li>\n<li><a href=\"https:\/\/insize.com.tr\/wp-content\/uploads\/2026\/02\/IST-19WM.pdf\"><strong>Pdf i\u00e7in t\u0131klay\u0131n\u0131z<\/strong>.<\/a><\/li>\n<li><a href=\"https:\/\/insize.com.tr\/wp-content\/uploads\/2026\/03\/IST-DW-SERIES-E-V1.pdf\"><strong>Kullan\u0131m K\u0131lavuzu<\/strong><\/a><\/li>\n<\/ul>","protected":false},"featured_media":4306,"comment_status":"open","ping_status":"closed","template":"","meta":{"inline_featured_image":false},"product_brand":[],"product_cat":[35],"product_tag":[],"class_list":{"0":"post-4305","1":"product","2":"type-product","3":"status-publish","4":"has-post-thumbnail","6":"product_cat-tork-test-cihazi-ve-tork-anahtari","8":"first","9":"instock","10":"shipping-taxable","11":"purchasable","12":"product-type-simple"},"_links":{"self":[{"href":"https:\/\/insize.com.tr\/en\/wp-json\/wp\/v2\/product\/4305","targetHints":{"allow":["GET"]}}],"collection":[{"href":"https:\/\/insize.com.tr\/en\/wp-json\/wp\/v2\/product"}],"about":[{"href":"https:\/\/insize.com.tr\/en\/wp-json\/wp\/v2\/types\/product"}],"replies":[{"embeddable":true,"href":"https:\/\/insize.com.tr\/en\/wp-json\/wp\/v2\/comments?post=4305"}],"wp:featuredmedia":[{"embeddable":true,"href":"https:\/\/insize.com.tr\/en\/wp-json\/wp\/v2\/media\/4306"}],"wp:attachment":[{"href":"https:\/\/insize.com.tr\/en\/wp-json\/wp\/v2\/media?parent=4305"}],"wp:term":[{"taxonomy":"product_brand","embeddable":true,"href":"https:\/\/insize.com.tr\/en\/wp-json\/wp\/v2\/product_brand?post=4305"},{"taxonomy":"product_cat","embeddable":true,"href":"https:\/\/insize.com.tr\/en\/wp-json\/wp\/v2\/product_cat?post=4305"},{"taxonomy":"product_tag","embeddable":true,"href":"https:\/\/insize.com.tr\/en\/wp-json\/wp\/v2\/product_tag?post=4305"}],"curies":[{"name":"wp","href":"https:\/\/api.w.org\/{rel}","templated":true}]}}