{"id":431,"date":"2022-10-06T16:46:33","date_gmt":"2022-10-06T13:46:33","guid":{"rendered":"https:\/\/insize.com.tr\/?post_type=product&#038;p=431"},"modified":"2026-03-04T14:32:37","modified_gmt":"2026-03-04T11:32:37","slug":"insize-4144-315-granit-gonye","status":"publish","type":"product","link":"https:\/\/insize.com.tr\/en\/product\/insize-4144-315-granit-gonye\/","title":{"rendered":"Insize 4144-315 Granit G\u00f6nye"},"content":{"rendered":"<p><img loading=\"lazy\" decoding=\"async\" class=\"alignnone size-full wp-image-654\" src=\"https:\/\/denizmtl.com\/\/wp-content\/uploads\/2018\/12\/4144.png\" alt=\"\" width=\"866\" height=\"231\" title=\"\"><\/p>","protected":false},"excerpt":{"rendered":"<ul>\n<li>\u00d6zel boyutlarda tedarik edilir.<\/li>\n<li>A\u00e7\u0131klama:\u00a0Granit G\u00f6nye Kare<\/li>\n<li>\u00d6l\u00e7\u00fc:\u00a0315&#215;315 mm<\/li>\n<li><a href=\"https:\/\/denizmtl.com\/wp-content\/uploads\/2022\/01\/4144-GRANIT-GONYE.pdf\"><strong>PDF i\u00e7in t\u0131klay\u0131n\u0131z.<\/strong><\/a><\/li>\n<\/ul>","protected":false},"featured_media":441,"comment_status":"open","ping_status":"closed","template":"","meta":{"inline_featured_image":false},"product_brand":[],"product_cat":[19],"product_tag":[],"class_list":{"0":"post-431","1":"product","2":"type-product","3":"status-publish","4":"has-post-thumbnail","6":"product_cat-aci-olcer-ve-gonyeler","8":"first","9":"instock","10":"shipping-taxable","11":"purchasable","12":"product-type-simple"},"_links":{"self":[{"href":"https:\/\/insize.com.tr\/en\/wp-json\/wp\/v2\/product\/431","targetHints":{"allow":["GET"]}}],"collection":[{"href":"https:\/\/insize.com.tr\/en\/wp-json\/wp\/v2\/product"}],"about":[{"href":"https:\/\/insize.com.tr\/en\/wp-json\/wp\/v2\/types\/product"}],"replies":[{"embeddable":true,"href":"https:\/\/insize.com.tr\/en\/wp-json\/wp\/v2\/comments?post=431"}],"wp:featuredmedia":[{"embeddable":true,"href":"https:\/\/insize.com.tr\/en\/wp-json\/wp\/v2\/media\/441"}],"wp:attachment":[{"href":"https:\/\/insize.com.tr\/en\/wp-json\/wp\/v2\/media?parent=431"}],"wp:term":[{"taxonomy":"product_brand","embeddable":true,"href":"https:\/\/insize.com.tr\/en\/wp-json\/wp\/v2\/product_brand?post=431"},{"taxonomy":"product_cat","embeddable":true,"href":"https:\/\/insize.com.tr\/en\/wp-json\/wp\/v2\/product_cat?post=431"},{"taxonomy":"product_tag","embeddable":true,"href":"https:\/\/insize.com.tr\/en\/wp-json\/wp\/v2\/product_tag?post=431"}],"curies":[{"name":"wp","href":"https:\/\/api.w.org\/{rel}","templated":true}]}}