{"id":4329,"date":"2022-11-14T11:32:00","date_gmt":"2022-11-14T08:32:00","guid":{"rendered":"https:\/\/insize.com.tr\/?post_type=product&#038;p=4329"},"modified":"2026-03-04T14:43:27","modified_gmt":"2026-03-04T11:43:27","slug":"insize-tht-a-sicaklik-ve-nem-test-cihazi","status":"publish","type":"product","link":"https:\/\/insize.com.tr\/en\/product\/insize-tht-a-sicaklik-ve-nem-test-cihazi\/","title":{"rendered":"Insize THT-A S\u0131cakl\u0131k Ve Nem Test Cihaz\u0131"},"content":{"rendered":"<p><strong>Insize THT-A S\u0131cakl\u0131k Ve Nem Kabini<\/strong><\/p>\n<p>S\u0131cakl\u0131k, nem\u00a0 d\u00f6ng\u00fclerini kontrol ederek ger\u00e7ek \u00e7evre ko\u015fullar\u0131n\u0131 sim\u00fcle etmek i\u00e7in kullan\u0131lan cihazlard\u0131r.<\/p>\n<p>Geni\u015f s\u0131cakl\u0131k ve nem kontrol aral\u0131\u011f\u0131 sayesinde farkl\u0131 alanlarda \u00e7e\u015fitli testler yap\u0131labilmektedir.<\/p>\n<p>Uygulanacak maksimum-minimum \u0131s\u0131 ve nem de\u011ferlerinden etkilenmeyecek yap\u0131da malzemeler ile \u00fcretilmi\u015ftir.<\/p>\n<p>Geni\u015f g\u00fcvenlik \u00f6nlemleri paketi ile dolat\u0131lm\u0131\u015f olup sesli ve g\u00f6rsel uyar\u0131 mekanizmas\u0131 mevcuttur.<\/p>\n<p>Yap\u0131lan test verileri usb ba\u011flant\u0131 noktas\u0131 \u00fczerinden raporland\u0131r\u0131labilir.<\/p>","protected":false},"excerpt":{"rendered":"<ul>\n<li>7\u2033 VEYA 10.1\u2033 Dokunmatik ekran,<\/li>\n<li>Nem alma ve ak\u0131ll\u0131 so\u011futma sistemi,<\/li>\n<li>Enerji tasarrufu kontrol algoritmas\u0131,<\/li>\n<li>Usb ile excelle veri aktar\u0131m\u0131,<\/li>\n<li><a href=\"https:\/\/insize.com.tr\/wp-content\/uploads\/2026\/02\/THT-T.pdf\"><strong>Pdf i\u00e7in t\u0131klayn\u0131z.<\/strong><\/a><\/li>\n<\/ul>","protected":false},"featured_media":4330,"comment_status":"open","ping_status":"closed","template":"","meta":{"inline_featured_image":false},"product_brand":[],"product_cat":[56,551],"product_tag":[],"class_list":{"0":"post-4329","1":"product","2":"type-product","3":"status-publish","4":"has-post-thumbnail","6":"product_cat-sicaklik-ve-nem-olcer","7":"product_cat-test-cihazlari","9":"first","10":"instock","11":"shipping-taxable","12":"purchasable","13":"product-type-simple"},"_links":{"self":[{"href":"https:\/\/insize.com.tr\/en\/wp-json\/wp\/v2\/product\/4329","targetHints":{"allow":["GET"]}}],"collection":[{"href":"https:\/\/insize.com.tr\/en\/wp-json\/wp\/v2\/product"}],"about":[{"href":"https:\/\/insize.com.tr\/en\/wp-json\/wp\/v2\/types\/product"}],"replies":[{"embeddable":true,"href":"https:\/\/insize.com.tr\/en\/wp-json\/wp\/v2\/comments?post=4329"}],"wp:featuredmedia":[{"embeddable":true,"href":"https:\/\/insize.com.tr\/en\/wp-json\/wp\/v2\/media\/4330"}],"wp:attachment":[{"href":"https:\/\/insize.com.tr\/en\/wp-json\/wp\/v2\/media?parent=4329"}],"wp:term":[{"taxonomy":"product_brand","embeddable":true,"href":"https:\/\/insize.com.tr\/en\/wp-json\/wp\/v2\/product_brand?post=4329"},{"taxonomy":"product_cat","embeddable":true,"href":"https:\/\/insize.com.tr\/en\/wp-json\/wp\/v2\/product_cat?post=4329"},{"taxonomy":"product_tag","embeddable":true,"href":"https:\/\/insize.com.tr\/en\/wp-json\/wp\/v2\/product_tag?post=4329"}],"curies":[{"name":"wp","href":"https:\/\/api.w.org\/{rel}","templated":true}]}}