{"id":4339,"date":"2022-11-17T16:44:53","date_gmt":"2022-11-17T13:44:53","guid":{"rendered":"https:\/\/insize.com.tr\/?post_type=product&#038;p=4339"},"modified":"2026-04-21T10:42:06","modified_gmt":"2026-04-21T07:42:06","slug":"insize-0411-0200-portatif-iletkenlik-olcer","status":"publish","type":"product","link":"https:\/\/insize.com.tr\/en\/product\/insize-0411-0200-portatif-iletkenlik-olcer\/","title":{"rendered":"Insize 0411-0200 Portatif \u0130letkenlik \u00d6l\u00e7er"},"content":{"rendered":"<p><strong>Insize 0411-0200 Portatif \u0130letkenlik \u00d6l\u00e7er<\/strong><\/p>\n<p>S\u0131v\u0131 iletkenlik \u00f6l\u00e7\u00fcm cihaz\u0131 ile s\u0131v\u0131 malzemelerin iletkenli\u011fi \u00f6l\u00e7\u00fclerek s\u0131v\u0131 hakk\u0131nda yorumlamalar yap\u0131labilir.<\/p>\n<p>Geni\u015f LCD ekran ile \u00f6l\u00e7\u00fcm sonu\u00e7lar\u0131 anl\u0131k olarak g\u00f6r\u00fcnt\u00fclenebilir, \u00f6l\u00e7\u00fcm tepe de\u011ferleri anl\u0131k olarak\u00a0 sabitlenebilir<\/p>\n<p>Cihaz ile gelen kalibrasyon s\u0131v\u0131s\u0131 ile kalibrasyon\u00a0 yap\u0131labilir.<\/p>","protected":false},"excerpt":{"rendered":"<ul>\n<li>IP65 korumal\u0131d\u0131r suya ve toza dayan\u0131kl\u0131d\u0131r.<\/li>\n<li>Her parametre i\u00e7in 200 sete kadar veri kapasitesi mevcuttur.<\/li>\n<li>Otomatik kapan\u0131r.<\/li>\n<li>Otomatik\/manuel s\u0131cakl\u0131k telafisi vard\u0131r.<\/li>\n<li><a href=\"https:\/\/insize.com.tr\/wp-content\/uploads\/2026\/02\/0411-0200.pdf\"><strong>Pdf i\u00e7in t\u0131klay\u0131n\u0131z.<\/strong><\/a><\/li>\n<li><a href=\"https:\/\/insize.com.tr\/wp-content\/uploads\/2026\/03\/0411-0200-E-V0.pdf\"><strong>Kullan\u0131m K\u0131lavuzu<\/strong><\/a><\/li>\n<\/ul>","protected":false},"featured_media":4341,"comment_status":"open","ping_status":"closed","template":"","meta":{"inline_featured_image":false},"product_brand":[],"product_cat":[34,551],"product_tag":[],"class_list":{"0":"post-4339","1":"product","2":"type-product","3":"status-publish","4":"has-post-thumbnail","6":"product_cat-tasinabilir-cihazlar","7":"product_cat-test-cihazlari","9":"first","10":"instock","11":"shipping-taxable","12":"purchasable","13":"product-type-simple"},"_links":{"self":[{"href":"https:\/\/insize.com.tr\/en\/wp-json\/wp\/v2\/product\/4339","targetHints":{"allow":["GET"]}}],"collection":[{"href":"https:\/\/insize.com.tr\/en\/wp-json\/wp\/v2\/product"}],"about":[{"href":"https:\/\/insize.com.tr\/en\/wp-json\/wp\/v2\/types\/product"}],"replies":[{"embeddable":true,"href":"https:\/\/insize.com.tr\/en\/wp-json\/wp\/v2\/comments?post=4339"}],"wp:featuredmedia":[{"embeddable":true,"href":"https:\/\/insize.com.tr\/en\/wp-json\/wp\/v2\/media\/4341"}],"wp:attachment":[{"href":"https:\/\/insize.com.tr\/en\/wp-json\/wp\/v2\/media?parent=4339"}],"wp:term":[{"taxonomy":"product_brand","embeddable":true,"href":"https:\/\/insize.com.tr\/en\/wp-json\/wp\/v2\/product_brand?post=4339"},{"taxonomy":"product_cat","embeddable":true,"href":"https:\/\/insize.com.tr\/en\/wp-json\/wp\/v2\/product_cat?post=4339"},{"taxonomy":"product_tag","embeddable":true,"href":"https:\/\/insize.com.tr\/en\/wp-json\/wp\/v2\/product_tag?post=4339"}],"curies":[{"name":"wp","href":"https:\/\/api.w.org\/{rel}","templated":true}]}}