{"id":436,"date":"2022-10-06T16:46:33","date_gmt":"2022-10-06T13:46:33","guid":{"rendered":"https:\/\/insize.com.tr\/?post_type=product&#038;p=436"},"modified":"2026-04-20T16:44:44","modified_gmt":"2026-04-20T13:44:44","slug":"insize-2113-otomatik-kapanmayan-dijital-komparator-saati","status":"publish","type":"product","link":"https:\/\/insize.com.tr\/en\/product\/insize-2113-otomatik-kapanmayan-dijital-komparator-saati\/","title":{"rendered":"Insize 2113 Otomatik Kapanmayan Dijital Komparat\u00f6r Saati"},"content":{"rendered":"<p><img loading=\"lazy\" decoding=\"async\" class=\"alignnone size-full wp-image-676\" src=\"https:\/\/denizmtl.com\/\/wp-content\/uploads\/2018\/12\/2113.png\" alt=\"\" width=\"1025\" height=\"777\" title=\"\"><\/p>","protected":false},"excerpt":{"rendered":"<ul>\n<li>Otomatik kapanma yoktur<\/li>\n<li>Kal\u0131p ve \u00e7elik yap\u0131lar\u0131n\u0131n deformasyonunu uzun s\u00fcre izleyebilir.<\/li>\n<li>D\u00fc\u015f\u00fck g\u00fc\u00e7 t\u00fcketimi<\/li>\n<li>Tu\u015flar:a\u00e7\/kapa,mm\/inch.<\/li>\n<li>CR2032 Lityum Pil,bilgi \u00e7\u0131k\u0131\u015f\u0131<\/li>\n<li>Otomatik Kapanmayan Dijital Komparat\u00f6r Saati<\/li>\n<li><a href=\"https:\/\/denizmtl.com\/wp-content\/uploads\/2022\/01\/2113-OTOMATIK-KAPANMAYAN-DIJITAL-KOMPARATOR-SAATI.pdf\"><strong>PDF i\u00e7in t\u0131klay\u0131n\u0131z.<\/strong><\/a><\/li>\n<li><a href=\"https:\/\/insize.com.tr\/wp-content\/uploads\/2026\/03\/2113-E-V4.pdf\"><strong>Kullan\u0131m K\u0131lavuzu<\/strong><\/a><\/li>\n<\/ul>","protected":false},"featured_media":446,"comment_status":"open","ping_status":"closed","template":"","meta":{"inline_featured_image":false},"product_brand":[],"product_cat":[24],"product_tag":[],"class_list":{"0":"post-436","1":"product","2":"type-product","3":"status-publish","4":"has-post-thumbnail","6":"product_cat-komparatorler","8":"first","9":"instock","10":"shipping-taxable","11":"purchasable","12":"product-type-variable"},"_links":{"self":[{"href":"https:\/\/insize.com.tr\/en\/wp-json\/wp\/v2\/product\/436","targetHints":{"allow":["GET"]}}],"collection":[{"href":"https:\/\/insize.com.tr\/en\/wp-json\/wp\/v2\/product"}],"about":[{"href":"https:\/\/insize.com.tr\/en\/wp-json\/wp\/v2\/types\/product"}],"replies":[{"embeddable":true,"href":"https:\/\/insize.com.tr\/en\/wp-json\/wp\/v2\/comments?post=436"}],"wp:featuredmedia":[{"embeddable":true,"href":"https:\/\/insize.com.tr\/en\/wp-json\/wp\/v2\/media\/446"}],"wp:attachment":[{"href":"https:\/\/insize.com.tr\/en\/wp-json\/wp\/v2\/media?parent=436"}],"wp:term":[{"taxonomy":"product_brand","embeddable":true,"href":"https:\/\/insize.com.tr\/en\/wp-json\/wp\/v2\/product_brand?post=436"},{"taxonomy":"product_cat","embeddable":true,"href":"https:\/\/insize.com.tr\/en\/wp-json\/wp\/v2\/product_cat?post=436"},{"taxonomy":"product_tag","embeddable":true,"href":"https:\/\/insize.com.tr\/en\/wp-json\/wp\/v2\/product_tag?post=436"}],"curies":[{"name":"wp","href":"https:\/\/api.w.org\/{rel}","templated":true}]}}