{"id":4416,"date":"2022-11-23T11:57:28","date_gmt":"2022-11-23T08:57:28","guid":{"rendered":"https:\/\/insize.com.tr\/?post_type=product&#038;p=4416"},"modified":"2026-04-21T10:42:06","modified_gmt":"2026-04-21T07:42:06","slug":"insize-0110-1125-anemometre","status":"publish","type":"product","link":"https:\/\/insize.com.tr\/en\/product\/insize-0110-1125-anemometre\/","title":{"rendered":"Insize 0110-1125 Anemometre"},"content":{"rendered":"<p><strong>Insize 0110-1125 Anemometre<\/strong><\/p>\n<p>R\u00fczg\u00e2r ve hava h\u0131z\u0131n\u0131 \u00f6l\u00e7\u00fcm yapan\u00a0 alettir.<\/p>\n<p>Havaland\u0131rma sistemlerinde ve Meteoroloji istasyonlar\u0131nda kullan\u0131l\u0131r.<\/p>\n<p>Maksimum ve minimum ortalama de\u011fer g\u00f6r\u00fcnt\u00fclenebilir.<\/p>\n<p>Geni\u015f LCD ekran \u00f6l\u00e7\u00fcm sonu\u00e7lar\u0131nda okuma kolayl\u0131\u011f\u0131 sa\u011flamaktad\u0131r.<\/p>","protected":false},"excerpt":{"rendered":"<ul>\n<li>Hava h\u0131z\u0131 ve s\u0131cakl\u0131\u011f\u0131 \u00f6l\u00e7\u00fcl\u00fcr.<\/li>\n<li>Minimum ve maximum veri tutma \u00f6zelli\u011fi,<\/li>\n<li>Bluetooth 4.0<\/li>\n<li>Otomatik kapanma<\/li>\n<li><a href=\"https:\/\/insize.com.tr\/wp-content\/uploads\/2026\/02\/0110-1125.pdf\"><strong>Pdf i\u00e7in t\u0131klay\u0131n\u0131z.<\/strong><\/a><\/li>\n<li><a href=\"https:\/\/insize.com.tr\/wp-content\/uploads\/2026\/03\/0110-1125-E-V2.pdf\"><strong>Kullan\u0131m K\u0131lavuzu<\/strong><\/a><\/li>\n<\/ul>","protected":false},"featured_media":4417,"comment_status":"open","ping_status":"closed","template":"","meta":{"inline_featured_image":false},"product_brand":[],"product_cat":[34,551],"product_tag":[],"class_list":{"0":"post-4416","1":"product","2":"type-product","3":"status-publish","4":"has-post-thumbnail","6":"product_cat-tasinabilir-cihazlar","7":"product_cat-test-cihazlari","9":"first","10":"instock","11":"shipping-taxable","12":"purchasable","13":"product-type-simple"},"_links":{"self":[{"href":"https:\/\/insize.com.tr\/en\/wp-json\/wp\/v2\/product\/4416","targetHints":{"allow":["GET"]}}],"collection":[{"href":"https:\/\/insize.com.tr\/en\/wp-json\/wp\/v2\/product"}],"about":[{"href":"https:\/\/insize.com.tr\/en\/wp-json\/wp\/v2\/types\/product"}],"replies":[{"embeddable":true,"href":"https:\/\/insize.com.tr\/en\/wp-json\/wp\/v2\/comments?post=4416"}],"wp:featuredmedia":[{"embeddable":true,"href":"https:\/\/insize.com.tr\/en\/wp-json\/wp\/v2\/media\/4417"}],"wp:attachment":[{"href":"https:\/\/insize.com.tr\/en\/wp-json\/wp\/v2\/media?parent=4416"}],"wp:term":[{"taxonomy":"product_brand","embeddable":true,"href":"https:\/\/insize.com.tr\/en\/wp-json\/wp\/v2\/product_brand?post=4416"},{"taxonomy":"product_cat","embeddable":true,"href":"https:\/\/insize.com.tr\/en\/wp-json\/wp\/v2\/product_cat?post=4416"},{"taxonomy":"product_tag","embeddable":true,"href":"https:\/\/insize.com.tr\/en\/wp-json\/wp\/v2\/product_tag?post=4416"}],"curies":[{"name":"wp","href":"https:\/\/api.w.org\/{rel}","templated":true}]}}