{"id":4423,"date":"2022-11-24T10:04:42","date_gmt":"2022-11-24T07:04:42","guid":{"rendered":"https:\/\/insize.com.tr\/?post_type=product&#038;p=4423"},"modified":"2026-03-04T14:43:41","modified_gmt":"2026-03-04T11:43:41","slug":"insize-qms-aserisi-hizli-olcum-sistemleri-hareketli-tabla-ile","status":"publish","type":"product","link":"https:\/\/insize.com.tr\/en\/product\/insize-qms-aserisi-hizli-olcum-sistemleri-hareketli-tabla-ile\/","title":{"rendered":"Insize QMS-A Serisi H\u0131zl\u0131 \u00d6l\u00e7\u00fcm Sistemleri (Hareketli Tabla \u0130le)"},"content":{"rendered":"<p>Insize QMS-ASerisi H\u0131zl\u0131 \u00d6l\u00e7\u00fcm Sistemleri (Hareketli Tabla \u0130le)<\/p>\n<ul>\n<li>Cihaz tablas\u0131 X ve Y Eksenlerinde hareket edebilir<\/li>\n<li>Y\u00fczeyden ve alttan ayd\u0131nlat\u0131larak i\u015f par\u00e7as\u0131n\u0131n g\u00f6r\u00fcnt\u00fcleme ve\u00a0 \u00f6l\u00e7\u00fcm yap\u0131labilir.<\/li>\n<li>Numune \u00f6l\u00e7\u00fcmleri kaydedilir ve bir sonra ki \u00f6l\u00e7\u00fcmlerde maksimum 2 saniyede h\u0131zl\u0131 \u00f6l\u00e7\u00fcm yap\u0131labilir.<\/li>\n<li>\u00d6l\u00e7\u00fcm modalar\u0131 ile otomatik geometri olu\u015fturulabilir ve otomatik \u00f6l\u00e7\u00fcm yap\u0131labilir<\/li>\n<li>\u00d6l\u00e7\u00fcm sonu\u00e7lar\u0131 raporland\u0131r\u0131labilir, \u00c7oklu \u00f6l\u00e7\u00fcmlerde istatistik olu\u015fturulabilir.<\/li>\n<li>\u00d6l\u00e7\u00fcmlere alt-\u00fcst tolerans girilebilir.<\/li>\n<li>Y\u00fczey ayd\u0131nlatmas\u0131nda bulunan halka \u0131\u015f\u0131klar ayarlanabilir ve 4 farkl\u0131 y\u00f6nden ayd\u0131nlat\u0131labilir.<\/li>\n<li>\u0130\u015f par\u00e7as\u0131 odak ve ayd\u0131nlatma ayar\u0131 otomatik olarak cihaz taraf\u0131ndan yap\u0131l\u0131r, manuel olarak operat\u00f6r de ayarlayabilir.<\/li>\n<li>Ayn\u0131 anda birden fazla i\u015f par\u00e7as\u0131 \u00f6l\u00e7\u00fcm\u00fc yap\u0131labilir.<\/li>\n<\/ul>\n<p>[block id=&#8221;qms&#8221;]<\/p>\n","protected":false},"excerpt":{"rendered":"<ul>\n<li>Bir veya daha fazla i\u015f par\u00e7as\u0131 tek ad\u0131ml\u0131 i\u015flemle \u00f6l\u00e7\u00fclebilir.<\/li>\n<li>\u0130\u015f par\u00e7alar\u0131n\u0131 herhangi bir konuma yerle\u015ftirin ve otomatik olarak odaklar ve \u00f6l\u00e7er<\/li>\n<li>Optimum s\u0131cakl\u0131k 20\u00b0\u00b1 1\u00b0dir.<\/li>\n<li>80\u00d764 mm i\u00e7inde odak konumunda ve 20\u00b0\u00b1 1\u00b0 ortam s\u0131cakl\u0131\u011f\u0131nda<\/li>\n<li>40x28mm i\u00e7inde odak konumunda +20\u00b0 \u00b11\u00b0 ortam s\u0131cakl\u0131\u011f\u0131nda,<\/li>\n<li><a href=\"https:\/\/insize.com.tr\/wp-content\/uploads\/2022\/11\/QMS-A320-N-1.pdf\"><strong>Pdf i\u00e7in t\u0131klay\u0131n\u0131z.<\/strong><\/a><\/li>\n<\/ul>\n<p>[block id=&#8221;qms&#8221;]<\/p>\n","protected":false},"featured_media":4424,"comment_status":"open","ping_status":"closed","template":"","meta":{"inline_featured_image":false},"product_brand":[],"product_cat":[31,551],"product_tag":[],"class_list":{"0":"post-4423","1":"product","2":"type-product","3":"status-publish","4":"has-post-thumbnail","6":"product_cat-goruntu-olcum-sistemleri","7":"product_cat-test-cihazlari","9":"first","10":"instock","11":"shipping-taxable","12":"purchasable","13":"product-type-variable"},"_links":{"self":[{"href":"https:\/\/insize.com.tr\/en\/wp-json\/wp\/v2\/product\/4423","targetHints":{"allow":["GET"]}}],"collection":[{"href":"https:\/\/insize.com.tr\/en\/wp-json\/wp\/v2\/product"}],"about":[{"href":"https:\/\/insize.com.tr\/en\/wp-json\/wp\/v2\/types\/product"}],"replies":[{"embeddable":true,"href":"https:\/\/insize.com.tr\/en\/wp-json\/wp\/v2\/comments?post=4423"}],"wp:featuredmedia":[{"embeddable":true,"href":"https:\/\/insize.com.tr\/en\/wp-json\/wp\/v2\/media\/4424"}],"wp:attachment":[{"href":"https:\/\/insize.com.tr\/en\/wp-json\/wp\/v2\/media?parent=4423"}],"wp:term":[{"taxonomy":"product_brand","embeddable":true,"href":"https:\/\/insize.com.tr\/en\/wp-json\/wp\/v2\/product_brand?post=4423"},{"taxonomy":"product_cat","embeddable":true,"href":"https:\/\/insize.com.tr\/en\/wp-json\/wp\/v2\/product_cat?post=4423"},{"taxonomy":"product_tag","embeddable":true,"href":"https:\/\/insize.com.tr\/en\/wp-json\/wp\/v2\/product_tag?post=4423"}],"curies":[{"name":"wp","href":"https:\/\/api.w.org\/{rel}","templated":true}]}}