{"id":4427,"date":"2022-11-24T10:28:24","date_gmt":"2022-11-24T07:28:24","guid":{"rendered":"https:\/\/insize.com.tr\/?post_type=product&#038;p=4427"},"modified":"2026-03-04T14:43:41","modified_gmt":"2026-03-04T11:43:41","slug":"insize-qms-a-serisi-hizli-olcum-sistemleri-hareketsiz-tabla-ile","status":"publish","type":"product","link":"https:\/\/insize.com.tr\/en\/product\/insize-qms-a-serisi-hizli-olcum-sistemleri-hareketsiz-tabla-ile\/","title":{"rendered":"Insize QMS-A Serisi H\u0131zl\u0131 \u00d6l\u00e7\u00fcm Sistemleri (Hareketsiz Tabla \u0130le)"},"content":{"rendered":"<p><strong>Insize QMS-A Serisi H\u0131zl\u0131 \u00d6l\u00e7\u00fcm Sistemleri (Hareketsiz Tabla \u0130le)<\/strong><\/p>\n<ul>\n<li style=\"list-style-type: none;\">\n<ul>\n<li>Y\u00fczeyden ve alttan ayd\u0131nlat\u0131larak i\u015f par\u00e7as\u0131n\u0131n g\u00f6r\u00fcnt\u00fcleme ve\u00a0 \u00f6l\u00e7\u00fcm yap\u0131labilir.<\/li>\n<li>Numune \u00f6l\u00e7\u00fcmleri kaydedilir ve bir sonra ki \u00f6l\u00e7\u00fcmlerde maksimum 2 saniyede h\u0131zl\u0131 \u00f6l\u00e7\u00fcm yap\u0131labilir.<\/li>\n<li>\u00d6l\u00e7\u00fcm modalar\u0131 ile otomatik geometri olu\u015fturulabilir ve otomatik \u00f6l\u00e7\u00fcm yap\u0131labilir<\/li>\n<li>\u00d6l\u00e7\u00fcm sonu\u00e7lar\u0131 raporland\u0131r\u0131labilir, \u00c7oklu \u00f6l\u00e7\u00fcmlerde istatistik olu\u015fturulabilir.<\/li>\n<li>\u00d6l\u00e7\u00fcmlere alt-\u00fcst tolerans girilebilir.<\/li>\n<li>Y\u00fczey ayd\u0131nlatmas\u0131nda bulunan halka \u0131\u015f\u0131klar ayarlanabilir ve 4 farkl\u0131 y\u00f6nden ayd\u0131nlat\u0131labilir.<\/li>\n<li>\u0130\u015f par\u00e7as\u0131 odak ve ayd\u0131nlatma ayar\u0131 otomatik olarak cihaz taraf\u0131ndan yap\u0131l\u0131r, manuel olarak operat\u00f6r de ayarlayabilir.<\/li>\n<li>Ayn\u0131 anda birden fazla i\u015f par\u00e7as\u0131 \u00f6l\u00e7\u00fcm\u00fc yap\u0131labilir.<\/li>\n<\/ul>\n<\/li>\n<\/ul>\n<p><iframe loading=\"lazy\" title=\"QMS A110 H\u0131zl\u0131 \u00d6l\u00e7\u00fcm Sistemleri\" width=\"500\" height=\"281\" src=\"https:\/\/www.youtube.com\/embed\/DY5Q-Mh4TlU?feature=oembed\" frameborder=\"0\" allow=\"accelerometer; autoplay; clipboard-write; encrypted-media; gyroscope; picture-in-picture; web-share\" referrerpolicy=\"strict-origin-when-cross-origin\" allowfullscreen><\/iframe><\/p>\n<p>[block id=&#8221;qms&#8221;]<\/p>\n","protected":false},"excerpt":{"rendered":"<ul>\n<li>2 Boyutlu optik h\u0131zl\u0131 (2 saniye) \u00f6l\u00e7\u00fcm sistemi<\/li>\n<li>3 Farkl\u0131 \u0131\u015f\u0131k kayna\u011f\u0131, y\u00fczey ayd\u0131nlatmas\u0131 halka led \u0131\u015f\u0131k<\/li>\n<li>Ergonomik cihaz yap\u0131s\u0131, Bilgisayar ve yaz\u0131l\u0131m dahil<\/li>\n<li>Otomatik ve manuel \u0131\u015f\u0131k ayar\u0131<\/li>\n<li>Otomatik ve manuel odak ayar\u0131<\/li>\n<li>Bir ve birden \u00e7ok i\u015f par\u00e7as\u0131nda ayn\u0131 anda \u00f6l\u00e7\u00fcm yapabilme<\/li>\n<li>\u0130\u015f par\u00e7as\u0131nda orijin\u00a0 ve referans belirlemeden seri \u00f6l\u00e7\u00fcm yapabilme<\/li>\n<li>Yaz\u0131l\u0131m ile \u0130\u015f par\u00e7as\u0131 \u00fczerinde otomatik geometri olu\u015fturma ve \u00f6l\u00e7me<\/li>\n<li>2D Geometrik Tolerans sorgulama<\/li>\n<li>Optimum s\u0131cakl\u0131k 20\u00b0\u00b1 1\u00b0dir.<\/li>\n<li><a href=\"https:\/\/insize.com.tr\/wp-content\/uploads\/2026\/02\/QMS-A-Hareketsiz-tabla.pdf\"><strong>Pdf i\u00e7in t\u0131klay\u0131n\u0131z.<\/strong><\/a><\/li>\n<\/ul>\n<p>[block id=&#8221;qms&#8221;]<\/p>\n","protected":false},"featured_media":4430,"comment_status":"open","ping_status":"closed","template":"","meta":{"inline_featured_image":false},"product_brand":[],"product_cat":[31,551],"product_tag":[],"class_list":{"0":"post-4427","1":"product","2":"type-product","3":"status-publish","4":"has-post-thumbnail","6":"product_cat-goruntu-olcum-sistemleri","7":"product_cat-test-cihazlari","9":"first","10":"instock","11":"shipping-taxable","12":"purchasable","13":"product-type-variable"},"_links":{"self":[{"href":"https:\/\/insize.com.tr\/en\/wp-json\/wp\/v2\/product\/4427","targetHints":{"allow":["GET"]}}],"collection":[{"href":"https:\/\/insize.com.tr\/en\/wp-json\/wp\/v2\/product"}],"about":[{"href":"https:\/\/insize.com.tr\/en\/wp-json\/wp\/v2\/types\/product"}],"replies":[{"embeddable":true,"href":"https:\/\/insize.com.tr\/en\/wp-json\/wp\/v2\/comments?post=4427"}],"wp:featuredmedia":[{"embeddable":true,"href":"https:\/\/insize.com.tr\/en\/wp-json\/wp\/v2\/media\/4430"}],"wp:attachment":[{"href":"https:\/\/insize.com.tr\/en\/wp-json\/wp\/v2\/media?parent=4427"}],"wp:term":[{"taxonomy":"product_brand","embeddable":true,"href":"https:\/\/insize.com.tr\/en\/wp-json\/wp\/v2\/product_brand?post=4427"},{"taxonomy":"product_cat","embeddable":true,"href":"https:\/\/insize.com.tr\/en\/wp-json\/wp\/v2\/product_cat?post=4427"},{"taxonomy":"product_tag","embeddable":true,"href":"https:\/\/insize.com.tr\/en\/wp-json\/wp\/v2\/product_tag?post=4427"}],"curies":[{"name":"wp","href":"https:\/\/api.w.org\/{rel}","templated":true}]}}