{"id":449,"date":"2022-10-06T16:46:36","date_gmt":"2022-10-06T13:46:36","guid":{"rendered":"https:\/\/insize.com.tr\/?post_type=product&#038;p=449"},"modified":"2026-04-20T16:44:45","modified_gmt":"2026-04-20T13:44:45","slug":"insize-2115-su-gecirmez-dijital-komparator-saati","status":"publish","type":"product","link":"https:\/\/insize.com.tr\/en\/product\/insize-2115-su-gecirmez-dijital-komparator-saati\/","title":{"rendered":"Insize 2115 Su Ge\u00e7irmez Dijital Komparat\u00f6r Saati"},"content":{"rendered":"<p><img loading=\"lazy\" decoding=\"async\" class=\"alignnone size-full wp-image-702\" src=\"https:\/\/denizmtl.com\/\/wp-content\/uploads\/2018\/12\/2115.png\" alt=\"\" width=\"1025\" height=\"777\" title=\"\"><\/p>","protected":false},"excerpt":{"rendered":"<ul>\n<li>Toza\/suya kar\u015f\u0131 dayan\u0131kl\u0131<\/li>\n<li>Bilgi \u00e7\u0131k\u0131\u015f<\/li>\n<li>CR2032 Pil<\/li>\n<li>Tu\u015flar a\u00e7ma\/kapama<\/li>\n<li>Su Ge\u00e7irmez Dijital Komparat\u00f6r Saati<\/li>\n<li><a href=\"https:\/\/denizmtl.com\/wp-content\/uploads\/2022\/01\/2115-SU-GECIRMEZ-DIJITAL-KOMPARATOR-SAATI.pdf\"><strong>PDF i\u00e7in t\u0131klay\u0131n\u0131z.<\/strong><\/a><\/li>\n<li><a href=\"https:\/\/insize.com.tr\/wp-content\/uploads\/2026\/03\/2115-E-V6.pdf\"><strong>Kullan\u0131m K\u0131lavuzu<\/strong><\/a><\/li>\n<\/ul>","protected":false},"featured_media":478,"comment_status":"open","ping_status":"closed","template":"","meta":{"inline_featured_image":false},"product_brand":[],"product_cat":[24],"product_tag":[],"class_list":{"0":"post-449","1":"product","2":"type-product","3":"status-publish","4":"has-post-thumbnail","6":"product_cat-komparatorler","8":"first","9":"instock","10":"shipping-taxable","11":"purchasable","12":"product-type-variable"},"_links":{"self":[{"href":"https:\/\/insize.com.tr\/en\/wp-json\/wp\/v2\/product\/449","targetHints":{"allow":["GET"]}}],"collection":[{"href":"https:\/\/insize.com.tr\/en\/wp-json\/wp\/v2\/product"}],"about":[{"href":"https:\/\/insize.com.tr\/en\/wp-json\/wp\/v2\/types\/product"}],"replies":[{"embeddable":true,"href":"https:\/\/insize.com.tr\/en\/wp-json\/wp\/v2\/comments?post=449"}],"wp:featuredmedia":[{"embeddable":true,"href":"https:\/\/insize.com.tr\/en\/wp-json\/wp\/v2\/media\/478"}],"wp:attachment":[{"href":"https:\/\/insize.com.tr\/en\/wp-json\/wp\/v2\/media?parent=449"}],"wp:term":[{"taxonomy":"product_brand","embeddable":true,"href":"https:\/\/insize.com.tr\/en\/wp-json\/wp\/v2\/product_brand?post=449"},{"taxonomy":"product_cat","embeddable":true,"href":"https:\/\/insize.com.tr\/en\/wp-json\/wp\/v2\/product_cat?post=449"},{"taxonomy":"product_tag","embeddable":true,"href":"https:\/\/insize.com.tr\/en\/wp-json\/wp\/v2\/product_tag?post=449"}],"curies":[{"name":"wp","href":"https:\/\/api.w.org\/{rel}","templated":true}]}}