{"id":453,"date":"2022-10-06T16:46:36","date_gmt":"2022-10-06T13:46:36","guid":{"rendered":"https:\/\/insize.com.tr\/?post_type=product&#038;p=453"},"modified":"2026-04-20T16:44:46","modified_gmt":"2026-04-20T13:44:46","slug":"insize-2117-genis-hareketli-dijital-komparator","status":"publish","type":"product","link":"https:\/\/insize.com.tr\/en\/product\/insize-2117-genis-hareketli-dijital-komparator\/","title":{"rendered":"Insize 2117 Geni\u015f Hareketli Dijital Komparat\u00f6r"},"content":{"rendered":"<p><img loading=\"lazy\" decoding=\"async\" class=\"alignnone size-full wp-image-742\" src=\"https:\/\/denizmtl.com\/\/wp-content\/uploads\/2018\/12\/2117.png\" alt=\"\" width=\"1025\" height=\"777\" title=\"\">21<\/p>","protected":false},"excerpt":{"rendered":"<ul>\n<li>Tu\u015flar:a\u00e7\/kapa,mm\/inch<\/li>\n<li>CR2032 Pil,otomatik kapanma<\/li>\n<li>Bilgi \u00e7\u0131k\u0131\u015f\u0131<\/li>\n<li>Geni\u015f Hareketli Dijital Komparat\u00f6r &#8211; 2117<\/li>\n<li><a href=\"https:\/\/denizmtl.com\/wp-content\/uploads\/2022\/01\/2117-GENIS-HAREKETLI-DIJITAL-KOMPARATOR.pdf\"><strong>PDF i\u00e7in t\u0131klay\u0131n\u0131z.<\/strong><\/a><\/li>\n<li><a href=\"https:\/\/insize.com.tr\/wp-content\/uploads\/2026\/03\/2117-E-V3.pdf\"><strong>Kullan\u0131m K\u0131lavuzu<\/strong><\/a><\/li>\n<\/ul>","protected":false},"featured_media":482,"comment_status":"open","ping_status":"closed","template":"","meta":{"inline_featured_image":false},"product_brand":[],"product_cat":[24],"product_tag":[],"class_list":{"0":"post-453","1":"product","2":"type-product","3":"status-publish","4":"has-post-thumbnail","6":"product_cat-komparatorler","8":"first","9":"instock","10":"shipping-taxable","11":"purchasable","12":"product-type-variable"},"_links":{"self":[{"href":"https:\/\/insize.com.tr\/en\/wp-json\/wp\/v2\/product\/453","targetHints":{"allow":["GET"]}}],"collection":[{"href":"https:\/\/insize.com.tr\/en\/wp-json\/wp\/v2\/product"}],"about":[{"href":"https:\/\/insize.com.tr\/en\/wp-json\/wp\/v2\/types\/product"}],"replies":[{"embeddable":true,"href":"https:\/\/insize.com.tr\/en\/wp-json\/wp\/v2\/comments?post=453"}],"wp:featuredmedia":[{"embeddable":true,"href":"https:\/\/insize.com.tr\/en\/wp-json\/wp\/v2\/media\/482"}],"wp:attachment":[{"href":"https:\/\/insize.com.tr\/en\/wp-json\/wp\/v2\/media?parent=453"}],"wp:term":[{"taxonomy":"product_brand","embeddable":true,"href":"https:\/\/insize.com.tr\/en\/wp-json\/wp\/v2\/product_brand?post=453"},{"taxonomy":"product_cat","embeddable":true,"href":"https:\/\/insize.com.tr\/en\/wp-json\/wp\/v2\/product_cat?post=453"},{"taxonomy":"product_tag","embeddable":true,"href":"https:\/\/insize.com.tr\/en\/wp-json\/wp\/v2\/product_tag?post=453"}],"curies":[{"name":"wp","href":"https:\/\/api.w.org\/{rel}","templated":true}]}}