{"id":456,"date":"2022-10-06T16:46:36","date_gmt":"2022-10-06T13:46:36","guid":{"rendered":"https:\/\/insize.com.tr\/?post_type=product&#038;p=456"},"modified":"2026-04-20T16:44:46","modified_gmt":"2026-04-20T13:44:46","slug":"insize-2132-dijital-dis-cap-komparatoru","status":"publish","type":"product","link":"https:\/\/insize.com.tr\/en\/product\/insize-2132-dijital-dis-cap-komparatoru\/","title":{"rendered":"Insize 2132 Dijital D\u0131\u015f \u00c7ap Komparat\u00f6r\u00fc"},"content":{"rendered":"<p><img loading=\"lazy\" decoding=\"async\" class=\"alignnone size-full wp-image-761\" src=\"https:\/\/denizmtl.com\/\/wp-content\/uploads\/2018\/12\/2132.png\" alt=\"\" width=\"1025\" height=\"777\" title=\"\"><\/p>","protected":false},"excerpt":{"rendered":"<ul>\n<li>Karb\u00fcr \u00f6l\u00e7\u00fcm a\u011f\u0131zlar\u0131,<\/li>\n<li>Dijital ve Analog okuma,<\/li>\n<li>G\u00f6sterge 320\u00b0 d\u00f6nebilir.<\/li>\n<li>Tu\u015flar:Ge\u00e7er ve ge\u00e7mez tolerans g\u00f6stergesi, veri \u00f6n ayar,\u00f6l\u00e7\u00fcm y\u00f6n\u00fc de\u011fi\u015fimi,<\/li>\n<li>Bilgi \u00e7\u0131k\u0131\u015f<\/li>\n<li><a href=\"https:\/\/denizmtl.com\/wp-content\/uploads\/2022\/01\/2132-DIJITAL-DIS-CAP-KOMPARATORU.pdf\"><strong>PDF i\u00e7in t\u0131klay\u0131n\u0131z.<\/strong><\/a><\/li>\n<li><a href=\"https:\/\/insize.com.tr\/wp-content\/uploads\/2026\/03\/2132-E-V2.pdf\"><strong>Kullan\u0131m K\u0131lavuzu<\/strong><\/a><\/li>\n<\/ul>","protected":false},"featured_media":484,"comment_status":"open","ping_status":"closed","template":"","meta":{"inline_featured_image":false},"product_brand":[],"product_cat":[24],"product_tag":[],"class_list":{"0":"post-456","1":"product","2":"type-product","3":"status-publish","4":"has-post-thumbnail","6":"product_cat-komparatorler","8":"first","9":"instock","10":"shipping-taxable","11":"purchasable","12":"product-type-variable"},"_links":{"self":[{"href":"https:\/\/insize.com.tr\/en\/wp-json\/wp\/v2\/product\/456","targetHints":{"allow":["GET"]}}],"collection":[{"href":"https:\/\/insize.com.tr\/en\/wp-json\/wp\/v2\/product"}],"about":[{"href":"https:\/\/insize.com.tr\/en\/wp-json\/wp\/v2\/types\/product"}],"replies":[{"embeddable":true,"href":"https:\/\/insize.com.tr\/en\/wp-json\/wp\/v2\/comments?post=456"}],"wp:featuredmedia":[{"embeddable":true,"href":"https:\/\/insize.com.tr\/en\/wp-json\/wp\/v2\/media\/484"}],"wp:attachment":[{"href":"https:\/\/insize.com.tr\/en\/wp-json\/wp\/v2\/media?parent=456"}],"wp:term":[{"taxonomy":"product_brand","embeddable":true,"href":"https:\/\/insize.com.tr\/en\/wp-json\/wp\/v2\/product_brand?post=456"},{"taxonomy":"product_cat","embeddable":true,"href":"https:\/\/insize.com.tr\/en\/wp-json\/wp\/v2\/product_cat?post=456"},{"taxonomy":"product_tag","embeddable":true,"href":"https:\/\/insize.com.tr\/en\/wp-json\/wp\/v2\/product_tag?post=456"}],"curies":[{"name":"wp","href":"https:\/\/api.w.org\/{rel}","templated":true}]}}