{"id":460,"date":"2022-10-06T16:46:36","date_gmt":"2022-10-06T13:46:36","guid":{"rendered":"https:\/\/insize.com.tr\/?post_type=product&#038;p=460"},"modified":"2026-04-20T16:44:48","modified_gmt":"2026-04-20T13:44:48","slug":"insize-2152-silindir-komparator-kucuk-delikler-icin","status":"publish","type":"product","link":"https:\/\/insize.com.tr\/en\/product\/insize-2152-silindir-komparator-kucuk-delikler-icin\/","title":{"rendered":"Insize 2152 Silindir Komparat\u00f6r (K\u00fc\u00e7\u00fck Delikler \u0130\u00e7in )"},"content":{"rendered":"<p><img loading=\"lazy\" decoding=\"async\" class=\"alignnone size-full wp-image-787\" src=\"https:\/\/denizmtl.com\/\/wp-content\/uploads\/2018\/12\/2152.png\" alt=\"\" width=\"1025\" height=\"777\" title=\"\"><\/p>","protected":false},"excerpt":{"rendered":"<ul>\n<li>Halka mastar \u00f6l\u00e7\u00fcs\u00fc girildikten sonra \u00e7ap otomatik olarak okunur.<\/li>\n<li>Minimum de\u011fer okuma fonksiyonu \u00e7ap\u0131 otomatik olarak bulabilir.<\/li>\n<li>Opsiyonel aksesuarlar:s\u0131f\u0131rlama mastar\u0131<\/li>\n<li>Silindir Komparat\u00f6r (K\u00fc\u00e7\u00fck Delikler \u0130\u00e7in )<\/li>\n<li><a href=\"https:\/\/denizmtl.com\/wp-content\/uploads\/2022\/01\/2152-SILINDIR-KOMPARATORU-KUCUK-DELIKLER-ICIN-.pdf\"><strong>PDF i\u00e7in t\u0131klay\u0131n\u0131z.<\/strong><\/a><\/li>\n<\/ul>","protected":false},"featured_media":487,"comment_status":"open","ping_status":"closed","template":"","meta":{"inline_featured_image":false},"product_brand":[],"product_cat":[24],"product_tag":[],"class_list":{"0":"post-460","1":"product","2":"type-product","3":"status-publish","4":"has-post-thumbnail","6":"product_cat-komparatorler","8":"first","9":"instock","10":"shipping-taxable","11":"purchasable","12":"product-type-variable"},"_links":{"self":[{"href":"https:\/\/insize.com.tr\/en\/wp-json\/wp\/v2\/product\/460","targetHints":{"allow":["GET"]}}],"collection":[{"href":"https:\/\/insize.com.tr\/en\/wp-json\/wp\/v2\/product"}],"about":[{"href":"https:\/\/insize.com.tr\/en\/wp-json\/wp\/v2\/types\/product"}],"replies":[{"embeddable":true,"href":"https:\/\/insize.com.tr\/en\/wp-json\/wp\/v2\/comments?post=460"}],"wp:featuredmedia":[{"embeddable":true,"href":"https:\/\/insize.com.tr\/en\/wp-json\/wp\/v2\/media\/487"}],"wp:attachment":[{"href":"https:\/\/insize.com.tr\/en\/wp-json\/wp\/v2\/media?parent=460"}],"wp:term":[{"taxonomy":"product_brand","embeddable":true,"href":"https:\/\/insize.com.tr\/en\/wp-json\/wp\/v2\/product_brand?post=460"},{"taxonomy":"product_cat","embeddable":true,"href":"https:\/\/insize.com.tr\/en\/wp-json\/wp\/v2\/product_cat?post=460"},{"taxonomy":"product_tag","embeddable":true,"href":"https:\/\/insize.com.tr\/en\/wp-json\/wp\/v2\/product_tag?post=460"}],"curies":[{"name":"wp","href":"https:\/\/api.w.org\/{rel}","templated":true}]}}