{"id":462,"date":"2022-10-06T16:46:36","date_gmt":"2022-10-06T13:46:36","guid":{"rendered":"https:\/\/insize.com.tr\/?post_type=product&#038;p=462"},"modified":"2026-04-20T16:44:42","modified_gmt":"2026-04-20T13:44:42","slug":"insize-2163-25-dijital-kalinlik-komparatoru","status":"publish","type":"product","link":"https:\/\/insize.com.tr\/en\/product\/insize-2163-25-dijital-kalinlik-komparatoru\/","title":{"rendered":"Insize 2163-25 Dijital Kal\u0131nl\u0131k Komparat\u00f6r\u00fc"},"content":{"rendered":"<p><img loading=\"lazy\" decoding=\"async\" class=\"alignnone size-full wp-image-801\" src=\"https:\/\/denizmtl.com\/\/wp-content\/uploads\/2018\/12\/2163.png\" alt=\"\" width=\"1046\" height=\"777\" title=\"\"><\/p>","protected":false},"excerpt":{"rendered":"<ul>\n<li>Kal\u0131nl\u0131k ve boru duvar kal\u0131nl\u0131\u011f\u0131 \u00f6l\u00e7\u00fcm\u00fcnde kullan\u0131l\u0131r.<\/li>\n<li>\u00c7\u00f6z\u00fcn\u00fcrl\u00fck 0,01mm\/0,0005&#8243;<\/li>\n<li>Dijital Kal\u0131nl\u0131k Komparat\u00f6r\u00fc Yatay Tip<\/li>\n<li>\u00d6l\u00e7\u00fc: 0-25mm\/0-1&#8243;<\/li>\n<li>Hassasiyet: 0.01mm<\/li>\n<li><a href=\"https:\/\/denizmtl.com\/wp-content\/uploads\/2022\/01\/2163-DIJITAL-KALINLIK-KOMPARATORU.pdf\"><strong>PDF i\u00e7in t\u0131klay\u0131n\u0131z.<\/strong><\/a><\/li>\n<\/ul>","protected":false},"featured_media":488,"comment_status":"open","ping_status":"closed","template":"","meta":{"inline_featured_image":false},"product_brand":[],"product_cat":[24],"product_tag":[],"class_list":{"0":"post-462","1":"product","2":"type-product","3":"status-publish","4":"has-post-thumbnail","6":"product_cat-komparatorler","8":"first","9":"instock","10":"shipping-taxable","11":"purchasable","12":"product-type-simple"},"_links":{"self":[{"href":"https:\/\/insize.com.tr\/en\/wp-json\/wp\/v2\/product\/462","targetHints":{"allow":["GET"]}}],"collection":[{"href":"https:\/\/insize.com.tr\/en\/wp-json\/wp\/v2\/product"}],"about":[{"href":"https:\/\/insize.com.tr\/en\/wp-json\/wp\/v2\/types\/product"}],"replies":[{"embeddable":true,"href":"https:\/\/insize.com.tr\/en\/wp-json\/wp\/v2\/comments?post=462"}],"wp:featuredmedia":[{"embeddable":true,"href":"https:\/\/insize.com.tr\/en\/wp-json\/wp\/v2\/media\/488"}],"wp:attachment":[{"href":"https:\/\/insize.com.tr\/en\/wp-json\/wp\/v2\/media?parent=462"}],"wp:term":[{"taxonomy":"product_brand","embeddable":true,"href":"https:\/\/insize.com.tr\/en\/wp-json\/wp\/v2\/product_brand?post=462"},{"taxonomy":"product_cat","embeddable":true,"href":"https:\/\/insize.com.tr\/en\/wp-json\/wp\/v2\/product_cat?post=462"},{"taxonomy":"product_tag","embeddable":true,"href":"https:\/\/insize.com.tr\/en\/wp-json\/wp\/v2\/product_tag?post=462"}],"curies":[{"name":"wp","href":"https:\/\/api.w.org\/{rel}","templated":true}]}}