{"id":4679,"date":"2023-01-31T09:49:36","date_gmt":"2023-01-31T06:49:36","guid":{"rendered":"https:\/\/insize.com.tr\/?post_type=product&#038;p=4679"},"modified":"2026-04-21T16:29:15","modified_gmt":"2026-04-21T13:29:15","slug":"insize-isu-250c-ultrasonik-kalinlik-olcer","status":"publish","type":"product","link":"https:\/\/insize.com.tr\/en\/product\/insize-isu-250c-ultrasonik-kalinlik-olcer\/","title":{"rendered":"Insize ISU-250C Ultrasonik Kal\u0131nl\u0131k \u00d6l\u00e7er"},"content":{"rendered":"<p><strong>Insize ISU-250C Ultrasonik Kal\u0131nl\u0131k \u00d6l\u00e7er<\/strong><\/p>\n<p>Ses frekans\u0131 bilinen\u00a0 malzemeler cihaza tan\u0131mlanarak farkl\u0131 materyallerde \u00f6l\u00e7\u00fcm yap\u0131labilir. \u0130\u015f par\u00e7as\u0131n\u0131n tek y\u00fczeyden ultrasonik olarak kal\u0131nl\u0131\u011f\u0131n\u0131 \u00f6l\u00e7me i\u015fleminde kullan\u0131l\u0131r .\u0130\u015f par\u00e7as\u0131 \u00fczerinde tekli ve tarama olarak \u00f6l\u00e7\u00fcm yap\u0131labilir. Metal, plastik, cam, naylon, re\u00e7ine, seramik, lastik, buz gibi malzemelerin kal\u0131nl\u0131k \u00f6l\u00e7\u00fcm\u00fcnde kullan\u0131l\u0131r. USB kablo ile PC ba\u011flanarak Excel ve Word raporlar al\u0131nabilir.<\/p>\n<p>[block id=&#8221;isu-250c&#8221;]<\/p>\n","protected":false},"excerpt":{"rendered":"<ul>\n<li>Uygulanabilir meteryaller : metal, plastik, cam, naylon, re\u00e7ine, seramik, lastik, buz<\/li>\n<li>\u00dcst ve alt limitler muhakeme ile<\/li>\n<li>Maksimum 9 sonucun ortalamas\u0131n\u0131n hesaplanmas\u0131<\/li>\n<li>Lokasyon numaras\u0131 ile maksimum 5000 sonu\u00e7 haf\u0131zas\u0131<\/li>\n<li>Direk ve tarama \u00f6l\u00e7\u00fcm modlar\u0131<\/li>\n<li>Usb kablo ile PC ba\u011flant\u0131s\u0131<\/li>\n<li>Excel, Word raporlama<\/li>\n<li>Arka \u0131\u015f\u0131kl\u0131 LCD ekran<\/li>\n<li>Cihaza entegre kalibrasyon blo\u011fu<\/li>\n<li><a href=\"https:\/\/insize.com.tr\/wp-content\/uploads\/2026\/02\/ISU-250C.pdf\"><strong>Pdf i\u00e7in t\u0131klay\u0131n\u0131z.<\/strong><\/a><\/li>\n<\/ul>\n<p> [block id=&#8221;isu-250c&#8221;]<\/p>\n","protected":false},"featured_media":4681,"comment_status":"open","ping_status":"closed","template":"","meta":{"inline_featured_image":false},"product_brand":[],"product_cat":[34],"product_tag":[],"class_list":{"0":"post-4679","1":"product","2":"type-product","3":"status-publish","4":"has-post-thumbnail","6":"product_cat-tasinabilir-cihazlar","8":"first","9":"instock","10":"shipping-taxable","11":"purchasable","12":"product-type-simple"},"_links":{"self":[{"href":"https:\/\/insize.com.tr\/en\/wp-json\/wp\/v2\/product\/4679","targetHints":{"allow":["GET"]}}],"collection":[{"href":"https:\/\/insize.com.tr\/en\/wp-json\/wp\/v2\/product"}],"about":[{"href":"https:\/\/insize.com.tr\/en\/wp-json\/wp\/v2\/types\/product"}],"replies":[{"embeddable":true,"href":"https:\/\/insize.com.tr\/en\/wp-json\/wp\/v2\/comments?post=4679"}],"wp:featuredmedia":[{"embeddable":true,"href":"https:\/\/insize.com.tr\/en\/wp-json\/wp\/v2\/media\/4681"}],"wp:attachment":[{"href":"https:\/\/insize.com.tr\/en\/wp-json\/wp\/v2\/media?parent=4679"}],"wp:term":[{"taxonomy":"product_brand","embeddable":true,"href":"https:\/\/insize.com.tr\/en\/wp-json\/wp\/v2\/product_brand?post=4679"},{"taxonomy":"product_cat","embeddable":true,"href":"https:\/\/insize.com.tr\/en\/wp-json\/wp\/v2\/product_cat?post=4679"},{"taxonomy":"product_tag","embeddable":true,"href":"https:\/\/insize.com.tr\/en\/wp-json\/wp\/v2\/product_tag?post=4679"}],"curies":[{"name":"wp","href":"https:\/\/api.w.org\/{rel}","templated":true}]}}