{"id":474,"date":"2022-10-06T16:46:36","date_gmt":"2022-10-06T13:46:36","guid":{"rendered":"https:\/\/insize.com.tr\/?post_type=product&#038;p=474"},"modified":"2026-04-20T16:44:50","modified_gmt":"2026-04-20T13:44:50","slug":"insize-2301-komparator-saatipromosyon-model","status":"publish","type":"product","link":"https:\/\/insize.com.tr\/en\/product\/insize-2301-komparator-saatipromosyon-model\/","title":{"rendered":"Insize 2301 Komparat\u00f6r Saati(Promosyon Model )"},"content":{"rendered":"<p><img loading=\"lazy\" decoding=\"async\" class=\"alignnone size-full wp-image-864\" src=\"https:\/\/denizmtl.com\/\/wp-content\/uploads\/2018\/12\/2301.png\" alt=\"\" width=\"1025\" height=\"777\" title=\"\"><\/p>","protected":false},"excerpt":{"rendered":"<ul>\n<li>DIN878 Standard\u0131na uygundur<\/li>\n<li>K\u0131ymetli ta\u015f yatakl\u0131<\/li>\n<li>Limit u\u00e7lar\u0131 ile tedarik edilir<\/li>\n<li>Karton kutudad\u0131r.<\/li>\n<li>Komparat\u00f6r Saati(Promosyon Model )<\/li>\n<li><a href=\"https:\/\/denizmtl.com\/wp-content\/uploads\/2022\/01\/2301-KOMPARATOR-SAATI-PROMOSYON-MODEL-.pdf\"><strong>PDF i\u00e7in t\u0131klay\u0131n\u0131z.<\/strong><\/a><\/li>\n<li><a href=\"https:\/\/insize.com.tr\/wp-content\/uploads\/2026\/03\/2301-E-V0.pdf\"><strong>Kullan\u0131m K\u0131lavuzu<\/strong><\/a><\/li>\n<\/ul>","protected":false},"featured_media":497,"comment_status":"open","ping_status":"closed","template":"","meta":{"inline_featured_image":false},"product_brand":[],"product_cat":[24],"product_tag":[],"class_list":{"0":"post-474","1":"product","2":"type-product","3":"status-publish","4":"has-post-thumbnail","6":"product_cat-komparatorler","8":"first","9":"instock","10":"shipping-taxable","11":"purchasable","12":"product-type-variable"},"_links":{"self":[{"href":"https:\/\/insize.com.tr\/en\/wp-json\/wp\/v2\/product\/474","targetHints":{"allow":["GET"]}}],"collection":[{"href":"https:\/\/insize.com.tr\/en\/wp-json\/wp\/v2\/product"}],"about":[{"href":"https:\/\/insize.com.tr\/en\/wp-json\/wp\/v2\/types\/product"}],"replies":[{"embeddable":true,"href":"https:\/\/insize.com.tr\/en\/wp-json\/wp\/v2\/comments?post=474"}],"wp:featuredmedia":[{"embeddable":true,"href":"https:\/\/insize.com.tr\/en\/wp-json\/wp\/v2\/media\/497"}],"wp:attachment":[{"href":"https:\/\/insize.com.tr\/en\/wp-json\/wp\/v2\/media?parent=474"}],"wp:term":[{"taxonomy":"product_brand","embeddable":true,"href":"https:\/\/insize.com.tr\/en\/wp-json\/wp\/v2\/product_brand?post=474"},{"taxonomy":"product_cat","embeddable":true,"href":"https:\/\/insize.com.tr\/en\/wp-json\/wp\/v2\/product_cat?post=474"},{"taxonomy":"product_tag","embeddable":true,"href":"https:\/\/insize.com.tr\/en\/wp-json\/wp\/v2\/product_tag?post=474"}],"curies":[{"name":"wp","href":"https:\/\/api.w.org\/{rel}","templated":true}]}}