{"id":5149,"date":"2023-02-21T11:30:05","date_gmt":"2023-02-21T08:30:05","guid":{"rendered":"https:\/\/insize.com.tr\/?post_type=product&#038;p=5149"},"modified":"2026-04-21T10:42:06","modified_gmt":"2026-04-21T07:42:06","slug":"insize-0313-th48-termohigrometre-harici-sensor","status":"publish","type":"product","link":"https:\/\/insize.com.tr\/en\/product\/insize-0313-th48-termohigrometre-harici-sensor\/","title":{"rendered":"Insize 0313-TH48 Termohigrometre ( Harici Sens\u00f6r )"},"content":{"rendered":"","protected":false},"excerpt":{"rendered":"<ul>\n<li>Harici sens\u00f6r,3 metre kablo.<\/li>\n<li>Zaman, s\u0131cakl\u0131k ve nem g\u00f6stergesi.<\/li>\n<li>S\u0131cakl\u0131k ve nem i\u00e7in \u00fcst ve alt limit fonksiyonu.Birim C\u00b0 \/F.<\/li>\n<li>D\u00fc\u015f\u00fck pil uyar\u0131s\u0131.<\/li>\n<li><a href=\"https:\/\/insize.com.tr\/wp-content\/uploads\/2026\/02\/0313-TH48.pdf\"><strong>Pdf i\u00e7in t\u0131klay\u0131n\u0131z.<\/strong><\/a><\/li>\n<li><a href=\"https:\/\/insize.com.tr\/wp-content\/uploads\/2026\/03\/0313-TH48-E-V0.pdf\"><strong>Kullan\u0131m K\u0131lavuzu<\/strong><\/a><\/li>\n<\/ul>","protected":false},"featured_media":5150,"comment_status":"open","ping_status":"closed","template":"","meta":{"inline_featured_image":false},"product_brand":[],"product_cat":[543,34,56,551],"product_tag":[],"class_list":{"0":"post-5149","1":"product","2":"type-product","3":"status-publish","4":"has-post-thumbnail","6":"product_cat-hata-tespit-cihazlari","7":"product_cat-tasinabilir-cihazlar","8":"product_cat-sicaklik-ve-nem-olcer","9":"product_cat-test-cihazlari","11":"first","12":"instock","13":"shipping-taxable","14":"purchasable","15":"product-type-simple"},"_links":{"self":[{"href":"https:\/\/insize.com.tr\/en\/wp-json\/wp\/v2\/product\/5149","targetHints":{"allow":["GET"]}}],"collection":[{"href":"https:\/\/insize.com.tr\/en\/wp-json\/wp\/v2\/product"}],"about":[{"href":"https:\/\/insize.com.tr\/en\/wp-json\/wp\/v2\/types\/product"}],"replies":[{"embeddable":true,"href":"https:\/\/insize.com.tr\/en\/wp-json\/wp\/v2\/comments?post=5149"}],"wp:featuredmedia":[{"embeddable":true,"href":"https:\/\/insize.com.tr\/en\/wp-json\/wp\/v2\/media\/5150"}],"wp:attachment":[{"href":"https:\/\/insize.com.tr\/en\/wp-json\/wp\/v2\/media?parent=5149"}],"wp:term":[{"taxonomy":"product_brand","embeddable":true,"href":"https:\/\/insize.com.tr\/en\/wp-json\/wp\/v2\/product_brand?post=5149"},{"taxonomy":"product_cat","embeddable":true,"href":"https:\/\/insize.com.tr\/en\/wp-json\/wp\/v2\/product_cat?post=5149"},{"taxonomy":"product_tag","embeddable":true,"href":"https:\/\/insize.com.tr\/en\/wp-json\/wp\/v2\/product_tag?post=5149"}],"curies":[{"name":"wp","href":"https:\/\/api.w.org\/{rel}","templated":true}]}}