{"id":5152,"date":"2023-02-21T12:07:01","date_gmt":"2023-02-21T09:07:01","guid":{"rendered":"https:\/\/insize.com.tr\/?post_type=product&#038;p=5152"},"modified":"2026-03-04T14:44:19","modified_gmt":"2026-03-04T11:44:19","slug":"insize-ist-25wm-degistirilebilir-baslikli-mekanik-tork-anahtari","status":"publish","type":"product","link":"https:\/\/insize.com.tr\/en\/product\/insize-ist-25wm-degistirilebilir-baslikli-mekanik-tork-anahtari\/","title":{"rendered":"Insize IST-25WM De\u011fi\u015ftirilebilir Ba\u015fl\u0131kl\u0131 Mekanik Tork Anahtar\u0131"},"content":{"rendered":"<p><img loading=\"lazy\" decoding=\"async\" class=\"alignnone size-full wp-image-5160 aligncenter\" src=\"https:\/\/insize.com.tr\/wp-content\/uploads\/2023\/02\/Resim2-3.png\" alt=\"\" width=\"722\" height=\"358\" title=\"\" srcset=\"https:\/\/insize.com.tr\/wp-content\/uploads\/2023\/02\/Resim2-3.png 722w, https:\/\/insize.com.tr\/wp-content\/uploads\/2023\/02\/Resim2-3-300x149.png 300w\" sizes=\"auto, (max-width: 722px) 100vw, 722px\" \/><\/p>","protected":false},"excerpt":{"rendered":"<ul>\n<li>Birim: N.m, in.lb, ft.lb, kg.cm.<\/li>\n<li>Mekanik klik\u00a0 tork anahtar\u0131,<\/li>\n<li>Bir \u00f6nceki ayarlanan\u00a0 tork de\u011feri ekranda g\u00f6sterilir.<\/li>\n<li><a href=\"https:\/\/insize.com.tr\/wp-content\/uploads\/2026\/02\/IST-25WM.pdf\"><strong>Pdf i\u00e7in t\u0131klay\u0131n\u0131z.<\/strong><\/a><\/li>\n<li><a href=\"https:\/\/insize.com.tr\/wp-content\/uploads\/2026\/03\/IST-DW-SERIES-E-V1.pdf\"><strong>Kullan\u0131m K\u0131lavuzu<\/strong><\/a><\/li>\n<\/ul>","protected":false},"featured_media":5153,"comment_status":"open","ping_status":"closed","template":"","meta":{"inline_featured_image":false},"product_brand":[],"product_cat":[35],"product_tag":[],"class_list":{"0":"post-5152","1":"product","2":"type-product","3":"status-publish","4":"has-post-thumbnail","6":"product_cat-tork-test-cihazi-ve-tork-anahtari","8":"first","9":"instock","10":"shipping-taxable","11":"purchasable","12":"product-type-variable"},"_links":{"self":[{"href":"https:\/\/insize.com.tr\/en\/wp-json\/wp\/v2\/product\/5152","targetHints":{"allow":["GET"]}}],"collection":[{"href":"https:\/\/insize.com.tr\/en\/wp-json\/wp\/v2\/product"}],"about":[{"href":"https:\/\/insize.com.tr\/en\/wp-json\/wp\/v2\/types\/product"}],"replies":[{"embeddable":true,"href":"https:\/\/insize.com.tr\/en\/wp-json\/wp\/v2\/comments?post=5152"}],"wp:featuredmedia":[{"embeddable":true,"href":"https:\/\/insize.com.tr\/en\/wp-json\/wp\/v2\/media\/5153"}],"wp:attachment":[{"href":"https:\/\/insize.com.tr\/en\/wp-json\/wp\/v2\/media?parent=5152"}],"wp:term":[{"taxonomy":"product_brand","embeddable":true,"href":"https:\/\/insize.com.tr\/en\/wp-json\/wp\/v2\/product_brand?post=5152"},{"taxonomy":"product_cat","embeddable":true,"href":"https:\/\/insize.com.tr\/en\/wp-json\/wp\/v2\/product_cat?post=5152"},{"taxonomy":"product_tag","embeddable":true,"href":"https:\/\/insize.com.tr\/en\/wp-json\/wp\/v2\/product_tag?post=5152"}],"curies":[{"name":"wp","href":"https:\/\/api.w.org\/{rel}","templated":true}]}}