{"id":5302,"date":"2023-03-02T13:51:07","date_gmt":"2023-03-02T10:51:07","guid":{"rendered":"https:\/\/insize.com.tr\/?post_type=product&#038;p=5302"},"modified":"2026-04-20T17:02:40","modified_gmt":"2026-04-20T14:02:40","slug":"insize-2282-180-kare-aci-olcer","status":"publish","type":"product","link":"https:\/\/insize.com.tr\/en\/product\/insize-2282-180-kare-aci-olcer\/","title":{"rendered":"Insize 2282-180 Kare A\u00e7\u0131 \u00d6l\u00e7er"},"content":{"rendered":"<p><img loading=\"lazy\" decoding=\"async\" class=\"alignnone size-full wp-image-5307 aligncenter\" src=\"https:\/\/insize.com.tr\/wp-content\/uploads\/2023\/03\/Resim3.png\" alt=\"\" width=\"659\" height=\"399\" title=\"\" srcset=\"https:\/\/insize.com.tr\/wp-content\/uploads\/2023\/03\/Resim3.png 659w, https:\/\/insize.com.tr\/wp-content\/uploads\/2023\/03\/Resim3-300x182.png 300w\" sizes=\"auto, (max-width: 659px) 100vw, 659px\" \/><\/p>","protected":false},"excerpt":{"rendered":"<ul>\n<li>Uzunluk aral\u0131\u011f\u0131: 0-7&#8243; Hassasiyet: 1\/8&#8243;<\/li>\n<li>A\u00e7\u0131 aral\u0131\u011f\u0131: 0-90 \u00b0 Hassasiyet 1\u00b0<\/li>\n<li><a href=\"https:\/\/insize.com.tr\/wp-content\/uploads\/2023\/03\/2282.pdf\"><strong>Pdf i\u00e7in t\u0131klay\u0131n\u0131z.<\/strong><\/a><\/li>\n<\/ul>","protected":false},"featured_media":5303,"comment_status":"open","ping_status":"closed","template":"","meta":{"inline_featured_image":false},"product_brand":[],"product_cat":[19,550],"product_tag":[],"class_list":{"0":"post-5302","1":"product","2":"type-product","3":"status-publish","4":"has-post-thumbnail","6":"product_cat-aci-olcer-ve-gonyeler","7":"product_cat-standart-olcu-aletleri","9":"first","10":"instock","11":"shipping-taxable","12":"purchasable","13":"product-type-simple"},"_links":{"self":[{"href":"https:\/\/insize.com.tr\/en\/wp-json\/wp\/v2\/product\/5302","targetHints":{"allow":["GET"]}}],"collection":[{"href":"https:\/\/insize.com.tr\/en\/wp-json\/wp\/v2\/product"}],"about":[{"href":"https:\/\/insize.com.tr\/en\/wp-json\/wp\/v2\/types\/product"}],"replies":[{"embeddable":true,"href":"https:\/\/insize.com.tr\/en\/wp-json\/wp\/v2\/comments?post=5302"}],"wp:featuredmedia":[{"embeddable":true,"href":"https:\/\/insize.com.tr\/en\/wp-json\/wp\/v2\/media\/5303"}],"wp:attachment":[{"href":"https:\/\/insize.com.tr\/en\/wp-json\/wp\/v2\/media?parent=5302"}],"wp:term":[{"taxonomy":"product_brand","embeddable":true,"href":"https:\/\/insize.com.tr\/en\/wp-json\/wp\/v2\/product_brand?post=5302"},{"taxonomy":"product_cat","embeddable":true,"href":"https:\/\/insize.com.tr\/en\/wp-json\/wp\/v2\/product_cat?post=5302"},{"taxonomy":"product_tag","embeddable":true,"href":"https:\/\/insize.com.tr\/en\/wp-json\/wp\/v2\/product_tag?post=5302"}],"curies":[{"name":"wp","href":"https:\/\/api.w.org\/{rel}","templated":true}]}}