{"id":5308,"date":"2023-03-02T14:00:01","date_gmt":"2023-03-02T11:00:01","guid":{"rendered":"https:\/\/insize.com.tr\/?post_type=product&#038;p=5308"},"modified":"2026-04-20T17:02:41","modified_gmt":"2026-04-20T14:02:41","slug":"insize-2281-t-egimli-aci-cetveli","status":"publish","type":"product","link":"https:\/\/insize.com.tr\/en\/product\/insize-2281-t-egimli-aci-cetveli\/","title":{"rendered":"Insize 2281 T E\u011fimli A\u00e7\u0131 Cetveli"},"content":{"rendered":"<p><img loading=\"lazy\" decoding=\"async\" class=\"alignnone size-full wp-image-5311 aligncenter\" src=\"https:\/\/insize.com.tr\/wp-content\/uploads\/2023\/03\/Resim4.png\" alt=\"\" width=\"680\" height=\"406\" title=\"\" srcset=\"https:\/\/insize.com.tr\/wp-content\/uploads\/2023\/03\/Resim4.png 680w, https:\/\/insize.com.tr\/wp-content\/uploads\/2023\/03\/Resim4-300x179.png 300w\" sizes=\"auto, (max-width: 680px) 100vw, 680px\" \/><\/p>","protected":false},"excerpt":{"rendered":"<ul>\n<li>Okumas\u0131 kolay \u015fi\u015fe,<\/li>\n<li>B\u0131\u00e7ak hareket ettirilebilir ve kilitlenebilir.<\/li>\n<li>Paslanmaz \u00e7elik b\u0131\u00e7ak.<\/li>\n<li>Santimetre \/in\u00e7 derecelendirmeleri.<\/li>\n<li><a href=\"https:\/\/insize.com.tr\/wp-content\/uploads\/2023\/03\/2281.pdf\"><strong>Pdf i\u00e7in t\u0131klay\u0131n\u0131z.<\/strong><\/a><\/li>\n<\/ul>","protected":false},"featured_media":5309,"comment_status":"open","ping_status":"closed","template":"","meta":{"inline_featured_image":false},"product_brand":[],"product_cat":[19,37,550],"product_tag":[],"class_list":{"0":"post-5308","1":"product","2":"type-product","3":"status-publish","4":"has-post-thumbnail","6":"product_cat-aci-olcer-ve-gonyeler","7":"product_cat-cetveller","8":"product_cat-standart-olcu-aletleri","10":"first","11":"instock","12":"shipping-taxable","13":"purchasable","14":"product-type-simple"},"_links":{"self":[{"href":"https:\/\/insize.com.tr\/en\/wp-json\/wp\/v2\/product\/5308","targetHints":{"allow":["GET"]}}],"collection":[{"href":"https:\/\/insize.com.tr\/en\/wp-json\/wp\/v2\/product"}],"about":[{"href":"https:\/\/insize.com.tr\/en\/wp-json\/wp\/v2\/types\/product"}],"replies":[{"embeddable":true,"href":"https:\/\/insize.com.tr\/en\/wp-json\/wp\/v2\/comments?post=5308"}],"wp:featuredmedia":[{"embeddable":true,"href":"https:\/\/insize.com.tr\/en\/wp-json\/wp\/v2\/media\/5309"}],"wp:attachment":[{"href":"https:\/\/insize.com.tr\/en\/wp-json\/wp\/v2\/media?parent=5308"}],"wp:term":[{"taxonomy":"product_brand","embeddable":true,"href":"https:\/\/insize.com.tr\/en\/wp-json\/wp\/v2\/product_brand?post=5308"},{"taxonomy":"product_cat","embeddable":true,"href":"https:\/\/insize.com.tr\/en\/wp-json\/wp\/v2\/product_cat?post=5308"},{"taxonomy":"product_tag","embeddable":true,"href":"https:\/\/insize.com.tr\/en\/wp-json\/wp\/v2\/product_tag?post=5308"}],"curies":[{"name":"wp","href":"https:\/\/api.w.org\/{rel}","templated":true}]}}