{"id":5312,"date":"2023-03-02T14:16:36","date_gmt":"2023-03-02T11:16:36","guid":{"rendered":"https:\/\/insize.com.tr\/?post_type=product&#038;p=5312"},"modified":"2026-04-20T17:02:43","modified_gmt":"2026-04-20T14:02:43","slug":"insize-2280-ayarlanabilir-gonye","status":"publish","type":"product","link":"https:\/\/insize.com.tr\/en\/product\/insize-2280-ayarlanabilir-gonye\/","title":{"rendered":"Insize 2280 Ayarlanabilir G\u00f6nye"},"content":{"rendered":"<p><img loading=\"lazy\" decoding=\"async\" class=\"alignnone size-full wp-image-5314 aligncenter\" src=\"https:\/\/insize.com.tr\/wp-content\/uploads\/2023\/03\/Resim5.png\" alt=\"\" width=\"654\" height=\"517\" title=\"\" srcset=\"https:\/\/insize.com.tr\/wp-content\/uploads\/2023\/03\/Resim5.png 654w, https:\/\/insize.com.tr\/wp-content\/uploads\/2023\/03\/Resim5-300x237.png 300w\" sizes=\"auto, (max-width: 654px) 100vw, 654px\" \/><\/p>","protected":false},"excerpt":{"rendered":"<ul>\n<li>Al\u00fcminyum b\u0131\u00e7ak ve al\u00fcminyum taban<\/li>\n<li>Frezelenmi\u015f 4 y\u00fczey<\/li>\n<li>Geri \u00e7ekilebilir metal \u00e7\u0131k\u0131nt\u0131 deste\u011fi.<\/li>\n<li>E\u011fim verme ve \u00e7er\u00e7eveleme i\u00e7in grav\u00fcrler ve delikler: 10\u00b0,15\u00b0,22,5\u00b0,30\u00b0,45\u00b0,50\u00b0 ve 60\u00b0<\/li>\n<li>Ak\u0131c\u0131 kalem i\u015faretlemesi i\u00e7in her cm de grav\u00fcrler ve delikler.<\/li>\n<li><a href=\"https:\/\/insize.com.tr\/wp-content\/uploads\/2023\/03\/2280.pdf\"><strong>Pdf i\u00e7in t\u0131klay\u0131n\u0131z.<\/strong><\/a><\/li>\n<\/ul>","protected":false},"featured_media":5313,"comment_status":"open","ping_status":"closed","template":"","meta":{"inline_featured_image":false},"product_brand":[],"product_cat":[19,550],"product_tag":[],"class_list":{"0":"post-5312","1":"product","2":"type-product","3":"status-publish","4":"has-post-thumbnail","6":"product_cat-aci-olcer-ve-gonyeler","7":"product_cat-standart-olcu-aletleri","9":"first","10":"instock","11":"shipping-taxable","12":"purchasable","13":"product-type-simple"},"_links":{"self":[{"href":"https:\/\/insize.com.tr\/en\/wp-json\/wp\/v2\/product\/5312","targetHints":{"allow":["GET"]}}],"collection":[{"href":"https:\/\/insize.com.tr\/en\/wp-json\/wp\/v2\/product"}],"about":[{"href":"https:\/\/insize.com.tr\/en\/wp-json\/wp\/v2\/types\/product"}],"replies":[{"embeddable":true,"href":"https:\/\/insize.com.tr\/en\/wp-json\/wp\/v2\/comments?post=5312"}],"wp:featuredmedia":[{"embeddable":true,"href":"https:\/\/insize.com.tr\/en\/wp-json\/wp\/v2\/media\/5313"}],"wp:attachment":[{"href":"https:\/\/insize.com.tr\/en\/wp-json\/wp\/v2\/media?parent=5312"}],"wp:term":[{"taxonomy":"product_brand","embeddable":true,"href":"https:\/\/insize.com.tr\/en\/wp-json\/wp\/v2\/product_brand?post=5312"},{"taxonomy":"product_cat","embeddable":true,"href":"https:\/\/insize.com.tr\/en\/wp-json\/wp\/v2\/product_cat?post=5312"},{"taxonomy":"product_tag","embeddable":true,"href":"https:\/\/insize.com.tr\/en\/wp-json\/wp\/v2\/product_tag?post=5312"}],"curies":[{"name":"wp","href":"https:\/\/api.w.org\/{rel}","templated":true}]}}