{"id":5316,"date":"2023-03-02T14:32:08","date_gmt":"2023-03-02T11:32:08","guid":{"rendered":"https:\/\/insize.com.tr\/?post_type=product&#038;p=5316"},"modified":"2026-04-20T17:02:44","modified_gmt":"2026-04-20T14:02:44","slug":"insize-2177-dijital-aci-olcer","status":"publish","type":"product","link":"https:\/\/insize.com.tr\/en\/product\/insize-2177-dijital-aci-olcer\/","title":{"rendered":"Insize 2177 Torkmetreler \u0130\u00e7in Dijital A\u00e7\u0131 \u00d6l\u00e7er"},"content":{"rendered":"","protected":false},"excerpt":{"rendered":"<ul>\n<li>Saat y\u00f6n\u00fcnde ve saat y\u00f6n\u00fcn\u00fcn tersine \u00e7al\u0131\u015ft\u0131rma<\/li>\n<li>Sesli ve g\u00f6rsel alarm ile 9 hedef tork de\u011feri ayarlanabilir.<\/li>\n<li>Tork de\u011feri geldi\u011finde ye\u015fil Led \u015f\u0131k yanar ve uyar\u0131 sesi duyulur.<\/li>\n<li>%80-%95 tork de\u011feri geldi\u011finde ye\u015fil renk LED \u0131\u015f\u0131k yanar.<\/li>\n<li>Tork de\u011feri %99,5 ve \u00fczerine \u00e7\u0131kt\u0131\u011f\u0131nda k\u0131rm\u0131z\u0131 LED \u0131\u015f\u0131k yanar.<\/li>\n<li>250 sonu\u00e7 haf\u0131zas\u0131na sahiptir,veriler bilgisayara y\u00fcklenebilir.<\/li>\n<li><a href=\"https:\/\/insize.com.tr\/wp-content\/uploads\/2023\/03\/2177.pdf\"><strong>Pdf i\u00e7in t\u0131klay\u0131n\u0131z.<\/strong><\/a><\/li>\n<li><a href=\"https:\/\/insize.com.tr\/wp-content\/uploads\/2026\/03\/2177-121-E-V0.pdf\"><strong>Kullan\u0131m K\u0131lavuzu<\/strong><\/a><\/li>\n<\/ul>","protected":false},"featured_media":5317,"comment_status":"open","ping_status":"closed","template":"","meta":{"inline_featured_image":false},"product_brand":[],"product_cat":[19,550],"product_tag":[],"class_list":{"0":"post-5316","1":"product","2":"type-product","3":"status-publish","4":"has-post-thumbnail","6":"product_cat-aci-olcer-ve-gonyeler","7":"product_cat-standart-olcu-aletleri","9":"first","10":"instock","11":"shipping-taxable","12":"purchasable","13":"product-type-simple"},"_links":{"self":[{"href":"https:\/\/insize.com.tr\/en\/wp-json\/wp\/v2\/product\/5316","targetHints":{"allow":["GET"]}}],"collection":[{"href":"https:\/\/insize.com.tr\/en\/wp-json\/wp\/v2\/product"}],"about":[{"href":"https:\/\/insize.com.tr\/en\/wp-json\/wp\/v2\/types\/product"}],"replies":[{"embeddable":true,"href":"https:\/\/insize.com.tr\/en\/wp-json\/wp\/v2\/comments?post=5316"}],"wp:featuredmedia":[{"embeddable":true,"href":"https:\/\/insize.com.tr\/en\/wp-json\/wp\/v2\/media\/5317"}],"wp:attachment":[{"href":"https:\/\/insize.com.tr\/en\/wp-json\/wp\/v2\/media?parent=5316"}],"wp:term":[{"taxonomy":"product_brand","embeddable":true,"href":"https:\/\/insize.com.tr\/en\/wp-json\/wp\/v2\/product_brand?post=5316"},{"taxonomy":"product_cat","embeddable":true,"href":"https:\/\/insize.com.tr\/en\/wp-json\/wp\/v2\/product_cat?post=5316"},{"taxonomy":"product_tag","embeddable":true,"href":"https:\/\/insize.com.tr\/en\/wp-json\/wp\/v2\/product_tag?post=5316"}],"curies":[{"name":"wp","href":"https:\/\/api.w.org\/{rel}","templated":true}]}}