{"id":5319,"date":"2023-03-02T14:45:44","date_gmt":"2023-03-02T11:45:44","guid":{"rendered":"https:\/\/insize.com.tr\/?post_type=product&#038;p=5319"},"modified":"2026-04-21T10:42:06","modified_gmt":"2026-04-21T07:42:06","slug":"insize-0312-th50-termohigrometre","status":"publish","type":"product","link":"https:\/\/insize.com.tr\/en\/product\/insize-0312-th50-termohigrometre\/","title":{"rendered":"Insize 0312-TH50 Termohigrometre"},"content":{"rendered":"","protected":false},"excerpt":{"rendered":"<ul>\n<li>Ortam konfor ekran\u0131: KONFOR,ISLAK,KURU<\/li>\n<li>Zaman\/ s\u0131cakl\u0131k\/ nem g\u00f6stergesi<\/li>\n<li>En y\u00fcksek \/ en d\u00fc\u015f\u00fck s\u0131cakl\u0131k ve nem haf\u0131za fonksiyonu<\/li>\n<li>\u00c7alar saat i\u015flevi<\/li>\n<li>Birim: C, \u00b0F<\/li>\n<li><a href=\"https:\/\/insize.com.tr\/wp-content\/uploads\/2026\/02\/0312-TH50.pdf\"><strong>Pdf i\u00e7in t\u0131klay\u0131n\u0131z.<\/strong><\/a><\/li>\n<li><a href=\"https:\/\/insize.com.tr\/wp-content\/uploads\/2026\/03\/0312-TH50-E-V1.pdf\"><strong>Kullan\u0131m K\u0131lavuzu<\/strong><\/a><\/li>\n<\/ul>","protected":false},"featured_media":5320,"comment_status":"open","ping_status":"closed","template":"","meta":{"inline_featured_image":false},"product_brand":[],"product_cat":[34,56,551],"product_tag":[],"class_list":{"0":"post-5319","1":"product","2":"type-product","3":"status-publish","4":"has-post-thumbnail","6":"product_cat-tasinabilir-cihazlar","7":"product_cat-sicaklik-ve-nem-olcer","8":"product_cat-test-cihazlari","10":"first","11":"instock","12":"shipping-taxable","13":"purchasable","14":"product-type-simple"},"_links":{"self":[{"href":"https:\/\/insize.com.tr\/en\/wp-json\/wp\/v2\/product\/5319","targetHints":{"allow":["GET"]}}],"collection":[{"href":"https:\/\/insize.com.tr\/en\/wp-json\/wp\/v2\/product"}],"about":[{"href":"https:\/\/insize.com.tr\/en\/wp-json\/wp\/v2\/types\/product"}],"replies":[{"embeddable":true,"href":"https:\/\/insize.com.tr\/en\/wp-json\/wp\/v2\/comments?post=5319"}],"wp:featuredmedia":[{"embeddable":true,"href":"https:\/\/insize.com.tr\/en\/wp-json\/wp\/v2\/media\/5320"}],"wp:attachment":[{"href":"https:\/\/insize.com.tr\/en\/wp-json\/wp\/v2\/media?parent=5319"}],"wp:term":[{"taxonomy":"product_brand","embeddable":true,"href":"https:\/\/insize.com.tr\/en\/wp-json\/wp\/v2\/product_brand?post=5319"},{"taxonomy":"product_cat","embeddable":true,"href":"https:\/\/insize.com.tr\/en\/wp-json\/wp\/v2\/product_cat?post=5319"},{"taxonomy":"product_tag","embeddable":true,"href":"https:\/\/insize.com.tr\/en\/wp-json\/wp\/v2\/product_tag?post=5319"}],"curies":[{"name":"wp","href":"https:\/\/api.w.org\/{rel}","templated":true}]}}