{"id":5337,"date":"2023-03-06T12:18:35","date_gmt":"2023-03-06T09:18:35","guid":{"rendered":"https:\/\/insize.com.tr\/?post_type=product&#038;p=5337"},"modified":"2026-04-20T17:02:47","modified_gmt":"2026-04-20T14:02:47","slug":"insize-thd-pf34-darbe-test-cihazi","status":"publish","type":"product","link":"https:\/\/insize.com.tr\/en\/product\/insize-thd-pf34-darbe-test-cihazi\/","title":{"rendered":"Insize THD-PF34 Darbe Test Cihaz\u0131"},"content":{"rendered":"<p><img loading=\"lazy\" decoding=\"async\" class=\"size-full wp-image-5340 aligncenter\" src=\"https:\/\/insize.com.tr\/wp-content\/uploads\/2023\/03\/Resim1-2.png\" alt=\"\" width=\"634\" height=\"416\" title=\"\" srcset=\"https:\/\/insize.com.tr\/wp-content\/uploads\/2023\/03\/Resim1-2.png 634w, https:\/\/insize.com.tr\/wp-content\/uploads\/2023\/03\/Resim1-2-300x197.png 300w\" sizes=\"auto, (max-width: 634px) 100vw, 634px\" \/><\/p>","protected":false},"excerpt":{"rendered":"<ul>\n<li>Boya ve vernik kuru kaplamalar i\u00e7indir.<\/li>\n<li>A\u011f\u0131rl\u0131klar deformasyona neden oldu\u011funda alt taban \u00e7atlama ve soyulma kar\u015f\u0131 diren\u00e7 g\u00f6sterme yetene\u011fini test eder.<\/li>\n<li>Girinti, taban ve a\u011f\u0131rl\u0131k de\u011fi\u015ftirilebilir.<\/li>\n<li><a href=\"https:\/\/insize.com.tr\/wp-content\/uploads\/2026\/02\/THD-PF34.pdf\"><strong>Pdf i\u00e7in t\u0131klay\u0131n\u0131z.<\/strong><\/a><\/li>\n<li><a href=\"https:\/\/insize.com.tr\/wp-content\/uploads\/2026\/03\/THD-PF34-E-V0.pdf\"><strong>Kullan\u0131m K\u0131lavuzu<\/strong><\/a><\/li>\n<\/ul>","protected":false},"featured_media":5338,"comment_status":"open","ping_status":"closed","template":"","meta":{"inline_featured_image":false},"product_brand":[],"product_cat":[553,41,551],"product_tag":[],"class_list":{"0":"post-5337","1":"product","2":"type-product","3":"status-publish","4":"has-post-thumbnail","6":"product_cat-diger-olcu-aletleri","7":"product_cat-mukavemet-ve-evrensel-test-cihazlari","8":"product_cat-test-cihazlari","10":"first","11":"instock","12":"shipping-taxable","13":"purchasable","14":"product-type-simple"},"_links":{"self":[{"href":"https:\/\/insize.com.tr\/en\/wp-json\/wp\/v2\/product\/5337","targetHints":{"allow":["GET"]}}],"collection":[{"href":"https:\/\/insize.com.tr\/en\/wp-json\/wp\/v2\/product"}],"about":[{"href":"https:\/\/insize.com.tr\/en\/wp-json\/wp\/v2\/types\/product"}],"replies":[{"embeddable":true,"href":"https:\/\/insize.com.tr\/en\/wp-json\/wp\/v2\/comments?post=5337"}],"wp:featuredmedia":[{"embeddable":true,"href":"https:\/\/insize.com.tr\/en\/wp-json\/wp\/v2\/media\/5338"}],"wp:attachment":[{"href":"https:\/\/insize.com.tr\/en\/wp-json\/wp\/v2\/media?parent=5337"}],"wp:term":[{"taxonomy":"product_brand","embeddable":true,"href":"https:\/\/insize.com.tr\/en\/wp-json\/wp\/v2\/product_brand?post=5337"},{"taxonomy":"product_cat","embeddable":true,"href":"https:\/\/insize.com.tr\/en\/wp-json\/wp\/v2\/product_cat?post=5337"},{"taxonomy":"product_tag","embeddable":true,"href":"https:\/\/insize.com.tr\/en\/wp-json\/wp\/v2\/product_tag?post=5337"}],"curies":[{"name":"wp","href":"https:\/\/api.w.org\/{rel}","templated":true}]}}