{"id":5355,"date":"2023-03-06T16:12:39","date_gmt":"2023-03-06T13:12:39","guid":{"rendered":"https:\/\/insize.com.tr\/?post_type=product&#038;p=5355"},"modified":"2026-03-04T14:44:40","modified_gmt":"2026-03-04T11:44:40","slug":"insize-isd-e-cnc-gorus-olcum-sistemleri-stantli","status":"publish","type":"product","link":"https:\/\/insize.com.tr\/en\/product\/insize-isd-e-cnc-gorus-olcum-sistemleri-stantli\/","title":{"rendered":"Insize ISD-E CNC G\u00f6r\u00fc\u015f \u00d6l\u00e7\u00fcm Sistemleri ( Stantl\u0131 )"},"content":{"rendered":"","protected":false},"excerpt":{"rendered":"<ul>\n<li>Otomatik kenar alg\u0131lama,<\/li>\n<li>Granit g\u00f6vde<\/li>\n<li>B\u00fcy\u00fck miktar \u00f6l\u00e7\u00fcm\u00fc i\u00e7in SPC i\u015flevi<\/li>\n<li>X, Y, Z ekseni i\u00e7in servo motorlar,<\/li>\n<li>Odaklama, \u00f6l\u00e7\u00fcm, kont\u00fcr tarama ve kalibrasyon.<\/li>\n<li><a href=\"https:\/\/insize.com.tr\/wp-content\/uploads\/2026\/02\/ISD-E.pdf\"><strong>Pdf i\u00e7in t\u0131klay\u0131n\u0131z.<\/strong><\/a><\/li>\n<li><a href=\"https:\/\/insize.com.tr\/wp-content\/uploads\/2026\/03\/ISD-P-E-V0.pdf\"><strong>Kullan\u0131m K\u0131lavuzu<\/strong><\/a><\/li>\n<\/ul>","protected":false},"featured_media":5357,"comment_status":"open","ping_status":"closed","template":"","meta":{"inline_featured_image":false},"product_brand":[],"product_cat":[31,551],"product_tag":[],"class_list":{"0":"post-5355","1":"product","2":"type-product","3":"status-publish","4":"has-post-thumbnail","6":"product_cat-goruntu-olcum-sistemleri","7":"product_cat-test-cihazlari","9":"first","10":"instock","11":"shipping-taxable","12":"purchasable","13":"product-type-variable"},"_links":{"self":[{"href":"https:\/\/insize.com.tr\/en\/wp-json\/wp\/v2\/product\/5355","targetHints":{"allow":["GET"]}}],"collection":[{"href":"https:\/\/insize.com.tr\/en\/wp-json\/wp\/v2\/product"}],"about":[{"href":"https:\/\/insize.com.tr\/en\/wp-json\/wp\/v2\/types\/product"}],"replies":[{"embeddable":true,"href":"https:\/\/insize.com.tr\/en\/wp-json\/wp\/v2\/comments?post=5355"}],"wp:featuredmedia":[{"embeddable":true,"href":"https:\/\/insize.com.tr\/en\/wp-json\/wp\/v2\/media\/5357"}],"wp:attachment":[{"href":"https:\/\/insize.com.tr\/en\/wp-json\/wp\/v2\/media?parent=5355"}],"wp:term":[{"taxonomy":"product_brand","embeddable":true,"href":"https:\/\/insize.com.tr\/en\/wp-json\/wp\/v2\/product_brand?post=5355"},{"taxonomy":"product_cat","embeddable":true,"href":"https:\/\/insize.com.tr\/en\/wp-json\/wp\/v2\/product_cat?post=5355"},{"taxonomy":"product_tag","embeddable":true,"href":"https:\/\/insize.com.tr\/en\/wp-json\/wp\/v2\/product_tag?post=5355"}],"curies":[{"name":"wp","href":"https:\/\/api.w.org\/{rel}","templated":true}]}}