{"id":5488,"date":"2023-03-15T13:45:13","date_gmt":"2023-03-15T10:45:13","guid":{"rendered":"https:\/\/insize.com.tr\/?post_type=product&#038;p=5488"},"modified":"2026-04-21T10:42:06","modified_gmt":"2026-04-21T07:42:06","slug":"insize-0213-a500-kizilotesi-termometre","status":"publish","type":"product","link":"https:\/\/insize.com.tr\/en\/product\/insize-0213-a500-kizilotesi-termometre\/","title":{"rendered":"Insize 0213-A500 K\u0131z\u0131l\u00f6tesi Termometre"},"content":{"rendered":"","protected":false},"excerpt":{"rendered":"<ul>\n<li>Birim: C \u00b0, \u201cF<\/li>\n<li>\u00c7ift lazer g\u00f6zlem<\/li>\n<li>Otomatik kapanma<\/li>\n<li>Otomatik veri tutma i\u015flevi<\/li>\n<li>A\u015f\u0131r\u0131 aral\u0131k g\u00f6stergesi<\/li>\n<li><a href=\"https:\/\/insize.com.tr\/wp-content\/uploads\/2026\/02\/0213-A500.pdf\"><strong>Pdf i\u00e7in t\u0131klay\u0131n\u0131z.<\/strong><\/a><\/li>\n<li><a href=\"https:\/\/insize.com.tr\/wp-content\/uploads\/2026\/03\/0213-A500-E-V1.pdf\"><strong>Kullan\u0131m K\u0131lavuzu<\/strong><\/a><\/li>\n<\/ul>","protected":false},"featured_media":5489,"comment_status":"open","ping_status":"closed","template":"","meta":{"inline_featured_image":false},"product_brand":[],"product_cat":[56,551],"product_tag":[],"class_list":{"0":"post-5488","1":"product","2":"type-product","3":"status-publish","4":"has-post-thumbnail","6":"product_cat-sicaklik-ve-nem-olcer","7":"product_cat-test-cihazlari","9":"first","10":"instock","11":"shipping-taxable","12":"purchasable","13":"product-type-simple"},"_links":{"self":[{"href":"https:\/\/insize.com.tr\/en\/wp-json\/wp\/v2\/product\/5488","targetHints":{"allow":["GET"]}}],"collection":[{"href":"https:\/\/insize.com.tr\/en\/wp-json\/wp\/v2\/product"}],"about":[{"href":"https:\/\/insize.com.tr\/en\/wp-json\/wp\/v2\/types\/product"}],"replies":[{"embeddable":true,"href":"https:\/\/insize.com.tr\/en\/wp-json\/wp\/v2\/comments?post=5488"}],"wp:featuredmedia":[{"embeddable":true,"href":"https:\/\/insize.com.tr\/en\/wp-json\/wp\/v2\/media\/5489"}],"wp:attachment":[{"href":"https:\/\/insize.com.tr\/en\/wp-json\/wp\/v2\/media?parent=5488"}],"wp:term":[{"taxonomy":"product_brand","embeddable":true,"href":"https:\/\/insize.com.tr\/en\/wp-json\/wp\/v2\/product_brand?post=5488"},{"taxonomy":"product_cat","embeddable":true,"href":"https:\/\/insize.com.tr\/en\/wp-json\/wp\/v2\/product_cat?post=5488"},{"taxonomy":"product_tag","embeddable":true,"href":"https:\/\/insize.com.tr\/en\/wp-json\/wp\/v2\/product_tag?post=5488"}],"curies":[{"name":"wp","href":"https:\/\/api.w.org\/{rel}","templated":true}]}}