{"id":5524,"date":"2023-03-17T11:14:02","date_gmt":"2023-03-17T08:14:02","guid":{"rendered":"https:\/\/insize.com.tr\/?post_type=product&#038;p=5524"},"modified":"2026-04-20T17:04:01","modified_gmt":"2026-04-20T14:04:01","slug":"insize-hdt-xb500-otomatik-dijital-brinell-sertlik-olcum-cihazi","status":"publish","type":"product","link":"https:\/\/insize.com.tr\/en\/product\/insize-hdt-xb500-otomatik-dijital-brinell-sertlik-olcum-cihazi\/","title":{"rendered":"Insize HDT-XB500 Otomatik Dijital Brinell Sertlik \u00d6l\u00e7\u00fcm Cihaz\u0131"},"content":{"rendered":"","protected":false},"excerpt":{"rendered":"<ul>\n<li>Otomatik test,<\/li>\n<li>LCD dokunmatik ekran, kolay kullan\u0131m<\/li>\n<li>Otomatik \u00f6l\u00e7\u00fcm sistemi veya mikroskop ile girinti \u00f6l\u00e7\u00fcm\u00fc<\/li>\n<li>Tolerans testi<\/li>\n<li>Usb ile test sonu\u00e7lar\u0131 excele aktar\u0131l\u0131r.<\/li>\n<li>Elektrik motoru ile a\u011f\u0131rl\u0131ks\u0131z kuvvet y\u00fcklemesi<\/li>\n<li><a href=\"https:\/\/insize.com.tr\/wp-content\/uploads\/2023\/03\/HDT-XB500.pdf\"><strong>Pdf i\u00e7in t\u0131klay\u0131n\u0131z.<\/strong><\/a><\/li>\n<li><a href=\"https:\/\/insize.com.tr\/wp-content\/uploads\/2026\/03\/HDT-VE-E-V0.pdf\"><strong>Kullan\u0131m K\u0131lavuzu<\/strong><\/a><\/li>\n<\/ul>","protected":false},"featured_media":5525,"comment_status":"open","ping_status":"closed","template":"","meta":{"inline_featured_image":false},"product_brand":[],"product_cat":[32,551],"product_tag":[],"class_list":{"0":"post-5524","1":"product","2":"type-product","3":"status-publish","4":"has-post-thumbnail","6":"product_cat-sertlik-olcum-cihazlari","7":"product_cat-test-cihazlari","9":"first","10":"instock","11":"shipping-taxable","12":"purchasable","13":"product-type-simple"},"_links":{"self":[{"href":"https:\/\/insize.com.tr\/en\/wp-json\/wp\/v2\/product\/5524","targetHints":{"allow":["GET"]}}],"collection":[{"href":"https:\/\/insize.com.tr\/en\/wp-json\/wp\/v2\/product"}],"about":[{"href":"https:\/\/insize.com.tr\/en\/wp-json\/wp\/v2\/types\/product"}],"replies":[{"embeddable":true,"href":"https:\/\/insize.com.tr\/en\/wp-json\/wp\/v2\/comments?post=5524"}],"wp:featuredmedia":[{"embeddable":true,"href":"https:\/\/insize.com.tr\/en\/wp-json\/wp\/v2\/media\/5525"}],"wp:attachment":[{"href":"https:\/\/insize.com.tr\/en\/wp-json\/wp\/v2\/media?parent=5524"}],"wp:term":[{"taxonomy":"product_brand","embeddable":true,"href":"https:\/\/insize.com.tr\/en\/wp-json\/wp\/v2\/product_brand?post=5524"},{"taxonomy":"product_cat","embeddable":true,"href":"https:\/\/insize.com.tr\/en\/wp-json\/wp\/v2\/product_cat?post=5524"},{"taxonomy":"product_tag","embeddable":true,"href":"https:\/\/insize.com.tr\/en\/wp-json\/wp\/v2\/product_tag?post=5524"}],"curies":[{"name":"wp","href":"https:\/\/api.w.org\/{rel}","templated":true}]}}