{"id":5549,"date":"2023-03-21T14:32:12","date_gmt":"2023-03-21T11:32:12","guid":{"rendered":"https:\/\/insize.com.tr\/?post_type=product&#038;p=5549"},"modified":"2026-03-04T14:44:54","modified_gmt":"2026-03-04T11:44:54","slug":"insize-ism-ct820-kesici-takim-olcum-cihazi","status":"publish","type":"product","link":"https:\/\/insize.com.tr\/en\/product\/insize-ism-ct820-kesici-takim-olcum-cihazi\/","title":{"rendered":"Insize ISM-CT820 Kesici Tak\u0131m \u00d6l\u00e7\u00fcm Cihaz\u0131"},"content":{"rendered":"","protected":false},"excerpt":{"rendered":"<ul>\n<li>B\u00f6l\u00fcnm\u00fc\u015f ekran tasar\u0131m\u0131, ba\u011f\u0131ms\u0131z olarak \u00e7al\u0131\u015ft\u0131rma\u00a0 ve uzakla\u015ft\u0131rma fonksiyonu.<\/li>\n<li>Bir mouse iki kameray\u0131 \u00e7al\u0131\u015ft\u0131rabilir.<\/li>\n<li>Parlakl\u0131k, konstrast oran\u0131, beyaz dengesi ayarlanabilir.<\/li>\n<li>Noktadan noktaya, noktadan \u00e7izgiye, \u00e7izgiden \u00e7izgiye, a\u00e7\u0131, \u00fc\u00e7 noktal\u0131 daire vb. dahil olmak \u00fczere temel \u00f6l\u00e7\u00fcm ara\u00e7lar\u0131.<\/li>\n<li><a href=\"https:\/\/insize.com.tr\/wp-content\/uploads\/2026\/02\/ISM-CT820.pdf\"><strong>Pdf i\u00e7in t\u0131klay\u0131n\u0131z.<\/strong><\/a><\/li>\n<li><a href=\"https:\/\/insize.com.tr\/wp-content\/uploads\/2026\/03\/ISM-CT820-E-V1.pdf\"><strong>Kullan\u0131m K\u0131lavuzu<\/strong><\/a><\/li>\n<\/ul>","protected":false},"featured_media":5551,"comment_status":"open","ping_status":"closed","template":"","meta":{"inline_featured_image":false},"product_brand":[],"product_cat":[31,564,551],"product_tag":[],"class_list":{"0":"post-5549","1":"product","2":"type-product","3":"status-publish","4":"has-post-thumbnail","6":"product_cat-goruntu-olcum-sistemleri","7":"product_cat-numune-ve-on-hazirlik-cihazlari-test-cihazlari","8":"product_cat-test-cihazlari","10":"first","11":"instock","12":"shipping-taxable","13":"purchasable","14":"product-type-simple"},"_links":{"self":[{"href":"https:\/\/insize.com.tr\/en\/wp-json\/wp\/v2\/product\/5549","targetHints":{"allow":["GET"]}}],"collection":[{"href":"https:\/\/insize.com.tr\/en\/wp-json\/wp\/v2\/product"}],"about":[{"href":"https:\/\/insize.com.tr\/en\/wp-json\/wp\/v2\/types\/product"}],"replies":[{"embeddable":true,"href":"https:\/\/insize.com.tr\/en\/wp-json\/wp\/v2\/comments?post=5549"}],"wp:featuredmedia":[{"embeddable":true,"href":"https:\/\/insize.com.tr\/en\/wp-json\/wp\/v2\/media\/5551"}],"wp:attachment":[{"href":"https:\/\/insize.com.tr\/en\/wp-json\/wp\/v2\/media?parent=5549"}],"wp:term":[{"taxonomy":"product_brand","embeddable":true,"href":"https:\/\/insize.com.tr\/en\/wp-json\/wp\/v2\/product_brand?post=5549"},{"taxonomy":"product_cat","embeddable":true,"href":"https:\/\/insize.com.tr\/en\/wp-json\/wp\/v2\/product_cat?post=5549"},{"taxonomy":"product_tag","embeddable":true,"href":"https:\/\/insize.com.tr\/en\/wp-json\/wp\/v2\/product_tag?post=5549"}],"curies":[{"name":"wp","href":"https:\/\/api.w.org\/{rel}","templated":true}]}}