{"id":5626,"date":"2023-03-31T14:42:33","date_gmt":"2023-03-31T11:42:33","guid":{"rendered":"https:\/\/insize.com.tr\/?post_type=product&#038;p=5626"},"modified":"2026-04-21T16:30:14","modified_gmt":"2026-04-21T13:30:14","slug":"insize-utm-h-serisi-hidrolik-universal-test-makinesi","status":"publish","type":"product","link":"https:\/\/insize.com.tr\/en\/product\/insize-utm-h-serisi-hidrolik-universal-test-makinesi\/","title":{"rendered":"Insize UTM-H Serisi Hidrolik Universal Test Makinesi"},"content":{"rendered":"<ul>\n<li>Metal, \u00e7elik tel, fiber, tekstil, plastik, kau\u00e7uk, ka\u011f\u0131t, s\u00fcnger gibi malzemelerin \u00e7ekme ,kopma ,germe, s\u0131k\u0131\u015ft\u0131rma gibi testlerinde kullan\u0131l\u0131r<\/li>\n<li>Basma test alan\u0131 alt k\u0131s\u0131mda, \u00e7ekme test alan\u0131 \u00fcst k\u0131s\u0131mda yer almaktad\u0131r<\/li>\n<li>Motor hareketi cihaza entegre kumanda ile yada dahili yaz\u0131m\u0131m \u00fczerinden yap\u0131labilmektedir<\/li>\n<li>\u00d6l\u00e7\u00fcm sonu\u00e7lar\u0131 yaz\u0131l\u0131m \u00fczerinden anl\u0131k kontrol edilebilir raporlanabilir<\/li>\n<li>Y\u00fck a\u015f\u0131m\u0131 korumas\u0131 ve y\u00fcksek hassasiyet grubu \u00a0\u00b1% 1<\/li>\n<li>Opsiyonel 2 farkl\u0131 koruma kafesi bulunmaktad\u0131r.<\/li>\n<\/ul>","protected":false},"excerpt":{"rendered":"<div class=\"product-short-description\">\n<ul>\n<li>Metal ve metal olmayan malzemelerin \u00e7ekme, basma, b\u00fckme, kesme, s\u0131yr\u0131lma, y\u0131rt\u0131lma testleri i\u00e7indir.<\/li>\n<li>\u00c7ift kolonlu, zemin tip<\/li>\n<li>Y\u00fck kontrol\u00fc Hidrolik sistem<\/li>\n<li>\u00c7ekme test uygulama alan\u0131 \u00fcst k\u0131s\u0131mda, basma test uygulama alan\u0131 alt k\u0131s\u0131mda<\/li>\n<li>Geni\u015f raporlama \u00f6zelli\u011fi<\/li>\n<li>Bilgisayar, yaz\u0131l\u0131m, yaz\u0131c\u0131 dahil<\/li>\n<li>Gerdirme fikst\u00fcrleri (D\u00fcz ve V yatakl\u0131), S\u0131k\u0131\u015ft\u0131rma fikst\u00fcr\u00fc dahil<\/li>\n<li>5 farkl\u0131 model ile (300 \u2013 600 -1000 \u2013 2000 \u2013 3000kN) y\u00fck se\u00e7enekleri<\/li>\n<li><a href=\"https:\/\/insize.com.tr\/wp-content\/uploads\/2026\/02\/UTM-H.pdf\"><strong>Pdf i\u00e7in t\u0131klay\u0131n\u0131z.<\/strong><\/a><\/li>\n<\/ul><\/div>\n<div class=\"add-to-cart-container form-normal is-normal\"><\/div>\n<div class=\"product_meta\"><span class=\"sku_wrapper\">Stok kodu: <span class=\"sku\">UTM-H<\/span><\/span><\/div>","protected":false},"featured_media":5628,"comment_status":"open","ping_status":"closed","template":"","meta":{"inline_featured_image":false},"product_brand":[],"product_cat":[41],"product_tag":[],"class_list":{"0":"post-5626","1":"product","2":"type-product","3":"status-publish","4":"has-post-thumbnail","6":"product_cat-mukavemet-ve-evrensel-test-cihazlari","8":"first","9":"instock","10":"shipping-taxable","11":"purchasable","12":"product-type-simple"},"_links":{"self":[{"href":"https:\/\/insize.com.tr\/en\/wp-json\/wp\/v2\/product\/5626","targetHints":{"allow":["GET"]}}],"collection":[{"href":"https:\/\/insize.com.tr\/en\/wp-json\/wp\/v2\/product"}],"about":[{"href":"https:\/\/insize.com.tr\/en\/wp-json\/wp\/v2\/types\/product"}],"replies":[{"embeddable":true,"href":"https:\/\/insize.com.tr\/en\/wp-json\/wp\/v2\/comments?post=5626"}],"wp:featuredmedia":[{"embeddable":true,"href":"https:\/\/insize.com.tr\/en\/wp-json\/wp\/v2\/media\/5628"}],"wp:attachment":[{"href":"https:\/\/insize.com.tr\/en\/wp-json\/wp\/v2\/media?parent=5626"}],"wp:term":[{"taxonomy":"product_brand","embeddable":true,"href":"https:\/\/insize.com.tr\/en\/wp-json\/wp\/v2\/product_brand?post=5626"},{"taxonomy":"product_cat","embeddable":true,"href":"https:\/\/insize.com.tr\/en\/wp-json\/wp\/v2\/product_cat?post=5626"},{"taxonomy":"product_tag","embeddable":true,"href":"https:\/\/insize.com.tr\/en\/wp-json\/wp\/v2\/product_tag?post=5626"}],"curies":[{"name":"wp","href":"https:\/\/api.w.org\/{rel}","templated":true}]}}