{"id":5750,"date":"2023-05-05T10:30:25","date_gmt":"2023-05-05T07:30:25","guid":{"rendered":"https:\/\/insize.com.tr\/?post_type=product&#038;p=5750"},"modified":"2026-04-20T17:05:41","modified_gmt":"2026-04-20T14:05:41","slug":"insize-1151-cift-stun-dijital-mihengir","status":"publish","type":"product","link":"https:\/\/insize.com.tr\/en\/product\/insize-1151-cift-stun-dijital-mihengir\/","title":{"rendered":"Insize 1151 \u00c7ift S\u00fctunlu Dijital Mihengirler"},"content":{"rendered":"","protected":false},"excerpt":{"rendered":"<ul>\n<li>\u00c7\u00f6z\u00fcn\u00fcrl\u00fck: 0.01mm\/0.001\u2033<\/li>\n<li>Tu\u015flar: on\/off, zero, mm\/inch, ABS\/INC, s\u0131f\u0131rlama +, s\u0131f\u0131rlama -, set<\/li>\n<li>ABS\/INC tus\u0327u mutlak (sayarak) \u00f6l\u00e7\u00fcmler i\u00e7indir<\/li>\n<li>Karb\u00fcr u\u00e7lu \u00e7izici<\/li>\n<li>Paslanmaz \u00e7elikten yap\u0131l\u0131r (Taban hari\u00e7)<\/li>\n<li>CR2032 Pil ile \u00e7al\u0131\u015f\u0131r<\/li>\n<li>Bilgi \u00e7\u0131k\u0131\u015f\u0131<\/li>\n<li>Makaral\u0131 kullan\u0131m<\/li>\n<li>Opsiyonel aksesuar: kablosuz verici kod 7315-1151 (al\u0131c\u0131 gereklidir), a\u00e7\u0131 \u00f6l\u00e7er i\u00e7in ba\u011flama aparat\u0131 (kod 2372-CLAMP)<\/li>\n<li><a href=\"https:\/\/insize.com.tr\/wp-content\/uploads\/2026\/04\/1151.pdf\"><strong>Pdf i\u00e7in t\u0131klay\u0131n\u0131z.<\/strong><\/a><\/li>\n<li><a href=\"https:\/\/insize.com.tr\/wp-content\/uploads\/2026\/03\/1151-E-V3.pdf\"><strong>Kullan\u0131m K\u0131lavuzu<\/strong><\/a><\/li>\n<\/ul>","protected":false},"featured_media":5751,"comment_status":"open","ping_status":"closed","template":"","meta":{"inline_featured_image":false},"product_brand":[],"product_cat":[30],"product_tag":[],"class_list":{"0":"post-5750","1":"product","2":"type-product","3":"status-publish","4":"has-post-thumbnail","6":"product_cat-mihengirler","8":"first","9":"instock","10":"shipping-taxable","11":"purchasable","12":"product-type-variable"},"_links":{"self":[{"href":"https:\/\/insize.com.tr\/en\/wp-json\/wp\/v2\/product\/5750","targetHints":{"allow":["GET"]}}],"collection":[{"href":"https:\/\/insize.com.tr\/en\/wp-json\/wp\/v2\/product"}],"about":[{"href":"https:\/\/insize.com.tr\/en\/wp-json\/wp\/v2\/types\/product"}],"replies":[{"embeddable":true,"href":"https:\/\/insize.com.tr\/en\/wp-json\/wp\/v2\/comments?post=5750"}],"wp:featuredmedia":[{"embeddable":true,"href":"https:\/\/insize.com.tr\/en\/wp-json\/wp\/v2\/media\/5751"}],"wp:attachment":[{"href":"https:\/\/insize.com.tr\/en\/wp-json\/wp\/v2\/media?parent=5750"}],"wp:term":[{"taxonomy":"product_brand","embeddable":true,"href":"https:\/\/insize.com.tr\/en\/wp-json\/wp\/v2\/product_brand?post=5750"},{"taxonomy":"product_cat","embeddable":true,"href":"https:\/\/insize.com.tr\/en\/wp-json\/wp\/v2\/product_cat?post=5750"},{"taxonomy":"product_tag","embeddable":true,"href":"https:\/\/insize.com.tr\/en\/wp-json\/wp\/v2\/product_tag?post=5750"}],"curies":[{"name":"wp","href":"https:\/\/api.w.org\/{rel}","templated":true}]}}