{"id":5872,"date":"2023-06-05T09:40:26","date_gmt":"2023-06-05T06:40:26","guid":{"rendered":"https:\/\/insize.com.tr\/?post_type=product&#038;p=5872"},"modified":"2026-04-20T17:06:09","modified_gmt":"2026-04-20T14:06:09","slug":"insize-7130-dijital-lienar-skala","status":"publish","type":"product","link":"https:\/\/insize.com.tr\/en\/product\/insize-7130-dijital-lienar-skala\/","title":{"rendered":"Insize 7130 Dijital Lienar Skala"},"content":{"rendered":"","protected":false},"excerpt":{"rendered":"<ul>\n<li>\u00d6l\u00e7ek tipi: Optik \u0131zgara<\/li>\n<li>Mutlak kodlay\u0131c\u0131, orjinal veriler g\u00fc\u00e7 kapat\u0131ld\u0131ktan sonra haf\u0131zada kal\u0131r.<\/li>\n<li>Dijital sinyal \u00e7\u0131k\u0131\u015f\u0131, amplifikat\u00f6r gerekli de\u011fildir.<\/li>\n<li>\u00d6l\u00e7\u00fcm kuvveti: &lt;1.5N<\/li>\n<li>Toz\/su ge\u00e7irmez: IP43\/IP66<\/li>\n<li>Baud h\u0131z\u0131: 9600 (\u00d6zelle\u015ftirilebilir.)<\/li>\n<li>Kablo uzunlu\u011fu:3 metre<\/li>\n<li><a href=\"https:\/\/insize.com.tr\/wp-content\/uploads\/2023\/06\/7130.pdf\"><strong>Pdf i\u00e7in t\u0131klay\u0131n\u0131z.<\/strong><\/a><\/li>\n<li><a href=\"https:\/\/insize.com.tr\/wp-content\/uploads\/2026\/03\/7130-E-V4.pdf\"><strong>Kullan\u0131m K\u0131lavuzu<\/strong><\/a><\/li>\n<\/ul>","protected":false},"featured_media":5873,"comment_status":"open","ping_status":"closed","template":"","meta":{"inline_featured_image":false},"product_brand":[],"product_cat":[42,24,550,551],"product_tag":[],"class_list":{"0":"post-5872","1":"product","2":"type-product","3":"status-publish","4":"has-post-thumbnail","6":"product_cat-dogrusal-skala","7":"product_cat-komparatorler","8":"product_cat-standart-olcu-aletleri","9":"product_cat-test-cihazlari","11":"first","12":"instock","13":"shipping-taxable","14":"purchasable","15":"product-type-simple"},"_links":{"self":[{"href":"https:\/\/insize.com.tr\/en\/wp-json\/wp\/v2\/product\/5872","targetHints":{"allow":["GET"]}}],"collection":[{"href":"https:\/\/insize.com.tr\/en\/wp-json\/wp\/v2\/product"}],"about":[{"href":"https:\/\/insize.com.tr\/en\/wp-json\/wp\/v2\/types\/product"}],"replies":[{"embeddable":true,"href":"https:\/\/insize.com.tr\/en\/wp-json\/wp\/v2\/comments?post=5872"}],"wp:featuredmedia":[{"embeddable":true,"href":"https:\/\/insize.com.tr\/en\/wp-json\/wp\/v2\/media\/5873"}],"wp:attachment":[{"href":"https:\/\/insize.com.tr\/en\/wp-json\/wp\/v2\/media?parent=5872"}],"wp:term":[{"taxonomy":"product_brand","embeddable":true,"href":"https:\/\/insize.com.tr\/en\/wp-json\/wp\/v2\/product_brand?post=5872"},{"taxonomy":"product_cat","embeddable":true,"href":"https:\/\/insize.com.tr\/en\/wp-json\/wp\/v2\/product_cat?post=5872"},{"taxonomy":"product_tag","embeddable":true,"href":"https:\/\/insize.com.tr\/en\/wp-json\/wp\/v2\/product_tag?post=5872"}],"curies":[{"name":"wp","href":"https:\/\/api.w.org\/{rel}","templated":true}]}}