{"id":5894,"date":"2023-06-05T14:57:12","date_gmt":"2023-06-05T11:57:12","guid":{"rendered":"https:\/\/insize.com.tr\/?post_type=product&#038;p=5894"},"modified":"2026-04-21T10:42:06","modified_gmt":"2026-04-21T07:42:06","slug":"insize-0314-genis-ekran-sicaklik-ve-nem-olcer","status":"publish","type":"product","link":"https:\/\/insize.com.tr\/en\/product\/insize-0314-genis-ekran-sicaklik-ve-nem-olcer\/","title":{"rendered":"Insize 0314 Geni\u015f Ekran S\u0131cakl\u0131k ve Nem \u00d6l\u00e7er"},"content":{"rendered":"<p><img loading=\"lazy\" decoding=\"async\" class=\"size-full wp-image-5895 aligncenter\" src=\"https:\/\/insize.com.tr\/wp-content\/uploads\/2023\/06\/Resim2.png\" alt=\"\" width=\"816\" height=\"684\" title=\"\" srcset=\"https:\/\/insize.com.tr\/wp-content\/uploads\/2023\/06\/Resim2.png 816w, https:\/\/insize.com.tr\/wp-content\/uploads\/2023\/06\/Resim2-300x251.png 300w, https:\/\/insize.com.tr\/wp-content\/uploads\/2023\/06\/Resim2-768x644.png 768w\" sizes=\"auto, (max-width: 816px) 100vw, 816px\" \/><\/p>","protected":false},"excerpt":{"rendered":"<ul>\n<li>Y\u00fcksek \u00e7\u00f6z\u00fcn\u00fcrl\u00fckl\u00fc LED geni\u015f ekran,<\/li>\n<li>S\u0131cakl\u0131k, nem , s\u00fcre ve limit a\u015f\u0131m\u0131 alarm\u0131<\/li>\n<li>Sesl alarm; basamakl\u0131\/\u0131\u015f\u0131kl\u0131 fla\u015f alarm\u0131<\/li>\n<li>Kurulum:duvara monte veya hlka tipi<\/li>\n<li><a href=\"https:\/\/insize.com.tr\/wp-content\/uploads\/2026\/02\/0314.pdf\"><strong>Pdf i\u00e7in t\u0131klay\u0131n\u0131z.<\/strong><\/a><\/li>\n<\/ul>","protected":false},"featured_media":5896,"comment_status":"open","ping_status":"closed","template":"","meta":{"inline_featured_image":false},"product_brand":[],"product_cat":[34,56,551],"product_tag":[],"class_list":{"0":"post-5894","1":"product","2":"type-product","3":"status-publish","4":"has-post-thumbnail","6":"product_cat-tasinabilir-cihazlar","7":"product_cat-sicaklik-ve-nem-olcer","8":"product_cat-test-cihazlari","10":"first","11":"instock","12":"shipping-taxable","13":"purchasable","14":"product-type-variable"},"_links":{"self":[{"href":"https:\/\/insize.com.tr\/en\/wp-json\/wp\/v2\/product\/5894","targetHints":{"allow":["GET"]}}],"collection":[{"href":"https:\/\/insize.com.tr\/en\/wp-json\/wp\/v2\/product"}],"about":[{"href":"https:\/\/insize.com.tr\/en\/wp-json\/wp\/v2\/types\/product"}],"replies":[{"embeddable":true,"href":"https:\/\/insize.com.tr\/en\/wp-json\/wp\/v2\/comments?post=5894"}],"wp:featuredmedia":[{"embeddable":true,"href":"https:\/\/insize.com.tr\/en\/wp-json\/wp\/v2\/media\/5896"}],"wp:attachment":[{"href":"https:\/\/insize.com.tr\/en\/wp-json\/wp\/v2\/media?parent=5894"}],"wp:term":[{"taxonomy":"product_brand","embeddable":true,"href":"https:\/\/insize.com.tr\/en\/wp-json\/wp\/v2\/product_brand?post=5894"},{"taxonomy":"product_cat","embeddable":true,"href":"https:\/\/insize.com.tr\/en\/wp-json\/wp\/v2\/product_cat?post=5894"},{"taxonomy":"product_tag","embeddable":true,"href":"https:\/\/insize.com.tr\/en\/wp-json\/wp\/v2\/product_tag?post=5894"}],"curies":[{"name":"wp","href":"https:\/\/api.w.org\/{rel}","templated":true}]}}