{"id":6013,"date":"2023-07-10T11:24:41","date_gmt":"2023-07-10T08:24:41","guid":{"rendered":"https:\/\/insize.com.tr\/?post_type=product&#038;p=6013"},"modified":"2026-03-04T14:45:50","modified_gmt":"2026-03-04T11:45:50","slug":"insize-0215-a900-kizilotesi-termometre","status":"publish","type":"product","link":"https:\/\/insize.com.tr\/en\/product\/insize-0215-a900-kizilotesi-termometre\/","title":{"rendered":"Insize 0215-A900 K\u0131z\u0131l\u00f6tesi Termometre"},"content":{"rendered":"","protected":false},"excerpt":{"rendered":"<ul>\n<li>Hava s\u0131cakl\u0131\u011f\u0131, \u00e7i\u011f s\u0131cakl\u0131\u011f\u0131 ve nem alg\u0131lama<\/li>\n<li>Birim: C, \u00b0F<\/li>\n<li>Dairesel lazer at\u0131\u015f<\/li>\n<li>Ekran arka \u0131\u015f\u0131\u011f\u0131<\/li>\n<li>Otomatik kapanma<\/li>\n<li>Otomatik veri tutma<\/li>\n<li>Ayarlanabilir emisyon<\/li>\n<li>Y\u00fcksek ve d\u00fc\u015f\u00fck alarm<\/li>\n<li><a href=\"https:\/\/insize.com.tr\/wp-content\/uploads\/2026\/02\/0215-A900.pdf\"><strong>Pdf i\u00e7in t\u0131klay\u0131n\u0131z.<\/strong><\/a><\/li>\n<li><a href=\"https:\/\/insize.com.tr\/wp-content\/uploads\/2026\/03\/0215-A900-E-V0.pdf\"><strong>Kullan\u0131m K\u0131lavuzu<\/strong><\/a><\/li>\n<\/ul>","protected":false},"featured_media":6014,"comment_status":"open","ping_status":"closed","template":"","meta":{"inline_featured_image":false},"product_brand":[],"product_cat":[543,34,56,551],"product_tag":[],"class_list":{"0":"post-6013","1":"product","2":"type-product","3":"status-publish","4":"has-post-thumbnail","6":"product_cat-hata-tespit-cihazlari","7":"product_cat-tasinabilir-cihazlar","8":"product_cat-sicaklik-ve-nem-olcer","9":"product_cat-test-cihazlari","11":"first","12":"instock","13":"shipping-taxable","14":"purchasable","15":"product-type-simple"},"_links":{"self":[{"href":"https:\/\/insize.com.tr\/en\/wp-json\/wp\/v2\/product\/6013","targetHints":{"allow":["GET"]}}],"collection":[{"href":"https:\/\/insize.com.tr\/en\/wp-json\/wp\/v2\/product"}],"about":[{"href":"https:\/\/insize.com.tr\/en\/wp-json\/wp\/v2\/types\/product"}],"replies":[{"embeddable":true,"href":"https:\/\/insize.com.tr\/en\/wp-json\/wp\/v2\/comments?post=6013"}],"wp:featuredmedia":[{"embeddable":true,"href":"https:\/\/insize.com.tr\/en\/wp-json\/wp\/v2\/media\/6014"}],"wp:attachment":[{"href":"https:\/\/insize.com.tr\/en\/wp-json\/wp\/v2\/media?parent=6013"}],"wp:term":[{"taxonomy":"product_brand","embeddable":true,"href":"https:\/\/insize.com.tr\/en\/wp-json\/wp\/v2\/product_brand?post=6013"},{"taxonomy":"product_cat","embeddable":true,"href":"https:\/\/insize.com.tr\/en\/wp-json\/wp\/v2\/product_cat?post=6013"},{"taxonomy":"product_tag","embeddable":true,"href":"https:\/\/insize.com.tr\/en\/wp-json\/wp\/v2\/product_tag?post=6013"}],"curies":[{"name":"wp","href":"https:\/\/api.w.org\/{rel}","templated":true}]}}